{"id":163,"date":"2018-10-04T23:12:02","date_gmt":"2018-10-04T21:12:02","guid":{"rendered":"https:\/\/von-koerber.de\/?page_id=163"},"modified":"2021-07-17T20:15:55","modified_gmt":"2021-07-17T18:15:55","slug":"datenschutzerklaerung","status":"publish","type":"page","link":"https:\/\/von-koerber.de\/es\/politica-de-privacidad\/","title":{"rendered":"Pol\u00edtica de privacidad"},"content":{"rendered":"\n<p class=\"wp-block-paragraph\">En esta pol\u00edtica de privacidad le informamos sobre el procesamiento de datos personales al utilizar este sitio web.<\/p>\n\n\n\n<h4 class=\"wp-block-themeisle-blocks-advanced-heading wp-block-themeisle-blocks-advanced-heading-bd2fb6c4 wp-block-heading\" id=\"wp-block-themeisle-blocks-advanced-heading-bd2fb6c4\"><strong>Responsable<\/strong><\/h4>\n\n\n\n<p class=\"wp-block-paragraph\">El responsable del procesamiento de datos es<br><em>Giv von Koerber, Ehreshover Str. 10, 50735 K\u00f6ln, Deutschland, <em>info (at)<\/em> monchi-zadeh.de<\/em><\/p>\n\n\n\n<h4 class=\"wp-block-themeisle-blocks-advanced-heading wp-block-themeisle-blocks-advanced-heading-35de9e7f wp-block-heading\" id=\"wp-block-themeisle-blocks-advanced-heading-35de9e7f\"><strong>Datos personales<\/strong><\/h4>\n\n\n\n<p class=\"wp-block-paragraph\">Por datos personales se entiende toda informaci\u00f3n relativa a una persona f\u00edsica identificada o identificable (en lo sucesivo, &#8220;el interesado&#8221;). Una persona f\u00edsica identificable es aquella que puede ser identificada, directa o indirectamente, en particular por referencia a un identificador como un nombre, un n\u00famero de identificaci\u00f3n, datos de localizaci\u00f3n, un identificador en l\u00ednea o uno o m\u00e1s factores espec\u00edficos de la identidad f\u00edsica, fisiol\u00f3gica, gen\u00e9tica, mental, econ\u00f3mica, cultural o social de esa persona f\u00edsica.<\/p>\n\n\n\n<h4 class=\"wp-block-themeisle-blocks-advanced-heading wp-block-themeisle-blocks-advanced-heading-482fa0cb wp-block-heading\" id=\"wp-block-themeisle-blocks-advanced-heading-482fa0cb\"><strong>Los datos al llamar al sitio web<\/strong><\/h4>\n\n\n\n<p class=\"wp-block-paragraph\">Si s\u00f3lo utiliza este sitio web para obtener informaci\u00f3n y no proporciona ning\u00fan dato, s\u00f3lo procesaremos los datos necesarios para mostrar el sitio web en el dispositivo habilitado para Internet que utilice. Estos son en particular:<\/p>\n\n\n\n<ul class=\"wp-block-list\"><li>Direcci\u00f3n IP<\/li><li>Fecha y hora de la solicitud<\/li><li>Cantidad de datos transferidos en cada caso<\/li><li>el sitio web del que procede la solicitud<\/li><li>Tipo y versi\u00f3n del navegador<\/li><li>Sistema operativo<\/li><\/ul>\n\n\n\n<p class=\"wp-block-paragraph\">El fundamento jur\u00eddico para el tratamiento de estos datos son los intereses leg\u00edtimos de conformidad con el art\u00edculo 6, apartado 1, letra f) del UAbs. 1 de la DSGVO, a fin de hacer posible, en principio, la presentaci\u00f3n del sitio web.<\/p>\n\n\n\n<p class=\"wp-block-paragraph\">Adem\u00e1s, puede utilizar diversos servicios del sitio web en los que se procesan otros datos personales y no personales.<\/p>\n\n\n\n<h4 class=\"wp-block-themeisle-blocks-advanced-heading wp-block-themeisle-blocks-advanced-heading-bd74d838 wp-block-heading\" id=\"wp-block-themeisle-blocks-advanced-heading-bd74d838\"><strong>Sus derechos<\/strong><\/h4>\n\n\n\n<p class=\"wp-block-paragraph\">Como sujeto de datos, tienes los siguientes derechos:<\/p>\n\n\n\n<ul class=\"wp-block-list\"><li>Tiene derecho a acceder a los datos personales que le conciernen y que son procesados por la persona responsable (Art. 15 DSGVO),<\/li><li>Tiene derecho a que se corrijan los datos que le conciernen si son incorrectos o incompletos (Art. 16 DSGVO),<\/li><li>Tiene el derecho de cancelaci\u00f3n (Art. 17 DSGVO),<\/li><li>Tiene derecho a solicitar que se restrinja el tratamiento de sus datos personales (Art. 18 DSGVO),<\/li><li>Tienen derecho a la transferibilidad de los datos (Art. 20 DSGVO),<\/li><li>Tiene derecho a oponerse al tratamiento de los datos personales que le conciernen (Art. 21 DSGVO),<\/li><li>Tiene derecho a no ser objeto de una decisi\u00f3n basada \u00fanicamente en un tratamiento automatizado -incluida la elaboraci\u00f3n de perfiles- que tenga efectos jur\u00eddicos frente a usted o que le afecte significativamente de forma similar (art. 22 de la DSGVO),<\/li><li>Tiene derecho a quejarse a la autoridad de supervisi\u00f3n competente si sospecha que se ha violado la ley de protecci\u00f3n de datos (Art. 77 DSGVO). La autoridad de supervisi\u00f3n de su lugar de residencia habitual, su lugar de trabajo o el lugar de la presunta infracci\u00f3n es competente.<\/li><\/ul>\n\n\n\n<h4 class=\"wp-block-themeisle-blocks-advanced-heading wp-block-themeisle-blocks-advanced-heading-562bea07 wp-block-heading\" id=\"wp-block-themeisle-blocks-advanced-heading-562bea07\"><strong>Uso de cookies<\/strong><\/h4>\n\n\n\n<p class=\"wp-block-paragraph\">Cuando visita el sitio web, las cookies pueden ser almacenadas en su dispositivo. Las cookies son peque\u00f1os archivos de texto que son almacenados por el navegador que utiliza. Las cookies no pueden ejecutar programas ni transmitir virus a su dispositivo. Sin embargo, la parte que establece la cookie puede recibir cierta informaci\u00f3n sobre ella. Las cookies se utilizan para que la oferta de Internet sea m\u00e1s f\u00e1cil de usar. Las cookies pueden utilizarse, por ejemplo, para identificar el dispositivo con el que se ha llamado a este sitio web cuando se vuelve a llamar.<\/p>\n\n\n\n<p class=\"wp-block-paragraph\">La configuraci\u00f3n del navegador puede utilizarse para restringir o evitar la instalaci\u00f3n de cookies. Por ejemplo, s\u00f3lo se puede bloquear la aceptaci\u00f3n de cookies de terceros o la aceptaci\u00f3n de todas las cookies. Sin embargo, al bloquear las cookies, es posible que ya no pueda utilizar todas las funciones de este sitio web. En el resto del texto de esta declaraci\u00f3n de protecci\u00f3n de datos le informaremos espec\u00edficamente en qu\u00e9 puntos y para qu\u00e9 fines se utilizan las cookies en las p\u00e1ginas.<\/p>\n\n\n\n<p class=\"wp-block-paragraph\">Fuente: <a href=\"https:\/\/www.anwalt.de\/vorlage\/muster-datenschutzerklaerung.php\">Muster-Datenschutzerkl\u00e4rung von anwalt.de<\/a><\/p>\n","protected":false},"excerpt":{"rendered":"<p>En esta pol\u00edtica de privacidad le informamos sobre el procesamiento de datos personales al utilizar este sitio web. Responsable El responsable del procesamiento de datos esGiv von Koerber, Ehreshover Str. 10, 50735 K\u00f6ln, Deutschland, info (at) monchi-zadeh.de Datos personales Por <span class=\"excerpt-dots\">&hellip;<\/span> <a class=\"more-link\" href=\"https:\/\/von-koerber.de\/es\/politica-de-privacidad\/\"><span class=\"more-msg\">Continue reading &rarr;<\/span><\/a><\/p>\n","protected":false},"author":1,"featured_media":0,"parent":0,"menu_order":0,"comment_status":"closed","ping_status":"closed","template":"","meta":{"_crdt_document":"","footnotes":""},"folder":[],"class_list":["post-163","page","type-page","status-publish","hentry"],"translation":{"provider":"WPGlobus","version":"3.0.2","language":"es","enabled_languages":["de","es","en","fr"],"languages":{"de":{"title":true,"content":true,"excerpt":false},"es":{"title":true,"content":true,"excerpt":false},"en":{"title":true,"content":true,"excerpt":false},"fr":{"title":true,"content":true,"excerpt":false}}},"_links":{"self":[{"href":"https:\/\/von-koerber.de\/es\/wp-json\/wp\/v2\/pages\/163","targetHints":{"allow":["GET"]}}],"collection":[{"href":"https:\/\/von-koerber.de\/es\/wp-json\/wp\/v2\/pages"}],"about":[{"href":"https:\/\/von-koerber.de\/es\/wp-json\/wp\/v2\/types\/page"}],"author":[{"embeddable":true,"href":"https:\/\/von-koerber.de\/es\/wp-json\/wp\/v2\/users\/1"}],"replies":[{"embeddable":true,"href":"https:\/\/von-koerber.de\/es\/wp-json\/wp\/v2\/comments?post=163"}],"version-history":[{"count":0,"href":"https:\/\/von-koerber.de\/es\/wp-json\/wp\/v2\/pages\/163\/revisions"}],"wp:attachment":[{"href":"https:\/\/von-koerber.de\/es\/wp-json\/wp\/v2\/media?parent=163"}],"wp:term":[{"taxonomy":"folder","embeddable":true,"href":"https:\/\/von-koerber.de\/es\/wp-json\/wp\/v2\/folder?post=163"}],"curies":[{"name":"wp","href":"https:\/\/api.w.org\/{rel}","templated":true}]}}