{"id":2688,"date":"2021-07-03T12:39:59","date_gmt":"2021-07-03T10:39:59","guid":{"rendered":"https:\/\/von-koerber.de\/?page_id=2688"},"modified":"2021-08-07T20:19:59","modified_gmt":"2021-08-07T18:19:59","slug":"das-polo-spiel","status":"publish","type":"page","link":"https:\/\/von-koerber.de\/es\/lo-que-hay-que-saber\/jugadores-de-polo\/","title":{"rendered":"Jugadores de Polo"},"content":{"rendered":"\n<div class=\"wp-block-media-text alignwide is-stacked-on-mobile\"><figure class=\"wp-block-media-text__media\"><img loading=\"lazy\" decoding=\"async\" width=\"720\" height=\"880\" src=\"https:\/\/von-koerber.de\/wp-content\/uploads\/2020\/07\/m040-polospieler-ii.webp\" alt=\"Jugador de polo II\" class=\"wp-image-591 size-full\" srcset=\"https:\/\/von-koerber.de\/wp-content\/uploads\/2020\/07\/m040-polospieler-ii.webp 720w, https:\/\/von-koerber.de\/wp-content\/uploads\/2020\/07\/m040-polospieler-ii-245x300.webp 245w\" sizes=\"auto, (max-width: 720px) 100vw, 720px\" \/><\/figure><div class=\"wp-block-media-text__content\">\n<p class=\"has-medium-font-size wp-block-paragraph\"> &#8220;Los inicios del juego de polo (persa: tschoug\u0101n) se encuentran en Ir\u00e1n, Afganist\u00e1n, Cachemira y el norte de Pakist\u00e1n (Persia) alrededor del a\u00f1o 600 a.C. Con el tiempo, el juego se hizo cada vez m\u00e1s popular y con el tiempo se convirti\u00f3 en un deporte nacional. En los siglos XVI y XVII, por ejemplo, la plaza central de la antigua capital persa Isfahan se utilizaba regularmente como campo de juego. Aqu\u00ed el Shah vio el juego desde el balc\u00f3n del palacio de Ali-Qapu. Hay pruebas de tiempos anteriores de que el juego gozaba de gran popularidad entre ambos sexos y que tambi\u00e9n se jugaba en conjunto, por ejemplo en la corte sas\u00e1nida. Ya se pueden encontrar informes sobre este deporte en escenas de la mitolog\u00eda persa, por ejemplo en la \u00e9pica Schahnameh. En Afganist\u00e1n hay un deporte que est\u00e1 remotamente relacionado con el polo, el buzkashi. En el curso de la expansi\u00f3n isl\u00e1mica, el juego se extendi\u00f3 a Arabia y, bajo los emperadores mogoles, a la India&#8221;. (de: Wikipedia) <\/p>\n\n\n\n<p class=\"has-medium-font-size wp-block-paragraph\"> El juego conjunto de polo por hombres y mujeres en el per\u00edodo sas\u00e1nida tambi\u00e9n se aborda en el cuento de hadas <a href=\"https:\/\/von-koerber.de\/es\/persische-maerchen\/siawosch-und-homa\/\" data-type=\"URL\" data-id=\"https:\/\/von-koerber.de\/es\/persische-maerchen\/siawosch-und-homa\/\">&#8220;Siawosch y Homa&#8221;<\/a>. Akefeh Monch-Zadeh cuenta que su abuela aprendi\u00f3 a montar y manejar armas en su juventud y se burl\u00f3 de sus nietos cuando hicieron pr\u00e1cticas de tiro con las armas de su padre y les ense\u00f1\u00f3 a apuntar correctamente. <\/p>\n<\/div><\/div>\n","protected":false},"excerpt":{"rendered":"<p>&#8220;Los inicios del juego de polo (persa: tschoug\u0101n) se encuentran en Ir\u00e1n, Afganist\u00e1n, Cachemira y el norte de Pakist\u00e1n (Persia) alrededor del a\u00f1o 600 a.C. Con el tiempo, el juego se hizo cada vez m\u00e1s popular y con el tiempo <span class=\"excerpt-dots\">&hellip;<\/span> <a class=\"more-link\" href=\"https:\/\/von-koerber.de\/es\/lo-que-hay-que-saber\/jugadores-de-polo\/\"><span class=\"more-msg\">Continue reading &rarr;<\/span><\/a><\/p>\n","protected":false},"author":1,"featured_media":596,"parent":3256,"menu_order":0,"comment_status":"closed","ping_status":"closed","template":"","meta":{"_crdt_document":"","footnotes":""},"folder":[],"class_list":["post-2688","page","type-page","status-publish","has-post-thumbnail","hentry"],"translation":{"provider":"WPGlobus","version":"3.0.2","language":"es","enabled_languages":["de","es","en","fr"],"languages":{"de":{"title":true,"content":true,"excerpt":false},"es":{"title":true,"content":true,"excerpt":false},"en":{"title":true,"content":true,"excerpt":false},"fr":{"title":true,"content":true,"excerpt":false}}},"_links":{"self":[{"href":"https:\/\/von-koerber.de\/es\/wp-json\/wp\/v2\/pages\/2688","targetHints":{"allow":["GET"]}}],"collection":[{"href":"https:\/\/von-koerber.de\/es\/wp-json\/wp\/v2\/pages"}],"about":[{"href":"https:\/\/von-koerber.de\/es\/wp-json\/wp\/v2\/types\/page"}],"author":[{"embeddable":true,"href":"https:\/\/von-koerber.de\/es\/wp-json\/wp\/v2\/users\/1"}],"replies":[{"embeddable":true,"href":"https:\/\/von-koerber.de\/es\/wp-json\/wp\/v2\/comments?post=2688"}],"version-history":[{"count":0,"href":"https:\/\/von-koerber.de\/es\/wp-json\/wp\/v2\/pages\/2688\/revisions"}],"up":[{"embeddable":true,"href":"https:\/\/von-koerber.de\/es\/wp-json\/wp\/v2\/pages\/3256"}],"wp:featuredmedia":[{"embeddable":true,"href":"https:\/\/von-koerber.de\/es\/wp-json\/wp\/v2\/media\/596"}],"wp:attachment":[{"href":"https:\/\/von-koerber.de\/es\/wp-json\/wp\/v2\/media?parent=2688"}],"wp:term":[{"taxonomy":"folder","embeddable":true,"href":"https:\/\/von-koerber.de\/es\/wp-json\/wp\/v2\/folder?post=2688"}],"curies":[{"name":"wp","href":"https:\/\/api.w.org\/{rel}","templated":true}]}}