{"id":2824,"date":"2021-07-08T09:37:32","date_gmt":"2021-07-08T07:37:32","guid":{"rendered":"https:\/\/von-koerber.de\/?page_id=2824"},"modified":"2021-07-20T03:45:48","modified_gmt":"2021-07-20T01:45:48","slug":"badende-frauen","status":"publish","type":"page","link":"https:\/\/von-koerber.de\/es\/lo-que-hay-que-saber\/mujeres-banistas\/","title":{"rendered":"Mujeres ba\u00f1istas"},"content":{"rendered":"\n<div class=\"wp-block-media-text alignwide is-stacked-on-mobile\"><figure class=\"wp-block-media-text__media\"><img loading=\"lazy\" decoding=\"async\" width=\"1029\" height=\"1478\" src=\"https:\/\/von-koerber.de\/wp-content\/uploads\/2020\/07\/m011-miniatur-badende-frauen.webp\" alt=\"Miniatura persa: Mujeres ba\u00f1\u00e1ndose\" class=\"wp-image-568 size-full\" srcset=\"https:\/\/von-koerber.de\/wp-content\/uploads\/2020\/07\/m011-miniatur-badende-frauen.webp 1029w, https:\/\/von-koerber.de\/wp-content\/uploads\/2020\/07\/m011-miniatur-badende-frauen-209x300.webp 209w, https:\/\/von-koerber.de\/wp-content\/uploads\/2020\/07\/m011-miniatur-badende-frauen-713x1024.webp 713w, https:\/\/von-koerber.de\/wp-content\/uploads\/2020\/07\/m011-miniatur-badende-frauen-768x1103.webp 768w\" sizes=\"auto, (max-width: 1029px) 100vw, 1029px\" \/><\/figure><div class=\"wp-block-media-text__content\">\n<p class=\"has-medium-font-size wp-block-paragraph\">La miniatura &#8220;Mujeres ba\u00f1istas&#8221; se basa en una experiencia de la infancia de Akefeh Monchi-Zadeh. Cuando era peque\u00f1a fue llevada por las mujeres de su familia a una excursi\u00f3n a las monta\u00f1as al norte de Teher\u00e1n.<\/p>\n\n\n\n<p class=\"has-medium-font-size wp-block-paragraph\">El Valle de Darakeh sigue siendo un destino de excursi\u00f3n muy popular hoy en d\u00eda. Est\u00e1 atravesado por un arroyo glaciar, que lleva agua helada incluso en pleno verano. A la derecha y a la izquierda, el arroyo est\u00e1 encerrado por rocas escarpadas en las que el curso de agua se ha atrincherado.<\/p>\n\n\n\n<p class=\"has-medium-font-size wp-block-paragraph\">En varios lugares hay peque\u00f1os lagos y cascadas.<\/p>\n\n\n\n<p class=\"has-medium-font-size wp-block-paragraph\">Las mujeres cuelgan bufandas para protegerse de los ojos de otros excursionistas y se desnudan. De repente, Akefeh ve la cara de un extra\u00f1o hombre en una roca sobre los pa\u00f1os, que obviamente se complace en la inesperada visi\u00f3n. La insinuaci\u00f3n de Akefeh al voyeur hace que todas las mujeres junten r\u00e1pidamente sus ropas para cubrirse.<\/p>\n<\/div><\/div>\n\n\n\n<figure class=\"wp-block-video\"><video height=\"720\" style=\"aspect-ratio: 1280 \/ 720;\" width=\"1280\" controls src=\"https:\/\/von-koerber.de\/wp-content\/uploads\/2020\/08\/Badende-Frauen-1.webm\"><\/video><figcaption>Detalles de la miniatura <em>Mujeres ba\u00f1istas<\/em> de Akefeh von Koerber<\/figcaption><\/figure>\n\n\n\n<div class=\"wp-block-image\"><figure class=\"aligncenter size-large is-resized\"><a href=\"https:\/\/von-koerber.de\/wp-content\/uploads\/2020\/07\/1982-iran-darakeh-tal-wasserfall.webp\" target=\"_blank\" rel=\"noopener noreferrer\"><img loading=\"lazy\" decoding=\"async\" src=\"https:\/\/von-koerber.de\/wp-content\/uploads\/2020\/07\/1982-iran-darakeh-tal-wasserfall-664x1024.webp\" alt=\"\" class=\"wp-image-1179\" width=\"508\" height=\"780\"\/><\/a><figcaption>El valle de Darakeh en el norte de Teheran<\/figcaption><\/figure><\/div>\n","protected":false},"excerpt":{"rendered":"<p>La miniatura &#8220;Mujeres ba\u00f1istas&#8221; se basa en una experiencia de la infancia de Akefeh Monchi-Zadeh. Cuando era peque\u00f1a fue llevada por las mujeres de su familia a una excursi\u00f3n a las monta\u00f1as al norte de Teher\u00e1n. El Valle de Darakeh <span class=\"excerpt-dots\">&hellip;<\/span> <a class=\"more-link\" href=\"https:\/\/von-koerber.de\/es\/lo-que-hay-que-saber\/mujeres-banistas\/\"><span class=\"more-msg\">Continue reading &rarr;<\/span><\/a><\/p>\n","protected":false},"author":1,"featured_media":0,"parent":3256,"menu_order":0,"comment_status":"closed","ping_status":"closed","template":"","meta":{"_crdt_document":"","footnotes":""},"folder":[],"class_list":["post-2824","page","type-page","status-publish","hentry"],"translation":{"provider":"WPGlobus","version":"3.0.2","language":"es","enabled_languages":["de","es","en","fr"],"languages":{"de":{"title":true,"content":true,"excerpt":false},"es":{"title":true,"content":true,"excerpt":false},"en":{"title":true,"content":true,"excerpt":false},"fr":{"title":true,"content":true,"excerpt":false}}},"_links":{"self":[{"href":"https:\/\/von-koerber.de\/es\/wp-json\/wp\/v2\/pages\/2824","targetHints":{"allow":["GET"]}}],"collection":[{"href":"https:\/\/von-koerber.de\/es\/wp-json\/wp\/v2\/pages"}],"about":[{"href":"https:\/\/von-koerber.de\/es\/wp-json\/wp\/v2\/types\/page"}],"author":[{"embeddable":true,"href":"https:\/\/von-koerber.de\/es\/wp-json\/wp\/v2\/users\/1"}],"replies":[{"embeddable":true,"href":"https:\/\/von-koerber.de\/es\/wp-json\/wp\/v2\/comments?post=2824"}],"version-history":[{"count":0,"href":"https:\/\/von-koerber.de\/es\/wp-json\/wp\/v2\/pages\/2824\/revisions"}],"up":[{"embeddable":true,"href":"https:\/\/von-koerber.de\/es\/wp-json\/wp\/v2\/pages\/3256"}],"wp:attachment":[{"href":"https:\/\/von-koerber.de\/es\/wp-json\/wp\/v2\/media?parent=2824"}],"wp:term":[{"taxonomy":"folder","embeddable":true,"href":"https:\/\/von-koerber.de\/es\/wp-json\/wp\/v2\/folder?post=2824"}],"curies":[{"name":"wp","href":"https:\/\/api.w.org\/{rel}","templated":true}]}}