{"id":3256,"date":"2021-07-19T22:30:15","date_gmt":"2021-07-19T20:30:15","guid":{"rendered":"https:\/\/von-koerber.de\/?page_id=3256"},"modified":"2021-08-07T19:23:27","modified_gmt":"2021-08-07T17:23:27","slug":"fuer-neugierige","status":"publish","type":"page","link":"https:\/\/von-koerber.de\/es\/lo-que-hay-que-saber\/","title":{"rendered":"Lo que debe saber"},"content":{"rendered":"\n<p class=\"has-medium-font-size wp-block-paragraph\">\u00bfQuiere saber m\u00e1s sobre las miniaturas de Akefeh von Koerber? Muchas de las miniaturas hacen referencia a antiguas leyendas y cuentos iran\u00edes, otras est\u00e1n tomadas de las propias experiencias de la pintora. Adem\u00e1s, hay motivos cl\u00e1sicos de la pintura persa en miniatura.<\/p>\n\n\n\n<p class=\"has-medium-font-size wp-block-paragraph\">El Shaname, el &#8220;Libro de los Reyes&#8221; o &#8220;Libro del Gobernante&#8221; de Firdausi se basa en la rica tradici\u00f3n oral de leyendas y cuentos iran\u00edes, que contin\u00faa hasta nuestros d\u00edas. Muchos de los nombres que encontramos en esta obra de la literatura universal est\u00e1n relacionados con historias de la tradici\u00f3n oral, que permanecieron vivas, es decir, que tambi\u00e9n dieron lugar a nuevas historias. Akefeh von Koerber cre\u00f3 e ilustr\u00f3 ella misma algunas de las historias. En la pagina &#8220;Cuentos de hadas persas&#8221; puede encontrar tres de ellos, que fueron publicados en la revista cultural de la RDA &#8220;Das Magazin&#8221;.<\/p>\n\n\n\n<div class=\"wp-block-media-text alignwide is-stacked-on-mobile\"><figure class=\"wp-block-media-text__media\"><img loading=\"lazy\" decoding=\"async\" width=\"720\" height=\"880\" src=\"https:\/\/von-koerber.de\/wp-content\/uploads\/2020\/07\/m040-polospieler-ii.webp\" alt=\"Polospieler II\" class=\"wp-image-591 size-full\" srcset=\"https:\/\/von-koerber.de\/wp-content\/uploads\/2020\/07\/m040-polospieler-ii.webp 720w, https:\/\/von-koerber.de\/wp-content\/uploads\/2020\/07\/m040-polospieler-ii-245x300.webp 245w\" sizes=\"auto, (max-width: 720px) 100vw, 720px\" \/><\/figure><div class=\"wp-block-media-text__content\">\n<p class=\"has-large-font-size wp-block-paragraph\">El juego del polo se origin\u00f3 en Ir\u00e1n y lleg\u00f3 a Europa a trav\u00e9s de los romanos de la antig\u00fcedad y de los gobernantes coloniales brit\u00e1nicos en la India.<br><br><a href=\"https:\/\/von-koerber.de\/es\/lo-que-hay-que-saber\/jugadores-de-polo\/\">Seguir leyendo &#8230;<\/a><\/p>\n<\/div><\/div>\n\n\n\n<div class=\"wp-block-media-text alignwide is-stacked-on-mobile\"><figure class=\"wp-block-media-text__media\"><img loading=\"lazy\" decoding=\"async\" width=\"1029\" height=\"1478\" src=\"https:\/\/von-koerber.de\/wp-content\/uploads\/2020\/07\/m011-miniatur-badende-frauen.webp\" alt=\"Persische Miniatur: Badende Frauen\" class=\"wp-image-568 size-full\" srcset=\"https:\/\/von-koerber.de\/wp-content\/uploads\/2020\/07\/m011-miniatur-badende-frauen.webp 1029w, https:\/\/von-koerber.de\/wp-content\/uploads\/2020\/07\/m011-miniatur-badende-frauen-209x300.webp 209w, https:\/\/von-koerber.de\/wp-content\/uploads\/2020\/07\/m011-miniatur-badende-frauen-713x1024.webp 713w, https:\/\/von-koerber.de\/wp-content\/uploads\/2020\/07\/m011-miniatur-badende-frauen-768x1103.webp 768w\" sizes=\"auto, (max-width: 1029px) 100vw, 1029px\" \/><\/figure><div class=\"wp-block-media-text__content\">\n<p class=\"has-large-font-size wp-block-paragraph\">Una experiencia de la infancia por Akefeh von Koerber.<br><br><a href=\"https:\/\/von-koerber.de\/es\/lo-que-hay-que-saber\/mujeres-banistas\/\">Seguir leyendo &#8230;<\/a><\/p>\n<\/div><\/div>\n\n\n\n<div class=\"wp-block-media-text alignwide is-stacked-on-mobile\"><figure class=\"wp-block-media-text__media\"><img loading=\"lazy\" decoding=\"async\" width=\"856\" height=\"720\" src=\"https:\/\/von-koerber.de\/wp-content\/uploads\/2020\/07\/m007-brautwerbung.webp\" alt=\"Akefeh von Koerber: Cortejo, miniatura persa\" class=\"wp-image-583 size-full\" srcset=\"https:\/\/von-koerber.de\/wp-content\/uploads\/2020\/07\/m007-brautwerbung.webp 856w, https:\/\/von-koerber.de\/wp-content\/uploads\/2020\/07\/m007-brautwerbung-300x252.webp 300w, https:\/\/von-koerber.de\/wp-content\/uploads\/2020\/07\/m007-brautwerbung-768x646.webp 768w\" sizes=\"auto, (max-width: 856px) 100vw, 856px\" \/><\/figure><div class=\"wp-block-media-text__content\">\n<p class=\"has-large-font-size wp-block-paragraph\">Tres hombres compiten por us amada &#8230;<br><br><a href=\"https:\/\/von-koerber.de\/es\/lo-que-hay-que-saber\/cortejo\/\">Seguir leyendo &#8230;<\/a><\/p>\n<\/div><\/div>\n\n\n\n<p class=\"has-medium-font-size wp-block-paragraph\">\u00bfQuiere saber m\u00e1s sobre las miniaturas de Akefeh von Koerber? Muchas de las miniaturas hacen referencia a antiguas leyendas y cuentos iran\u00edes, otras est\u00e1n tomadas de las propias experiencias de la pintora. Adem\u00e1s, hay motivos cl\u00e1sicos de la pintura persa en miniatura.<\/p>\n\n\n\n<p class=\"has-medium-font-size wp-block-paragraph\">El Shaname, el &#8220;Libro de los Reyes&#8221; o &#8220;Libro del Gobernante&#8221; de Firdausi se basa en la rica tradici\u00f3n oral de leyendas y cuentos iran\u00edes, que contin\u00faa hasta nuestros d\u00edas. Muchos de los nombres que encontramos en esta obra de la literatura universal est\u00e1n relacionados con historias de la tradici\u00f3n oral, que permanecieron vivas, es decir, que tambi\u00e9n dieron lugar a nuevas historias. Akefeh von Koerber cre\u00f3 e ilustr\u00f3 ella misma algunas de las historias. En la pagina &#8220;Cuentos de hadas persas&#8221; puede encontrar tres de ellos, que fueron publicados en la revista cultural de la RDA &#8220;Das Magazin&#8221;.<\/p>\n\n\n\n<div class=\"wp-block-media-text alignwide is-stacked-on-mobile\"><figure class=\"wp-block-media-text__media\"><img loading=\"lazy\" decoding=\"async\" width=\"1024\" height=\"666\" src=\"https:\/\/von-koerber.de\/wp-content\/uploads\/2020\/07\/m013-schirin-u-khossrow-1024x666.webp\" alt=\"Schirin und Khossrow, persische Miniatur und Illustration eines persischen M\u00e4rchens\" class=\"wp-image-581 size-full\" srcset=\"https:\/\/von-koerber.de\/wp-content\/uploads\/2020\/07\/m013-schirin-u-khossrow-1024x666.webp 1024w, https:\/\/von-koerber.de\/wp-content\/uploads\/2020\/07\/m013-schirin-u-khossrow-300x195.webp 300w, https:\/\/von-koerber.de\/wp-content\/uploads\/2020\/07\/m013-schirin-u-khossrow-768x500.webp 768w, https:\/\/von-koerber.de\/wp-content\/uploads\/2020\/07\/m013-schirin-u-khossrow.webp 1107w\" sizes=\"auto, (max-width: 1024px) 100vw, 1024px\" \/><\/figure><div class=\"wp-block-media-text__content\">\n<p class=\"has-large-font-size wp-block-paragraph\">Shirin y Khossrow (tambi\u00e9n Shirin y Kai-Khosr\u00e1u) cuenta una historia de amor entre el rey de Ir\u00e1n y la ni\u00f1a Shirin.<\/p>\n<\/div><\/div>\n","protected":false},"excerpt":{"rendered":"<p>\u00bfQuiere saber m\u00e1s sobre las miniaturas de Akefeh von Koerber? Muchas de las miniaturas hacen referencia a antiguas leyendas y cuentos iran\u00edes, otras est\u00e1n tomadas de las propias experiencias de la pintora. Adem\u00e1s, hay motivos cl\u00e1sicos de la pintura persa <span class=\"excerpt-dots\">&hellip;<\/span> <a class=\"more-link\" href=\"https:\/\/von-koerber.de\/es\/lo-que-hay-que-saber\/\"><span class=\"more-msg\">Continue reading &rarr;<\/span><\/a><\/p>\n","protected":false},"author":1,"featured_media":0,"parent":0,"menu_order":0,"comment_status":"closed","ping_status":"closed","template":"","meta":{"_crdt_document":"","footnotes":""},"folder":[],"class_list":["post-3256","page","type-page","status-publish","hentry"],"translation":{"provider":"WPGlobus","version":"3.0.2","language":"es","enabled_languages":["de","es","en","fr"],"languages":{"de":{"title":true,"content":true,"excerpt":false},"es":{"title":true,"content":true,"excerpt":false},"en":{"title":true,"content":true,"excerpt":false},"fr":{"title":true,"content":true,"excerpt":false}}},"_links":{"self":[{"href":"https:\/\/von-koerber.de\/es\/wp-json\/wp\/v2\/pages\/3256","targetHints":{"allow":["GET"]}}],"collection":[{"href":"https:\/\/von-koerber.de\/es\/wp-json\/wp\/v2\/pages"}],"about":[{"href":"https:\/\/von-koerber.de\/es\/wp-json\/wp\/v2\/types\/page"}],"author":[{"embeddable":true,"href":"https:\/\/von-koerber.de\/es\/wp-json\/wp\/v2\/users\/1"}],"replies":[{"embeddable":true,"href":"https:\/\/von-koerber.de\/es\/wp-json\/wp\/v2\/comments?post=3256"}],"version-history":[{"count":0,"href":"https:\/\/von-koerber.de\/es\/wp-json\/wp\/v2\/pages\/3256\/revisions"}],"wp:attachment":[{"href":"https:\/\/von-koerber.de\/es\/wp-json\/wp\/v2\/media?parent=3256"}],"wp:term":[{"taxonomy":"folder","embeddable":true,"href":"https:\/\/von-koerber.de\/es\/wp-json\/wp\/v2\/folder?post=3256"}],"curies":[{"name":"wp","href":"https:\/\/api.w.org\/{rel}","templated":true}]}}