{"id":354,"date":"2012-07-14T03:27:36","date_gmt":"2012-07-14T01:27:36","guid":{"rendered":"http:\/\/273013.webhosting78.1blu.de\/akefeh\/?page_id=14"},"modified":"2021-07-17T20:34:48","modified_gmt":"2021-07-17T18:34:48","slug":"kohlezeichnungen","status":"publish","type":"page","link":"https:\/\/von-koerber.de\/es\/dibujos-al-carbon\/","title":{"rendered":"Dibujos al carb\u00f3n"},"content":{"rendered":"<div id=\"new-royalslider-17\" class=\"royalSlider new-royalslider-17 rsDefaultInv rs-default-template\" style=\"width:100%;height:500px;;\" data-rs-options='{&quot;template&quot;:&quot;default&quot;,&quot;image_generation&quot;:{&quot;lazyLoading&quot;:&quot;true&quot;,&quot;imageWidth&quot;:&quot;&quot;,&quot;imageHeight&quot;:&quot;&quot;,&quot;thumbImageWidth&quot;:&quot;&quot;,&quot;thumbImageHeight&quot;:&quot;&quot;},&quot;thumbs&quot;:{&quot;thumbWidth&quot;:96,&quot;thumbHeight&quot;:72},&quot;fullscreen&quot;:{&quot;enabled&quot;:&quot;true&quot;,&quot;nativeFS&quot;:&quot;true&quot;},&quot;video&quot;:[],&quot;block&quot;:{&quot;moveOffset&quot;:20,&quot;speed&quot;:400,&quot;delay&quot;:200},&quot;width&quot;:&quot;100%&quot;,&quot;height&quot;:500,&quot;autoScaleSlider&quot;:&quot;true&quot;,&quot;autoScaleSliderWidth&quot;:960,&quot;autoScaleSliderHeight&quot;:750,&quot;imageScaleMode&quot;:&quot;fit&quot;,&quot;controlNavigation&quot;:&quot;thumbnails&quot;,&quot;arrowsNavHideOnTouch&quot;:&quot;true&quot;,&quot;globalCaption&quot;:&quot;true&quot;,&quot;globalCaptionInside&quot;:&quot;true&quot;,&quot;loop&quot;:&quot;true&quot;}'>\n<div class=\"rsContent\">\n  <a class=\"rsImg\" href=\"https:\/\/von-koerber.de\/wp-content\/uploads\/2020\/08\/z042-aufstand-der-geschlagenen-I.webp\" data-rsBigImg=\"https:\/\/von-koerber.de\/wp-content\/uploads\/2020\/08\/z042-aufstand-der-geschlagenen-I.webp\">Rebeli\u00f3n de los vencidos I<\/a>\n  <div class=\"rsTmb\"><img decoding=\"async\" src=\"https:\/\/von-koerber.de\/wp-content\/uploads\/2020\/08\/z042-aufstand-der-geschlagenen-I.webp\" alt=\"\" \/><\/div>\n  Akefeh von Koerber: Revuelta de los ca\u00eddos I, parte izquierda del tr\u00edptico del mismo nombre de 1946\n  \n  \n<\/div>\n<div class=\"rsContent\">\n  <a class=\"rsImg\" href=\"https:\/\/von-koerber.de\/wp-content\/uploads\/2020\/08\/z043-kohlezeichnung-aufstand-der-geschlagenen-ii.webp\" data-rsBigImg=\"https:\/\/von-koerber.de\/wp-content\/uploads\/2020\/08\/z043-kohlezeichnung-aufstand-der-geschlagenen-ii.webp\">Dibujo a carboncillo: Revuelta de los golpeados II<\/a>\n  <div class=\"rsTmb\"><img decoding=\"async\" src=\"https:\/\/von-koerber.de\/wp-content\/uploads\/2020\/08\/z043-kohlezeichnung-aufstand-der-geschlagenen-ii-150x78.webp\" alt=\"\" \/><\/div>\n  Dibujo a carboncillo: Revuelta de los golpeados II\n  \n  \n<\/div>\n<div class=\"rsContent\">\n  <a class=\"rsImg\" href=\"https:\/\/von-koerber.de\/wp-content\/uploads\/2020\/08\/z014-bleistiftzeichnung-zu-aufstand-der-geschlagenen-ii.webp\" data-rsBigImg=\"https:\/\/von-koerber.de\/wp-content\/uploads\/2020\/08\/z014-bleistiftzeichnung-zu-aufstand-der-geschlagenen-ii.webp\">Dibujo a l\u00e1piz para Levantamiento de los Vencidos II<\/a>\n  <div class=\"rsTmb\"><img decoding=\"async\" src=\"https:\/\/von-koerber.de\/wp-content\/uploads\/2020\/08\/z014-bleistiftzeichnung-zu-aufstand-der-geschlagenen-ii-150x86.webp\" alt=\"\" \/><\/div>\n  Dibujo a l\u00e1piz para Levantamiento de los Vencidos II\n  \n  \n<\/div>\n<div class=\"rsContent\">\n  <a class=\"rsImg\" href=\"https:\/\/von-koerber.de\/wp-content\/uploads\/2020\/08\/z044-kohlezeichnung-aufstand-der-geschlagenen-iii.webp\" data-rsBigImg=\"https:\/\/von-koerber.de\/wp-content\/uploads\/2020\/08\/z044-kohlezeichnung-aufstand-der-geschlagenen-iii.webp\">Dibujo a carboncillo: Revuelta de los golpeados III<\/a>\n  <div class=\"rsTmb\"><img decoding=\"async\" src=\"https:\/\/von-koerber.de\/wp-content\/uploads\/2020\/08\/z044-kohlezeichnung-aufstand-der-geschlagenen-iii-150x145.webp\" alt=\"\" \/><\/div>\n  Dibujo a carboncillo: Revuelta de los golpeados III\n  \n  \n<\/div>\n<div class=\"rsContent\">\n  <a class=\"rsImg\" href=\"https:\/\/von-koerber.de\/wp-content\/uploads\/z024_singende_kz_haeftlinge-704x1024.webp\" data-rsBigImg=\"https:\/\/von-koerber.de\/wp-content\/uploads\/z024_singende_kz_haeftlinge.webp\">Prisioneros de los campos de concentraci\u00f3n cantando<\/a>\n  <div class=\"rsTmb\"><img decoding=\"async\" src=\"https:\/\/von-koerber.de\/wp-content\/uploads\/z024_singende_kz_haeftlinge-150x150.webp\" alt=\"\" \/><\/div>\n  El canto de los prisioneros de los campos de concentraci\u00f3n\n  \n  \n<\/div>\n<div class=\"rsContent\">\n  <a class=\"rsImg\" href=\"https:\/\/von-koerber.de\/wp-content\/uploads\/2020\/08\/z058-kohlezeichnung-die-gebaerende.webp\" data-rsBigImg=\"https:\/\/von-koerber.de\/wp-content\/uploads\/2020\/08\/z058-kohlezeichnung-die-gebaerende.webp\">Dibujo a carboncillo: Mujer pariendo<\/a>\n  <div class=\"rsTmb\"><img decoding=\"async\" src=\"https:\/\/von-koerber.de\/wp-content\/uploads\/2020\/08\/z058-kohlezeichnung-die-gebaerende-113x150.webp\" alt=\"\" \/><\/div>\n  Dibujo a carboncillo: Mujer pariendo\n  \n  \n<\/div>\n<div class=\"rsContent\">\n  <a class=\"rsImg\" href=\"https:\/\/von-koerber.de\/wp-content\/uploads\/2020\/08\/z006-kohlezeichnung-erschoepfung-nach-der-flucht.webp\" data-rsBigImg=\"https:\/\/von-koerber.de\/wp-content\/uploads\/2020\/08\/z006-kohlezeichnung-erschoepfung-nach-der-flucht.webp\">Dibujo a carboncillo: Agotamiento tras la huida<\/a>\n  <div class=\"rsTmb\"><img decoding=\"async\" src=\"https:\/\/von-koerber.de\/wp-content\/uploads\/2020\/08\/z006-kohlezeichnung-erschoepfung-nach-der-flucht-97x150.webp\" alt=\"\" \/><\/div>\n  Dibujo a carboncillo: Agotamiento tras la huida\n  \n  \n<\/div>\n<div class=\"rsContent\">\n  <a class=\"rsImg\" href=\"https:\/\/von-koerber.de\/wp-content\/uploads\/2020\/08\/z012-kohlezeichnung-fluechtlingsmutter-mit-totem-kind.webp\" data-rsBigImg=\"https:\/\/von-koerber.de\/wp-content\/uploads\/2020\/08\/z012-kohlezeichnung-fluechtlingsmutter-mit-totem-kind.webp\">Dibujo a carboncillo: Madre refugiada con su hijo muerto<\/a>\n  <div class=\"rsTmb\"><img decoding=\"async\" src=\"https:\/\/von-koerber.de\/wp-content\/uploads\/2020\/08\/z012-kohlezeichnung-fluechtlingsmutter-mit-totem-kind-88x150.webp\" alt=\"\" \/><\/div>\n  Dibujo a carboncillo: Madre refugiada con su hijo muerto\n  \n  \n<\/div>\n<div class=\"rsContent\">\n  <a class=\"rsImg\" href=\"https:\/\/von-koerber.de\/wp-content\/uploads\/2020\/08\/z019-kohlezeichnung-mutter-mit-kind-auf-der-flucht-II.webp\" data-rsBigImg=\"https:\/\/von-koerber.de\/wp-content\/uploads\/2020\/08\/z019-kohlezeichnung-mutter-mit-kind-auf-der-flucht-II.webp\">Dibujo a carboncillo: Madre con ni\u00f1o a la fuga II<\/a>\n  <div class=\"rsTmb\"><img decoding=\"async\" src=\"https:\/\/von-koerber.de\/wp-content\/uploads\/2020\/08\/z019-kohlezeichnung-mutter-mit-kind-auf-der-flucht-II-85x150.webp\" alt=\"\" \/><\/div>\n  Dibujo a carboncillo: Madre con ni\u00f1o a la fuga II\n  \n  \n<\/div>\n<div class=\"rsContent\">\n  <a class=\"rsImg\" href=\"https:\/\/von-koerber.de\/wp-content\/uploads\/2020\/08\/z018-kohlezeichnung-mutter-mit-kind-auf-der-flucht-I.webp\" data-rsBigImg=\"https:\/\/von-koerber.de\/wp-content\/uploads\/2020\/08\/z018-kohlezeichnung-mutter-mit-kind-auf-der-flucht-I.webp\">Madre con ni\u00f1o a la fuga I<\/a>\n  <div class=\"rsTmb\"><img decoding=\"async\" src=\"https:\/\/von-koerber.de\/wp-content\/uploads\/2020\/08\/z018-kohlezeichnung-mutter-mit-kind-auf-der-flucht-I-101x150.webp\" alt=\"\" \/><\/div>\n  Madre con ni\u00f1o a la fuga I\n  \n  \n<\/div>\n<div class=\"rsContent\">\n  <a class=\"rsImg\" href=\"https:\/\/von-koerber.de\/wp-content\/uploads\/2020\/08\/z016-kohlezeichnung-hoffnung-auf-hilfe.webp\" data-rsBigImg=\"https:\/\/von-koerber.de\/wp-content\/uploads\/2020\/08\/z016-kohlezeichnung-hoffnung-auf-hilfe.webp\">Dibujo a carboncillo: Esperanza de ayuda<\/a>\n  <div class=\"rsTmb\"><img decoding=\"async\" src=\"https:\/\/von-koerber.de\/wp-content\/uploads\/2020\/08\/z016-kohlezeichnung-hoffnung-auf-hilfe-62x150.webp\" alt=\"\" \/><\/div>\n  Dibujo a carboncillo: Esperanza de ayuda\n  \n  \n<\/div>\n<div class=\"rsContent\">\n  <a class=\"rsImg\" href=\"https:\/\/von-koerber.de\/wp-content\/uploads\/2020\/08\/z010-kohlezeichnung-mann-mit-pferd.webp\" data-rsBigImg=\"https:\/\/von-koerber.de\/wp-content\/uploads\/2020\/08\/z010-kohlezeichnung-mann-mit-pferd.webp\">Dibujo a carboncillo: Hombre con caballo<\/a>\n  <div class=\"rsTmb\"><img decoding=\"async\" src=\"https:\/\/von-koerber.de\/wp-content\/uploads\/2020\/08\/z010-kohlezeichnung-mann-mit-pferd-110x150.webp\" alt=\"\" \/><\/div>\n  Dibujo a carboncillo: Hombre con caballo\n  \n  \n<\/div>\n<div class=\"rsContent\">\n  <a class=\"rsImg\" href=\"https:\/\/von-koerber.de\/wp-content\/uploads\/2020\/08\/z056-kohlezeichnung-sitzende.webp\" data-rsBigImg=\"https:\/\/von-koerber.de\/wp-content\/uploads\/2020\/08\/z056-kohlezeichnung-sitzende.webp\">Dibujo a carboncillo: Mujer sentada<\/a>\n  <div class=\"rsTmb\"><img decoding=\"async\" src=\"https:\/\/von-koerber.de\/wp-content\/uploads\/2020\/08\/z056-kohlezeichnung-sitzende-122x150.webp\" alt=\"\" \/><\/div>\n  Dibujo a carboncillo: Mujer sentada\n  \n  \n<\/div>\n<div class=\"rsContent\">\n  <a class=\"rsImg\" href=\"https:\/\/von-koerber.de\/wp-content\/uploads\/2020\/08\/z011-kohlezeichnung-portrait-frau-naum.webp\" data-rsBigImg=\"https:\/\/von-koerber.de\/wp-content\/uploads\/2020\/08\/z011-kohlezeichnung-portrait-frau-naum.webp\">Dibujo a carboncillo: Retrato de la Sra. Naum<\/a>\n  <div class=\"rsTmb\"><img decoding=\"async\" src=\"https:\/\/von-koerber.de\/wp-content\/uploads\/2020\/08\/z011-kohlezeichnung-portrait-frau-naum-120x150.webp\" alt=\"\" \/><\/div>\n  Dibujo a carboncillo: Retrato de la Sra. Naum\n  \n  \n<\/div>\n<div class=\"rsContent\">\n  <a class=\"rsImg\" href=\"https:\/\/von-koerber.de\/wp-content\/uploads\/2020\/08\/z015-kohlezeichnung-nachdenklichkeit.webp\" data-rsBigImg=\"https:\/\/von-koerber.de\/wp-content\/uploads\/2020\/08\/z015-kohlezeichnung-nachdenklichkeit.webp\">Dibujo a carboncillo: Reflexi\u00f3n<\/a>\n  <div class=\"rsTmb\"><img decoding=\"async\" src=\"https:\/\/von-koerber.de\/wp-content\/uploads\/2020\/08\/z015-kohlezeichnung-nachdenklichkeit-118x150.webp\" alt=\"\" \/><\/div>\n  Dibujo a carboncillo: Reflexi\u00f3n\n  \n  \n<\/div>\n<div class=\"rsContent\">\n  <a class=\"rsImg\" href=\"https:\/\/von-koerber.de\/wp-content\/uploads\/2020\/08\/z005-kohlezeichnung-zwei-nonnen-nach-bombenangriff.webp\" data-rsBigImg=\"https:\/\/von-koerber.de\/wp-content\/uploads\/2020\/08\/z005-kohlezeichnung-zwei-nonnen-nach-bombenangriff.webp\">Dibujo a carboncillo: Dos monjas ciegas tras el ataque de bomba<\/a>\n  <div class=\"rsTmb\"><img decoding=\"async\" src=\"https:\/\/von-koerber.de\/wp-content\/uploads\/2020\/08\/z005-kohlezeichnung-zwei-nonnen-nach-bombenangriff-101x150.webp\" alt=\"\" \/><\/div>\n  Dibujo a carboncillo: Dos monjas ciegas tras el ataque de bomba\n  \n  \n<\/div>\n<div class=\"rsContent\">\n  <a class=\"rsImg\" href=\"https:\/\/von-koerber.de\/wp-content\/uploads\/2020\/08\/z017-kohlezeichnung-sterbende.webp\" data-rsBigImg=\"https:\/\/von-koerber.de\/wp-content\/uploads\/2020\/08\/z017-kohlezeichnung-sterbende.webp\">Dibujo al carb\u00f3n: Morir<\/a>\n  <div class=\"rsTmb\"><img decoding=\"async\" src=\"https:\/\/von-koerber.de\/wp-content\/uploads\/2020\/08\/z017-kohlezeichnung-sterbende-127x150.webp\" alt=\"\" \/><\/div>\n  Dibujo al carb\u00f3n: Morir\n  \n  \n<\/div>\n\n<\/div>\n\n\n\n<p class=\"wp-block-paragraph\"><\/p>\n\n\n\n<p class=\"has-medium-font-size wp-block-paragraph\">Durante la Segunda Guerra Mundial, la cual sinti\u00f3 en carne propia en Alemania desde 1941 hasta su final, Akefeh descubri\u00f3 la t\u00e9cnica de los dibujos al carb\u00f3n, que le pareci\u00f3 especialmente adecuada para procesar art\u00edsticamente los acontecimientos y experiencias que vivi\u00f3. Todo lo que estaba en tan marcado contraste con el mundo mayormente id\u00edlico, pero siempre colorido, de la miniatura persa necesitaba una t\u00e9cnica de pintura poderosa y formatos grandes. El horror, los miedos, las noches de bombardeo, que pas\u00f3 en parte en el b\u00fanker y en parte en el \u00e1tico desde donde ten\u00eda que arrojar las bombas de f\u00f3sforo a la calle; pero tambi\u00e9n la esperanza de una andar com\u00fan para la creaci\u00f3n de un mundo nuevo y de paz inspiraron sus pinturas.<br>A menudo trabajaba en miniaturas y grandes formatos en paralelo. El contraste entre las dos formas de trabajo la acompa\u00f1\u00f3 de ahora en adelante durante toda su vida. Nunca se apeg\u00f3 a t\u00e9cnicas especiales, sino al contenido, que exig\u00eda formas de expresi\u00f3n adecuadas.<\/p>\n","protected":false},"excerpt":{"rendered":"<p>Durante la Segunda Guerra Mundial, la cual sinti\u00f3 en carne propia en Alemania desde 1941 hasta su final, Akefeh descubri\u00f3 la t\u00e9cnica de los dibujos al carb\u00f3n, que le pareci\u00f3 especialmente adecuada para procesar art\u00edsticamente los acontecimientos y experiencias que <span class=\"excerpt-dots\">&hellip;<\/span> <a class=\"more-link\" href=\"https:\/\/von-koerber.de\/es\/dibujos-al-carbon\/\"><span class=\"more-msg\">Continue reading &rarr;<\/span><\/a><\/p>\n","protected":false},"author":1,"featured_media":0,"parent":0,"menu_order":2,"comment_status":"closed","ping_status":"open","template":"","meta":{"_crdt_document":"","footnotes":""},"folder":[],"class_list":["post-354","page","type-page","status-publish","hentry"],"translation":{"provider":"WPGlobus","version":"3.0.2","language":"es","enabled_languages":["de","es","en","fr"],"languages":{"de":{"title":true,"content":true,"excerpt":false},"es":{"title":true,"content":true,"excerpt":false},"en":{"title":true,"content":true,"excerpt":false},"fr":{"title":true,"content":true,"excerpt":false}}},"_links":{"self":[{"href":"https:\/\/von-koerber.de\/es\/wp-json\/wp\/v2\/pages\/354","targetHints":{"allow":["GET"]}}],"collection":[{"href":"https:\/\/von-koerber.de\/es\/wp-json\/wp\/v2\/pages"}],"about":[{"href":"https:\/\/von-koerber.de\/es\/wp-json\/wp\/v2\/types\/page"}],"author":[{"embeddable":true,"href":"https:\/\/von-koerber.de\/es\/wp-json\/wp\/v2\/users\/1"}],"replies":[{"embeddable":true,"href":"https:\/\/von-koerber.de\/es\/wp-json\/wp\/v2\/comments?post=354"}],"version-history":[{"count":0,"href":"https:\/\/von-koerber.de\/es\/wp-json\/wp\/v2\/pages\/354\/revisions"}],"wp:attachment":[{"href":"https:\/\/von-koerber.de\/es\/wp-json\/wp\/v2\/media?parent=354"}],"wp:term":[{"taxonomy":"folder","embeddable":true,"href":"https:\/\/von-koerber.de\/es\/wp-json\/wp\/v2\/folder?post=354"}],"curies":[{"name":"wp","href":"https:\/\/api.w.org\/{rel}","templated":true}]}}