{"id":355,"date":"2012-07-14T12:48:12","date_gmt":"2012-07-14T10:48:12","guid":{"rendered":"http:\/\/273013.webhosting78.1blu.de\/akefeh\/?page_id=34"},"modified":"2021-08-03T00:49:56","modified_gmt":"2021-08-02T22:49:56","slug":"biographie","status":"publish","type":"page","link":"https:\/\/von-koerber.de\/es\/biografia\/","title":{"rendered":"Biograf\u00eda"},"content":{"rendered":"\n<figure class=\"wp-block-gallery columns-2 is-cropped wp-block-gallery-1 is-layout-flex wp-block-gallery-is-layout-flex\"><ul class=\"blocks-gallery-grid\"><li class=\"blocks-gallery-item\"><figure><a href=\"https:\/\/von-koerber.de\/wp-content\/uploads\/2018\/11\/akefeh-von-koerber-hamburg-1952-b.webp\"><img loading=\"lazy\" decoding=\"async\" width=\"884\" height=\"1357\" src=\"https:\/\/von-koerber.de\/wp-content\/uploads\/2018\/11\/akefeh-von-koerber-hamburg-1952-b.webp\" alt=\"Die Malerin Akefeh von Koerber (Monchi-Zadeh), Hamburg 1952\" data-id=\"288\" data-full-url=\"https:\/\/von-koerber.de\/wp-content\/uploads\/2018\/11\/akefeh-von-koerber-hamburg-1952-b.webp\" data-link=\"https:\/\/von-koerber.de\/akefeh-von-koerber-hamburg-1952-b\/\" class=\"wp-image-288\"\/><\/a><figcaption class=\"blocks-gallery-item__caption\">Akefeh von Koerber, Hamburg 1952<\/figcaption><\/figure><\/li><li class=\"blocks-gallery-item\"><figure><a href=\"https:\/\/von-koerber.de\/wp-content\/uploads\/2012\/07\/1998-akefeh-von-koerber-monchi-zadeh.webp\"><img loading=\"lazy\" decoding=\"async\" width=\"255\" height=\"357\" src=\"https:\/\/von-koerber.de\/wp-content\/uploads\/2012\/07\/1998-akefeh-von-koerber-monchi-zadeh.webp\" alt=\"Die Malerien Akefeh von Koerber (Monchi-Zadeh) 1998\" data-id=\"77\" data-full-url=\"https:\/\/von-koerber.de\/wp-content\/uploads\/2012\/07\/1998-akefeh-von-koerber-monchi-zadeh.webp\" data-link=\"https:\/\/von-koerber.de\/akefeh1998\/\" class=\"wp-image-77\" srcset=\"https:\/\/von-koerber.de\/wp-content\/uploads\/2012\/07\/1998-akefeh-von-koerber-monchi-zadeh.webp 255w, https:\/\/von-koerber.de\/wp-content\/uploads\/2012\/07\/1998-akefeh-von-koerber-monchi-zadeh-214x300.webp 214w, https:\/\/von-koerber.de\/wp-content\/uploads\/2012\/07\/1998-akefeh-von-koerber-monchi-zadeh-107x150.webp 107w\" sizes=\"auto, (max-width: 255px) 100vw, 255px\" \/><\/a><figcaption class=\"blocks-gallery-item__caption\">Die Malerien Akefeh von Koerber (Monchi-Zadeh) 1998<\/figcaption><\/figure><\/li><\/ul><\/figure>\n\n\n\n<div class=\"wp-block-columns is-layout-flex wp-container-core-columns-is-layout-8f761849 wp-block-columns-is-layout-flex\">\n<div class=\"wp-block-column is-layout-flow wp-block-column-is-layout-flow\"><\/div>\n\n\n\n<div class=\"wp-block-column is-layout-flow wp-block-column-is-layout-flow\"><\/div>\n<\/div>\n\n\n\n<div class=\"wp-block-columns is-layout-flex wp-container-core-columns-is-layout-8f761849 wp-block-columns-is-layout-flex\">\n<div class=\"wp-block-column is-layout-flow wp-block-column-is-layout-flow\">\n<div class=\"wp-block-image\"><figure class=\"alignright size-large is-resized\"><img loading=\"lazy\" decoding=\"async\" src=\"https:\/\/von-koerber.de\/wp-content\/uploads\/atiyeh-monchi-zadeh-686x1024.webp\" alt=\"Atiyeh Monchi-Zadeh\" class=\"wp-image-2103\" width=\"234\" height=\"329\"\/><figcaption>Atiyeh Monchi-Zadeh<\/figcaption><\/figure><\/div>\n<\/div>\n\n\n\n<div class=\"wp-block-column is-layout-flow wp-block-column-is-layout-flow\">\n<div class=\"wp-block-image\"><figure class=\"alignleft size-large is-resized\"><img loading=\"lazy\" decoding=\"async\" src=\"https:\/\/von-koerber.de\/wp-content\/uploads\/ebrahim-monchi-zadeh-1910-902x1024.webp\" alt=\"Ebrahim Monchi-Zadeh\" class=\"wp-image-2102\" width=\"324\" height=\"330\"\/><figcaption>Ebrahim Monchi-Zadeh<\/figcaption><\/figure><\/div>\n<\/div>\n<\/div>\n\n\n\n<div class=\"wp-block-media-text alignwide is-stacked-on-mobile\" style=\"grid-template-columns:15% auto\"><figure class=\"wp-block-media-text__media\"><a href=\"https:\/\/von-koerber.de\/wp-content\/uploads\/2020\/07\/1923-akefeh-von-koerber-monchi-zadeh.webp\" target=\"_blank\" rel=\"noopener noreferrer\"><img loading=\"lazy\" decoding=\"async\" width=\"541\" height=\"805\" src=\"https:\/\/von-koerber.de\/wp-content\/uploads\/2020\/07\/1923-akefeh-von-koerber-monchi-zadeh.webp\" alt=\"Akefeh Monchi-Zadeh\" class=\"wp-image-860 size-full\" srcset=\"https:\/\/von-koerber.de\/wp-content\/uploads\/2020\/07\/1923-akefeh-von-koerber-monchi-zadeh.webp 541w, https:\/\/von-koerber.de\/wp-content\/uploads\/2020\/07\/1923-akefeh-von-koerber-monchi-zadeh-202x300.webp 202w, https:\/\/von-koerber.de\/wp-content\/uploads\/2020\/07\/1923-akefeh-von-koerber-monchi-zadeh-101x150.webp 101w\" sizes=\"auto, (max-width: 541px) 100vw, 541px\" \/><\/a><\/figure><div class=\"wp-block-media-text__content\">\n<h2 class=\"wp-block-heading\"><strong>1915<\/strong><\/h2>\n\n\n\n<p class=\"has-medium-font-size wp-block-paragraph\">Akefeh von Koerber naci\u00f3 en el Ir\u00e1n como Akefeh Monchi-Zadeh. M\u00e1s tarde usar\u00eda su nombre de nacimiento como nombre art\u00edstico.<br>Su padre, Mirsa Ebrahim Khan Monchi-Zadeh, fue un oficial de alto rango y jefe de polic\u00eda de Shiraz. Tradujo obras de la Ilustraci\u00f3n Francesa al idioma persa e hizo campa\u00f1a en Shiraz a favor de los jud\u00edos acosados.<br>Mirsa Ebrahim Khan Monchi-Zadeh fund\u00f3 una organizaci\u00f3n secreta, la que se concentr\u00f3 en la lucha por una constituci\u00f3n y contra la divisi\u00f3n del Ir\u00e1n promovida por Rusia y Gran Breta\u00f1a. Fue arrestado, torturado y fusilado <em>\u201ca la fuga\u201d<\/em> en 1918.<br>La madre de Akefeh, Attiye Sarkhosch, educa sola a sus cuatro hijos y a su \u00fanica hija.<br>Akefeh asiste a la escuela de los zaratustrianos, donde llega a graduarse.<\/p>\n\n\n\n<p class=\"has-medium-font-size wp-block-paragraph\">A\u00fan muy joven comienza a aprender diferentes t\u00e9cnicas y estilos de pintura de forma autodidacta.<\/p>\n<\/div><\/div>\n\n\n\n<div class=\"wp-block-media-text alignwide is-stacked-on-mobile\" style=\"grid-template-columns:15% auto\"><figure class=\"wp-block-media-text__media\"><a href=\"https:\/\/von-koerber.de\/wp-content\/uploads\/2020\/07\/g031-akefeh-von-koerber-selbstportrait-3.webp\" target=\"_blank\" rel=\"noopener noreferrer\"><img loading=\"lazy\" decoding=\"async\" width=\"720\" height=\"929\" src=\"https:\/\/von-koerber.de\/wp-content\/uploads\/2020\/07\/g031-akefeh-von-koerber-selbstportrait-3.webp\" alt=\"Akefeh von Koerber \/ Monchi-Zadeh 1937\" class=\"wp-image-858 size-full\" srcset=\"https:\/\/von-koerber.de\/wp-content\/uploads\/2020\/07\/g031-akefeh-von-koerber-selbstportrait-3.webp 720w, https:\/\/von-koerber.de\/wp-content\/uploads\/2020\/07\/g031-akefeh-von-koerber-selbstportrait-3-233x300.webp 233w\" sizes=\"auto, (max-width: 720px) 100vw, 720px\" \/><\/a><\/figure><div class=\"wp-block-media-text__content\">\n<h2 class=\"wp-block-heading\"><strong>1935<\/strong><\/h2>\n\n\n\n<p class=\"has-medium-font-size wp-block-paragraph\">Lecciones con <a href=\"https:\/\/de.wikipedia.org\/w\/index.php?title=Hossein_Behzad&amp;oldid=193509179\" target=\"_blank\" rel=\"noreferrer noopener\">Hossein Behzad<\/a>, un maestro de la pintura en miniatura persa. Al igual que \u00e9l, se interesa por la renovaci\u00f3n de la pintura persa y la construcci\u00f3n de un puente hacia el arte europeo.<\/p>\n\n\n\n<p class=\"has-medium-font-size wp-block-paragraph\">Su ruptura de tab\u00faes -por ejemplo en la representaci\u00f3n de personas desnudas-, la eliminaci\u00f3n de tradiciones iconogr\u00e1ficas e integraci\u00f3n de motivos contempor\u00e1neos y el procesamiento de sus propias experiencias en la pintura en miniatura, llev\u00f3 a una ruptura con Behzad.<\/p>\n\n\n\n<p class=\"has-medium-font-size wp-block-paragraph\">Antes de su viaje a Europa, se dedic\u00f3 a la pintura de retratos de forma autodicd\u00e1ctica y luego bajo la direcci\u00f3n de un profesor particular.<\/p>\n<\/div><\/div>\n\n\n\n<div class=\"wp-block-media-text alignwide is-stacked-on-mobile\" style=\"grid-template-columns:15% auto\"><figure class=\"wp-block-media-text__media\"><a href=\"https:\/\/von-koerber.de\/wp-content\/uploads\/2020\/07\/1941-udssr-lokomotive-symbolbild.webp\" target=\"_blank\" rel=\"noopener noreferrer\"><img loading=\"lazy\" decoding=\"async\" width=\"611\" height=\"850\" src=\"https:\/\/von-koerber.de\/wp-content\/uploads\/2020\/07\/1941-udssr-lokomotive-symbolbild.webp\" alt=\"\" class=\"wp-image-1053 size-full\" srcset=\"https:\/\/von-koerber.de\/wp-content\/uploads\/2020\/07\/1941-udssr-lokomotive-symbolbild.webp 611w, https:\/\/von-koerber.de\/wp-content\/uploads\/2020\/07\/1941-udssr-lokomotive-symbolbild-216x300.webp 216w, https:\/\/von-koerber.de\/wp-content\/uploads\/2020\/07\/1941-udssr-lokomotive-symbolbild-108x150.webp 108w\" sizes=\"auto, (max-width: 611px) 100vw, 611px\" \/><\/a><\/figure><div class=\"wp-block-media-text__content\">\n<h2 class=\"wp-block-heading\"><strong>1941<\/strong><\/h2>\n\n\n\n<p class=\"has-medium-font-size wp-block-paragraph\">Tal como Behzad Akefeh decide viajar a Par\u00eds a estudiar el arte europeo.<br>Durante el viaje en tren a trav\u00e9s de la URSS, se entera del inminente ataque de Alemania a la Uni\u00f3n Sovi\u00e9tica y tiene que permanecer en Berl\u00edn debido a los acontecimientos de la guerra.<\/p>\n\n\n\n<p class=\"has-medium-font-size wp-block-paragraph\">Permanece todo el tiempo de la guerra en Alemania.<\/p>\n<\/div><\/div>\n\n\n\n<div class=\"wp-block-media-text alignwide is-stacked-on-mobile\" style=\"grid-template-columns:15% auto\"><figure class=\"wp-block-media-text__media\"><a href=\"https:\/\/von-koerber.de\/wp-content\/uploads\/2012\/07\/1943-akefeh-von-koerber-monchi-zadeh-berlin-passfoto.webp\" target=\"_blank\" rel=\"noopener noreferrer\"><img loading=\"lazy\" decoding=\"async\" width=\"119\" height=\"163\" src=\"https:\/\/von-koerber.de\/wp-content\/uploads\/2012\/07\/1943-akefeh-von-koerber-monchi-zadeh-berlin-passfoto.webp\" alt=\"Akefeh von Koerber 1943\" class=\"wp-image-78 size-full\" srcset=\"https:\/\/von-koerber.de\/wp-content\/uploads\/2012\/07\/1943-akefeh-von-koerber-monchi-zadeh-berlin-passfoto.webp 119w, https:\/\/von-koerber.de\/wp-content\/uploads\/2012\/07\/1943-akefeh-von-koerber-monchi-zadeh-berlin-passfoto-110x150.webp 110w\" sizes=\"auto, (max-width: 119px) 100vw, 119px\" \/><\/a><\/figure><div class=\"wp-block-media-text__content\">\n<h2 class=\"wp-block-heading\"><strong>1941 -1942<\/strong><\/h2>\n\n\n\n<p class=\"has-medium-font-size wp-block-paragraph\">Inicio de estudios en la Academia Estatal de Bellas Artes de Berl\u00edn.<\/p>\n<\/div><\/div>\n\n\n\n<div class=\"wp-block-media-text alignwide is-stacked-on-mobile\" style=\"grid-template-columns:15% auto\"><figure class=\"wp-block-media-text__media\"><a href=\"https:\/\/von-koerber.de\/wp-content\/uploads\/2020\/07\/1928-hochschule-fuer-bildende-kuenste-berlin.webp\" target=\"_blank\" rel=\"noopener noreferrer\"><img loading=\"lazy\" decoding=\"async\" width=\"593\" height=\"761\" src=\"https:\/\/von-koerber.de\/wp-content\/uploads\/2020\/07\/1928-hochschule-fuer-bildende-kuenste-berlin.webp\" alt=\"\" class=\"wp-image-1060 size-full\" srcset=\"https:\/\/von-koerber.de\/wp-content\/uploads\/2020\/07\/1928-hochschule-fuer-bildende-kuenste-berlin.webp 593w, https:\/\/von-koerber.de\/wp-content\/uploads\/2020\/07\/1928-hochschule-fuer-bildende-kuenste-berlin-234x300.webp 234w, https:\/\/von-koerber.de\/wp-content\/uploads\/2020\/07\/1928-hochschule-fuer-bildende-kuenste-berlin-117x150.webp 117w\" sizes=\"auto, (max-width: 593px) 100vw, 593px\" \/><\/a><\/figure><div class=\"wp-block-media-text__content\">\n<h2 class=\"wp-block-heading\"><strong>1944<\/strong><\/h2>\n\n\n\n<p class=\"has-medium-font-size wp-block-paragraph\">Despu\u00e9s de interrumpir sus estudios en Berl\u00edn (bombardeo), continua sus estudios en Leipzig, all\u00ed conoce a su futuro esposo Heribert von Koerber, hijo de Lenka von Koerber (periodista y fot\u00f3grafa). Es justamente a trav\u00e9s de Lenka von Koerber, que entra en contacto con una estrecha amiga de esta: K\u00e4the Kollwitz. La obra de K\u00e4the Kollwitz hab\u00eda sido condenada al ostracismo por los nacionalsocialistas, este hecho impresiona e inspira a Akefeh a crear sus propias obras en la t\u00e9cnica de bocetos al carb\u00f3n, t\u00e9cnica donde encuentra una forma adecuada de enfrentar los horrores de la guerra.<\/p>\n\n\n\n<p class=\"has-medium-font-size wp-block-paragraph\">Contin\u00faa sus estudios en Viena.<\/p>\n\n\n\n<p class=\"has-medium-font-size wp-block-paragraph\">Despu\u00e9s del bombardeo en Viena regresa a Leipzig a fin de continuar sus estudios, pero ya en esa fecha no se admiten extranjeros en la Universidad por lo que forzosamente tiene que dejar inconclusa la graduaci\u00f3n. No obstante continua su labor art\u00edstica y superaci\u00f3n autodid\u00e1ctica.<\/p>\n<\/div><\/div>\n\n\n\n<div class=\"wp-block-media-text alignwide is-stacked-on-mobile\" style=\"grid-template-columns:15% auto\"><figure class=\"wp-block-media-text__media\"><a href=\"https:\/\/von-koerber.de\/wp-content\/uploads\/2020\/07\/1948-heribert-von-koerber.webp\" target=\"_blank\" rel=\"noopener noreferrer\"><img loading=\"lazy\" decoding=\"async\" width=\"613\" height=\"908\" src=\"https:\/\/von-koerber.de\/wp-content\/uploads\/2020\/07\/1948-heribert-von-koerber.webp\" alt=\"\" class=\"wp-image-1067 size-full\" srcset=\"https:\/\/von-koerber.de\/wp-content\/uploads\/2020\/07\/1948-heribert-von-koerber.webp 613w, https:\/\/von-koerber.de\/wp-content\/uploads\/2020\/07\/1948-heribert-von-koerber-203x300.webp 203w, https:\/\/von-koerber.de\/wp-content\/uploads\/2020\/07\/1948-heribert-von-koerber-101x150.webp 101w\" sizes=\"auto, (max-width: 613px) 100vw, 613px\" \/><\/a><\/figure><div class=\"wp-block-media-text__content\">\n<h2 class=\"wp-block-heading\"><strong>1945<\/strong><\/h2>\n\n\n\n<p class=\"has-medium-font-size wp-block-paragraph\">Se casa con Heribert von Koerber, periodista y fot\u00f3grafo.<\/p>\n<\/div><\/div>\n\n\n\n<div class=\"wp-block-media-text alignwide is-stacked-on-mobile\" style=\"grid-template-columns:15% auto\"><figure class=\"wp-block-media-text__media\"><a href=\"https:\/\/von-koerber.de\/wp-content\/uploads\/2020\/07\/1947-schirin-von-koerber.webp\" target=\"_blank\" rel=\"noopener noreferrer\"><img loading=\"lazy\" decoding=\"async\" width=\"670\" height=\"1013\" src=\"https:\/\/von-koerber.de\/wp-content\/uploads\/2020\/07\/1947-schirin-von-koerber.webp\" alt=\"Foto: Heribert von Koerber Schirin von Koerber 1947 en Leipzig\" class=\"wp-image-1071 size-full\" srcset=\"https:\/\/von-koerber.de\/wp-content\/uploads\/2020\/07\/1947-schirin-von-koerber.webp 670w, https:\/\/von-koerber.de\/wp-content\/uploads\/2020\/07\/1947-schirin-von-koerber-198x300.webp 198w, https:\/\/von-koerber.de\/wp-content\/uploads\/2020\/07\/1947-schirin-von-koerber-99x150.webp 99w\" sizes=\"auto, (max-width: 670px) 100vw, 670px\" \/><\/a><\/figure><div class=\"wp-block-media-text__content\">\n<h2 class=\"wp-block-heading\"><strong>1946<\/strong><\/h2>\n\n\n\n<p class=\"has-medium-font-size wp-block-paragraph\">Nacimiento de su hija Schirin.<br>Trabajo simult\u00e1neo en miniaturas y dibujos al carb\u00f3n en diferentes formatos, incluso en papel de envolver.<\/p>\n\n\n\n<p class=\"has-medium-font-size wp-block-paragraph\">En su trabajo trabaja intensamente los horrores de la guerra y plasma el anhelado nuevo comienzo en la sociedad.<br>Oferta de una c\u00e1tedra en la Academia de Bellas Artes en Leipzig.<br>Se traslada a Heidelberg a la zona de ocupaci\u00f3n americana, pues su esposo tiene que dejar la zona de ocupaci\u00f3n sovi\u00e9tica por razones pol\u00edticas.<\/p>\n\n\n\n<p class=\"has-medium-font-size wp-block-paragraph\">Asegura el sustento de la familia vendiendo miniaturas a los soldados estadounidenses.<\/p>\n<\/div><\/div>\n\n\n\n<div class=\"wp-block-media-text alignwide is-stacked-on-mobile\" style=\"grid-template-columns:15% auto\"><figure class=\"wp-block-media-text__media\"><a href=\"https:\/\/von-koerber.de\/wp-content\/uploads\/2020\/07\/1947-akefeh-von-koerber-ausstellung-in-schwetzingen.webp\" target=\"_blank\" rel=\"noopener noreferrer\"><img loading=\"lazy\" decoding=\"async\" width=\"128\" height=\"150\" src=\"https:\/\/von-koerber.de\/wp-content\/uploads\/2020\/07\/1947-akefeh-von-koerber-ausstellung-in-schwetzingen-128x150.webp\" alt=\"\" class=\"wp-image-478 size-full\" srcset=\"https:\/\/von-koerber.de\/wp-content\/uploads\/2020\/07\/1947-akefeh-von-koerber-ausstellung-in-schwetzingen-128x150.webp 128w, https:\/\/von-koerber.de\/wp-content\/uploads\/2020\/07\/1947-akefeh-von-koerber-ausstellung-in-schwetzingen-256x300.webp 256w, https:\/\/von-koerber.de\/wp-content\/uploads\/2020\/07\/1947-akefeh-von-koerber-ausstellung-in-schwetzingen.webp 674w\" sizes=\"auto, (max-width: 128px) 100vw, 128px\" \/><\/a><\/figure><div class=\"wp-block-media-text__content\">\n<h2 class=\"wp-block-heading\"><strong>1947<\/strong><\/h2>\n\n\n\n<p class=\"has-medium-font-size wp-block-paragraph\">Exposici\u00f3n en el castillo de Schwetzingen.<\/p>\n\n\n\n<h2 class=\"wp-block-heading\"><strong>1950<\/strong><\/h2>\n\n\n\n<p class=\"has-medium-font-size wp-block-paragraph\">Se muda a Hamburgo. Miembro de GEDOK. Otras exposiciones de su trabajo.<\/p>\n\n\n\n<h2 class=\"wp-block-heading\"><strong>1951<\/strong><\/h2>\n\n\n\n<p class=\"has-medium-font-size wp-block-paragraph\">Varios meses de viaje al Ir\u00e1n. Nacimiento del hijo Giv.<\/p>\n<\/div><\/div>\n\n\n\n<div class=\"wp-block-media-text alignwide is-stacked-on-mobile\" style=\"grid-template-columns:15% auto\"><figure class=\"wp-block-media-text__media\"><a href=\"https:\/\/von-koerber.de\/wp-content\/uploads\/2018\/11\/1952-akefeh-von-koerber-hamburg.webp\" target=\"_blank\" rel=\"noopener noreferrer\"><img loading=\"lazy\" decoding=\"async\" width=\"600\" height=\"910\" src=\"https:\/\/von-koerber.de\/wp-content\/uploads\/2018\/11\/1952-akefeh-von-koerber-hamburg.webp\" alt=\"\" class=\"wp-image-287 size-full\" srcset=\"https:\/\/von-koerber.de\/wp-content\/uploads\/2018\/11\/1952-akefeh-von-koerber-hamburg.webp 600w, https:\/\/von-koerber.de\/wp-content\/uploads\/2018\/11\/1952-akefeh-von-koerber-hamburg-198x300.webp 198w, https:\/\/von-koerber.de\/wp-content\/uploads\/2018\/11\/1952-akefeh-von-koerber-hamburg-99x150.webp 99w\" sizes=\"auto, (max-width: 600px) 100vw, 600px\" \/><\/a><\/figure><div class=\"wp-block-media-text__content\">\n<h2 class=\"wp-block-heading\"><strong>1953<\/strong><\/h2>\n\n\n\n<p class=\"has-medium-font-size wp-block-paragraph\">Divorcio. Como madre divorciada se dedica a la educaci\u00f3n de sus hijos. Los ingresos irregulares de la venta de cuadros o los encargos de pintura le obligan a buscar un trabajo permanente.<\/p>\n\n\n\n<h2 class=\"wp-block-heading\"><strong>1960<\/strong><\/h2>\n\n\n\n<p class=\"has-medium-font-size wp-block-paragraph\">Aceptaci\u00f3n de un trabajo en Colonia para asegurar un ingreso regular para su familia.<\/p>\n\n\n\n<h2 class=\"wp-block-heading\"><strong>1976<\/strong><\/h2>\n\n\n\n<p class=\"has-medium-font-size wp-block-paragraph\">Admisi\u00f3n para estudiar en la Academia de Bellas Artes de D\u00fcsseldorf.<\/p>\n\n\n\n<h2 class=\"wp-block-heading\"><strong>1977<\/strong><\/h2>\n\n\n\n<p class=\"has-medium-font-size wp-block-paragraph\">Termina sus estudios en D\u00fcsseldorf. M\u00e1s adelante imparte cursos sobre t\u00e9cnica de miniaturas y \u00edconos en la Academia de Bellas Artes.<\/p>\n<\/div><\/div>\n\n\n\n<div class=\"wp-block-media-text alignwide is-stacked-on-mobile\" style=\"grid-template-columns:15% auto\"><figure class=\"wp-block-media-text__media\"><a href=\"https:\/\/von-koerber.de\/wp-content\/uploads\/2020\/07\/1981-akefeh-von-koerber-persische-kuenstlerin-stellt-iranische-maerchenwelt-vor.webp\" target=\"_blank\" rel=\"noopener noreferrer\"><img loading=\"lazy\" decoding=\"async\" width=\"121\" height=\"150\" src=\"https:\/\/von-koerber.de\/wp-content\/uploads\/2020\/07\/1981-akefeh-von-koerber-persische-kuenstlerin-stellt-iranische-maerchenwelt-vor-121x150.webp\" alt=\"\" class=\"wp-image-481 size-full\" srcset=\"https:\/\/von-koerber.de\/wp-content\/uploads\/2020\/07\/1981-akefeh-von-koerber-persische-kuenstlerin-stellt-iranische-maerchenwelt-vor-121x150.webp 121w, https:\/\/von-koerber.de\/wp-content\/uploads\/2020\/07\/1981-akefeh-von-koerber-persische-kuenstlerin-stellt-iranische-maerchenwelt-vor-242x300.webp 242w, https:\/\/von-koerber.de\/wp-content\/uploads\/2020\/07\/1981-akefeh-von-koerber-persische-kuenstlerin-stellt-iranische-maerchenwelt-vor.webp 720w\" sizes=\"auto, (max-width: 121px) 100vw, 121px\" \/><\/a><\/figure><div class=\"wp-block-media-text__content\">\n<h2 class=\"wp-block-heading\"><strong>1982<\/strong><\/h2>\n\n\n\n<p class=\"has-medium-font-size wp-block-paragraph\">Exposici\u00f3n de Miniaturas en <em>City-Treff<\/em>, Colonia.<\/p>\n<\/div><\/div>\n\n\n\n<div class=\"wp-block-media-text alignwide is-stacked-on-mobile\" style=\"grid-template-columns:15% auto\"><figure class=\"wp-block-media-text__media\"><a href=\"https:\/\/von-koerber.de\/wp-content\/uploads\/2020\/07\/1985-akefeh-von-koerber-monchi-zadeh-iran.webp\" target=\"_blank\" rel=\"noopener noreferrer\"><img loading=\"lazy\" decoding=\"async\" width=\"720\" height=\"882\" src=\"https:\/\/von-koerber.de\/wp-content\/uploads\/2020\/07\/1985-akefeh-von-koerber-monchi-zadeh-iran.webp\" alt=\"\" class=\"wp-image-852 size-full\" srcset=\"https:\/\/von-koerber.de\/wp-content\/uploads\/2020\/07\/1985-akefeh-von-koerber-monchi-zadeh-iran.webp 720w, https:\/\/von-koerber.de\/wp-content\/uploads\/2020\/07\/1985-akefeh-von-koerber-monchi-zadeh-iran-245x300.webp 245w, https:\/\/von-koerber.de\/wp-content\/uploads\/2020\/07\/1985-akefeh-von-koerber-monchi-zadeh-iran-122x150.webp 122w\" sizes=\"auto, (max-width: 720px) 100vw, 720px\" \/><\/a><\/figure><div class=\"wp-block-media-text__content\">\n<h2 class=\"wp-block-heading\"><strong>1984<\/strong><\/h2>\n\n\n\n<p class=\"has-medium-font-size wp-block-paragraph\">Viaje al Ir\u00e1n. Dos a\u00f1os de residencia forzada porque le quitaron el pasaporte iran\u00ed por razones nunca explicadas. Huida aventurera a Alemania a trav\u00e9s de Pakist\u00e1n.<\/p>\n<\/div><\/div>\n\n\n\n<div class=\"wp-block-media-text alignwide is-stacked-on-mobile\" style=\"grid-template-columns:15% auto\"><figure class=\"wp-block-media-text__media\"><a href=\"https:\/\/von-koerber.de\/wp-content\/uploads\/2020\/07\/1990-akefeh-von-koerber-monchi-zadeh-in-havanna.webp\" target=\"_blank\" rel=\"noopener noreferrer\"><img loading=\"lazy\" decoding=\"async\" width=\"684\" height=\"1024\" src=\"https:\/\/von-koerber.de\/wp-content\/uploads\/2020\/07\/1990-akefeh-von-koerber-monchi-zadeh-in-havanna-684x1024.webp\" alt=\"\" class=\"wp-image-854 size-full\" srcset=\"https:\/\/von-koerber.de\/wp-content\/uploads\/2020\/07\/1990-akefeh-von-koerber-monchi-zadeh-in-havanna-684x1024.webp 684w, https:\/\/von-koerber.de\/wp-content\/uploads\/2020\/07\/1990-akefeh-von-koerber-monchi-zadeh-in-havanna-200x300.webp 200w, https:\/\/von-koerber.de\/wp-content\/uploads\/2020\/07\/1990-akefeh-von-koerber-monchi-zadeh-in-havanna-100x150.webp 100w, https:\/\/von-koerber.de\/wp-content\/uploads\/2020\/07\/1990-akefeh-von-koerber-monchi-zadeh-in-havanna.webp 720w\" sizes=\"auto, (max-width: 684px) 100vw, 684px\" \/><\/a><\/figure><div class=\"wp-block-media-text__content\">\n<h2 class=\"wp-block-heading\"><strong>1990<\/strong><\/h2>\n\n\n\n<p class=\"has-medium-font-size wp-block-paragraph\">Exposici\u00f3n en el Palacio del Segundo Cabo en La Habana, Cuba.<\/p>\n<\/div><\/div>\n\n\n\n<h2 class=\"has-text-align-center wp-block-heading\"><strong>7. 3. 2003<\/strong><\/h2>\n\n\n\n<p class=\"has-text-align-center has-medium-font-size wp-block-paragraph\">Fallecimiento en Colonia.<\/p>\n","protected":false},"excerpt":{"rendered":"<p>1915 Akefeh von Koerber naci\u00f3 en el Ir\u00e1n como Akefeh Monchi-Zadeh. M\u00e1s tarde usar\u00eda su nombre de nacimiento como nombre art\u00edstico.Su padre, Mirsa Ebrahim Khan Monchi-Zadeh, fue un oficial de alto rango y jefe de polic\u00eda de Shiraz. Tradujo obras <span class=\"excerpt-dots\">&hellip;<\/span> <a class=\"more-link\" href=\"https:\/\/von-koerber.de\/es\/biografia\/\"><span class=\"more-msg\">Continue reading &rarr;<\/span><\/a><\/p>\n","protected":false},"author":1,"featured_media":0,"parent":0,"menu_order":5,"comment_status":"closed","ping_status":"closed","template":"","meta":{"_crdt_document":"","footnotes":""},"folder":[],"class_list":["post-355","page","type-page","status-publish","hentry"],"translation":{"provider":"WPGlobus","version":"3.0.2","language":"es","enabled_languages":["de","es","en","fr"],"languages":{"de":{"title":true,"content":true,"excerpt":false},"es":{"title":true,"content":true,"excerpt":false},"en":{"title":true,"content":true,"excerpt":false},"fr":{"title":true,"content":true,"excerpt":false}}},"_links":{"self":[{"href":"https:\/\/von-koerber.de\/es\/wp-json\/wp\/v2\/pages\/355","targetHints":{"allow":["GET"]}}],"collection":[{"href":"https:\/\/von-koerber.de\/es\/wp-json\/wp\/v2\/pages"}],"about":[{"href":"https:\/\/von-koerber.de\/es\/wp-json\/wp\/v2\/types\/page"}],"author":[{"embeddable":true,"href":"https:\/\/von-koerber.de\/es\/wp-json\/wp\/v2\/users\/1"}],"replies":[{"embeddable":true,"href":"https:\/\/von-koerber.de\/es\/wp-json\/wp\/v2\/comments?post=355"}],"version-history":[{"count":0,"href":"https:\/\/von-koerber.de\/es\/wp-json\/wp\/v2\/pages\/355\/revisions"}],"wp:attachment":[{"href":"https:\/\/von-koerber.de\/es\/wp-json\/wp\/v2\/media?parent=355"}],"wp:term":[{"taxonomy":"folder","embeddable":true,"href":"https:\/\/von-koerber.de\/es\/wp-json\/wp\/v2\/folder?post=355"}],"curies":[{"name":"wp","href":"https:\/\/api.w.org\/{rel}","templated":true}]}}