{"id":356,"date":"2012-07-14T12:50:51","date_gmt":"2012-07-14T10:50:51","guid":{"rendered":"http:\/\/273013.webhosting78.1blu.de\/akefeh\/?page_id=36"},"modified":"2021-07-17T20:38:10","modified_gmt":"2021-07-17T18:38:10","slug":"impressum","status":"publish","type":"page","link":"https:\/\/von-koerber.de\/es\/impressum\/","title":{"rendered":"Impressum"},"content":{"rendered":"\n<h2 class=\"has-text-align-center wp-block-heading\">Ninguna de las ilustraciones o textos de este sitio web puede ser reproducida, impresa o almacenada en soportes de datos sin permiso expreso.<\/h2>\n\n\n\n<p class=\"has-text-align-center wp-block-paragraph\"><strong>Los derechos de autor son con:<\/strong><br>\u00a9 Schirin y Giv von Koerber<\/p>\n\n\n\n<p class=\"has-text-align-center wp-block-paragraph\">M\u00e1s informaci\u00f3n:<br>Giv von Koerber<br>Tel.: +49-221-3563037<br>info(at)monchi-zadeh.de<\/p>\n\n\n\n<p class=\"wp-block-paragraph\">Giv von Koerber<br>Colonia \/ Alemania<br>Contacto: info (at) monchi-zadeh.de<\/p>\n\n\n\n<h2 class=\"wp-block-heading\"><strong>Informaci\u00f3n seg\u00fan el \u00a7 5 TMG<\/strong><\/h2>\n\n\n\n<h5 class=\"wp-block-heading\">Descargo de responsabilidad<\/h5>\n\n\n\n<h5 class=\"wp-block-heading\">Responsabilidad por los enlaces<\/h5>\n\n\n\n<p class=\"wp-block-paragraph\">Nuestra oferta contiene enlaces a p\u00e1ginas web externas de terceros, sobre cuyos contenidos no tenemos ninguna influencia. Por lo tanto, no podemos asumir ninguna responsabilidad por estos contenidos externos. El respectivo proveedor u operador de los sitios es siempre responsable de los contenidos de los sitios enlazados. Las p\u00e1ginas enlazadas fueron comprobadas para detectar posibles violaciones legales en el momento de la vinculaci\u00f3n. Los contenidos ilegales no se identificaron en el momento de la vinculaci\u00f3n. Sin embargo, no es razonable un control permanente del contenido de las p\u00e1ginas enlazadas sin pruebas concretas de una violaci\u00f3n de la ley. Si nos enteramos de alguna infracci\u00f3n, eliminaremos esos enlaces inmediatamente.<\/p>\n\n\n\n<h5 class=\"wp-block-heading\">Responsabilidad por el contenido<\/h5>\n\n\n\n<p class=\"wp-block-paragraph\">Los contenidos de nuestras p\u00e1ginas fueron creados con el mayor cuidado. Sin embargo, no podemos garantizar que el contenido sea correcto, completo y actualizado. Como proveedor de servicios, somos responsables de nuestros propios contenidos en estas p\u00e1ginas de acuerdo con el \u00a7 7 p\u00e1rrafo 1 TMG (Ley alemana de telemedios) y las leyes generales. De acuerdo con los art\u00edculos 8 a 10 de la TMG no estamos obligados a vigilar la informaci\u00f3n transmitida o almacenada de terceros ni a investigar las circunstancias que indiquen una actividad ilegal. Las obligaciones de eliminar o bloquear el uso de la informaci\u00f3n de acuerdo con las leyes generales no se ven afectadas por ello. Sin embargo, la responsabilidad a este respecto s\u00f3lo es posible a partir del momento en que se tiene conocimiento de una infracci\u00f3n concreta. Si tenemos conocimiento de alguna de estas infracciones legales, eliminaremos el contenido en cuesti\u00f3n inmediatamente.<\/p>\n\n\n\n<h5 class=\"wp-block-heading\">Derechos de autor<\/h5>\n\n\n\n<p class=\"wp-block-paragraph\">Los contenidos y las obras de estas p\u00e1ginas creadas por los operadores del sitio est\u00e1n sujetos a la ley alemana de derechos de autor. La reproducci\u00f3n, edici\u00f3n, distribuci\u00f3n y cualquier tipo de uso fuera de los l\u00edmites de la ley de derechos de autor requieren el consentimiento por escrito del respectivo autor o creador. Las descargas y copias de estas p\u00e1ginas s\u00f3lo se permiten para uso privado y no comercial. En la medida en que el contenido de este sitio no haya sido creado por el operador, se respetan los derechos de autor de terceros. En particular, el contenido de terceros se identifica como tal. Si a pesar de ello, se entera de una infracci\u00f3n de derechos de autor, por favor inf\u00f3rmenos. Si nos enteramos de alguna infracci\u00f3n, eliminaremos ese contenido inmediatamente.<\/p>\n","protected":false},"excerpt":{"rendered":"<p>Ninguna de las ilustraciones o textos de este sitio web puede ser reproducida, impresa o almacenada en soportes de datos sin permiso expreso. Los derechos de autor son con:\u00a9 Schirin y Giv von Koerber M\u00e1s informaci\u00f3n:Giv von KoerberTel.: +49-221-3563037info(at)monchi-zadeh.de Giv <span class=\"excerpt-dots\">&hellip;<\/span> <a class=\"more-link\" href=\"https:\/\/von-koerber.de\/es\/impressum\/\"><span class=\"more-msg\">Continue reading &rarr;<\/span><\/a><\/p>\n","protected":false},"author":1,"featured_media":0,"parent":0,"menu_order":6,"comment_status":"open","ping_status":"open","template":"","meta":{"_crdt_document":"","footnotes":""},"folder":[],"class_list":["post-356","page","type-page","status-publish","hentry"],"translation":{"provider":"WPGlobus","version":"3.0.2","language":"es","enabled_languages":["de","es","en","fr"],"languages":{"de":{"title":true,"content":true,"excerpt":false},"es":{"title":true,"content":true,"excerpt":false},"en":{"title":true,"content":true,"excerpt":false},"fr":{"title":true,"content":true,"excerpt":false}}},"_links":{"self":[{"href":"https:\/\/von-koerber.de\/es\/wp-json\/wp\/v2\/pages\/356","targetHints":{"allow":["GET"]}}],"collection":[{"href":"https:\/\/von-koerber.de\/es\/wp-json\/wp\/v2\/pages"}],"about":[{"href":"https:\/\/von-koerber.de\/es\/wp-json\/wp\/v2\/types\/page"}],"author":[{"embeddable":true,"href":"https:\/\/von-koerber.de\/es\/wp-json\/wp\/v2\/users\/1"}],"replies":[{"embeddable":true,"href":"https:\/\/von-koerber.de\/es\/wp-json\/wp\/v2\/comments?post=356"}],"version-history":[{"count":0,"href":"https:\/\/von-koerber.de\/es\/wp-json\/wp\/v2\/pages\/356\/revisions"}],"wp:attachment":[{"href":"https:\/\/von-koerber.de\/es\/wp-json\/wp\/v2\/media?parent=356"}],"wp:term":[{"taxonomy":"folder","embeddable":true,"href":"https:\/\/von-koerber.de\/es\/wp-json\/wp\/v2\/folder?post=356"}],"curies":[{"name":"wp","href":"https:\/\/api.w.org\/{rel}","templated":true}]}}