{"id":357,"date":"2012-07-14T12:52:16","date_gmt":"2012-07-14T10:52:16","guid":{"rendered":"http:\/\/273013.webhosting78.1blu.de\/akefeh\/?page_id=38"},"modified":"2022-10-14T05:51:40","modified_gmt":"2022-10-14T03:51:40","slug":"persische-maerchen","status":"publish","type":"page","link":"https:\/\/von-koerber.de\/es\/cuentos-de-hadas-persas\/","title":{"rendered":"Cuentos de hadas persas"},"content":{"rendered":"\n<p class=\"has-medium-font-size wp-block-paragraph\">Akefeh Monchi-Zadeh (Akefeh von Koerber) no s\u00f3lo contribuy\u00f3 de manera sobresaliente a la renovaci\u00f3n de las viejas tradiciones de la pintura persa en miniatura, sino que tambi\u00e9n integr\u00f3 elementos modernos y de la ilustraci\u00f3n en los cuentos de hadas que cre\u00f3.<\/p>\n\n\n\n<div class=\"wp-block-media-text alignwide is-stacked-on-mobile\" style=\"grid-template-columns:15% auto\"><figure class=\"wp-block-media-text__media\"><a href=\"https:\/\/von-koerber.de\/persische-marchen\/die-versuchung-des-ali\/\"><img loading=\"lazy\" decoding=\"async\" width=\"713\" height=\"1024\" src=\"https:\/\/von-koerber.de\/wp-content\/uploads\/2020\/07\/m011-miniatur-badende-frauen-713x1024.webp\" alt=\"Miniatura persa: Mujeres ba\u00f1\u00e1ndose\" class=\"wp-image-568 size-full\" srcset=\"https:\/\/von-koerber.de\/wp-content\/uploads\/2020\/07\/m011-miniatur-badende-frauen-713x1024.webp 713w, https:\/\/von-koerber.de\/wp-content\/uploads\/2020\/07\/m011-miniatur-badende-frauen-209x300.webp 209w, https:\/\/von-koerber.de\/wp-content\/uploads\/2020\/07\/m011-miniatur-badende-frauen-768x1103.webp 768w, https:\/\/von-koerber.de\/wp-content\/uploads\/2020\/07\/m011-miniatur-badende-frauen.webp 1029w\" sizes=\"auto, (max-width: 713px) 100vw, 713px\" \/><\/a><\/figure><div class=\"wp-block-media-text__content\">\n<h2 class=\"wp-block-heading\"><a href=\"https:\/\/von-koerber.de\/es\/cuentos-de-hadas-persas\/la-tentacion-de-ali\/\">La tentaci\u00f3n de Al\u00ed<\/a><\/h2>\n\n\n\n<p class=\"has-medium-font-size wp-block-paragraph\">La historia de Al\u00ed, a quien la vida libera de su dogm\u00e1tica visi\u00f3n del mundo.<\/p>\n<\/div><\/div>\n\n\n\n<div class=\"wp-block-media-text alignwide is-stacked-on-mobile\" style=\"grid-template-columns:15% auto\"><figure class=\"wp-block-media-text__media\"><a href=\"https:\/\/von-koerber.de\/persische-marchen\/siawosch-und-homa\/\"><img loading=\"lazy\" decoding=\"async\" width=\"709\" height=\"1024\" src=\"https:\/\/von-koerber.de\/wp-content\/uploads\/2020\/07\/m004-persische-miniatur-polospieler-i.webp\" alt=\"Jugador de polo I\" class=\"wp-image-596 size-full\" srcset=\"https:\/\/von-koerber.de\/wp-content\/uploads\/2020\/07\/m004-persische-miniatur-polospieler-i.webp 709w, https:\/\/von-koerber.de\/wp-content\/uploads\/2020\/07\/m004-persische-miniatur-polospieler-i-208x300.webp 208w, https:\/\/von-koerber.de\/wp-content\/uploads\/2020\/07\/m004-persische-miniatur-polospieler-i-104x150.webp 104w\" sizes=\"auto, (max-width: 709px) 100vw, 709px\" \/><\/a><\/figure><div class=\"wp-block-media-text__content\">\n<h2 class=\"wp-block-heading\"><a href=\"https:\/\/von-koerber.de\/es\/cuentos-de-hadas-persas\/siawosch-y-homa\/\">Siawosch y Homa<\/a><\/h2>\n\n\n\n<p class=\"has-medium-font-size wp-block-paragraph\">Una pelea en la que s\u00f3lo hay ganadores.<\/p>\n<\/div><\/div>\n\n\n\n<div class=\"wp-block-media-text alignwide is-stacked-on-mobile\" style=\"grid-template-columns:15% auto\"><figure class=\"wp-block-media-text__media\"><img loading=\"lazy\" decoding=\"async\" width=\"720\" height=\"940\" src=\"https:\/\/von-koerber.de\/wp-content\/uploads\/2020\/07\/m001-persische-miniatur-schirin-im-zaubergarten-i.webp\" alt=\"Schirin en el jard\u00edn m\u00e1gico\" class=\"wp-image-575 size-full\" srcset=\"https:\/\/von-koerber.de\/wp-content\/uploads\/2020\/07\/m001-persische-miniatur-schirin-im-zaubergarten-i.webp 720w, https:\/\/von-koerber.de\/wp-content\/uploads\/2020\/07\/m001-persische-miniatur-schirin-im-zaubergarten-i-230x300.webp 230w, https:\/\/von-koerber.de\/wp-content\/uploads\/2020\/07\/m001-persische-miniatur-schirin-im-zaubergarten-i-115x150.webp 115w\" sizes=\"auto, (max-width: 720px) 100vw, 720px\" \/><\/figure><div class=\"wp-block-media-text__content\">\n<h2 class=\"wp-block-heading\"><a href=\"https:\/\/von-koerber.de\/es\/cuentos-de-hadas-persas\/schirin-en-el-jardin-magico\/\">Schirin en el jard\u00edn m\u00e1gico<\/a><\/h2>\n\n\n\n<p class=\"has-medium-font-size wp-block-paragraph\">A veces hay segundas oportunidades.<\/p>\n<\/div><\/div>\n","protected":false},"excerpt":{"rendered":"<p>Akefeh Monchi-Zadeh (Akefeh von Koerber) no s\u00f3lo contribuy\u00f3 de manera sobresaliente a la renovaci\u00f3n de las viejas tradiciones de la pintura persa en miniatura, sino que tambi\u00e9n integr\u00f3 elementos modernos y de la ilustraci\u00f3n en los cuentos de hadas que <span class=\"excerpt-dots\">&hellip;<\/span> <a class=\"more-link\" href=\"https:\/\/von-koerber.de\/es\/cuentos-de-hadas-persas\/\"><span class=\"more-msg\">Continue reading &rarr;<\/span><\/a><\/p>\n","protected":false},"author":1,"featured_media":581,"parent":0,"menu_order":1,"comment_status":"closed","ping_status":"closed","template":"","meta":{"_crdt_document":"","footnotes":""},"folder":[],"class_list":["post-357","page","type-page","status-publish","has-post-thumbnail","hentry"],"translation":{"provider":"WPGlobus","version":"3.0.2","language":"es","enabled_languages":["de","es","en","fr"],"languages":{"de":{"title":true,"content":true,"excerpt":false},"es":{"title":true,"content":true,"excerpt":false},"en":{"title":true,"content":true,"excerpt":false},"fr":{"title":true,"content":true,"excerpt":false}}},"_links":{"self":[{"href":"https:\/\/von-koerber.de\/es\/wp-json\/wp\/v2\/pages\/357","targetHints":{"allow":["GET"]}}],"collection":[{"href":"https:\/\/von-koerber.de\/es\/wp-json\/wp\/v2\/pages"}],"about":[{"href":"https:\/\/von-koerber.de\/es\/wp-json\/wp\/v2\/types\/page"}],"author":[{"embeddable":true,"href":"https:\/\/von-koerber.de\/es\/wp-json\/wp\/v2\/users\/1"}],"replies":[{"embeddable":true,"href":"https:\/\/von-koerber.de\/es\/wp-json\/wp\/v2\/comments?post=357"}],"version-history":[{"count":0,"href":"https:\/\/von-koerber.de\/es\/wp-json\/wp\/v2\/pages\/357\/revisions"}],"wp:featuredmedia":[{"embeddable":true,"href":"https:\/\/von-koerber.de\/es\/wp-json\/wp\/v2\/media\/581"}],"wp:attachment":[{"href":"https:\/\/von-koerber.de\/es\/wp-json\/wp\/v2\/media?parent=357"}],"wp:term":[{"taxonomy":"folder","embeddable":true,"href":"https:\/\/von-koerber.de\/es\/wp-json\/wp\/v2\/folder?post=357"}],"curies":[{"name":"wp","href":"https:\/\/api.w.org\/{rel}","templated":true}]}}