{"id":485,"date":"2020-07-16T11:26:59","date_gmt":"2020-07-16T11:26:59","guid":{"rendered":"https:\/\/von-koerber.de\/?page_id=485"},"modified":"2021-08-10T14:48:53","modified_gmt":"2021-08-10T12:48:53","slug":"presse-und-dokumentation","status":"publish","type":"page","link":"https:\/\/von-koerber.de\/es\/prensa-y-documentacion\/","title":{"rendered":"Prensa y documentaci\u00f3n"},"content":{"rendered":"\n<div class=\"wp-block-columns is-layout-flex wp-container-core-columns-is-layout-8f761849 wp-block-columns-is-layout-flex\">\n<div class=\"wp-block-column is-layout-flow wp-block-column-is-layout-flow\" style=\"flex-basis:100%\">\n<div class=\"wp-block-media-text alignwide is-stacked-on-mobile\" style=\"grid-template-columns:15% auto\"><figure class=\"wp-block-media-text__media\"><a href=\"https:\/\/von-koerber.de\/wp-content\/uploads\/2020\/07\/1947-akefeh-von-koerber-ausstellung-in-schwetzingen.webp\" target=\"_blank\" rel=\"noopener noreferrer\"><img loading=\"lazy\" decoding=\"async\" width=\"128\" height=\"150\" src=\"https:\/\/von-koerber.de\/wp-content\/uploads\/2020\/07\/1947-akefeh-von-koerber-ausstellung-in-schwetzingen-128x150.webp\" alt=\"\" class=\"wp-image-478 size-full\" srcset=\"https:\/\/von-koerber.de\/wp-content\/uploads\/2020\/07\/1947-akefeh-von-koerber-ausstellung-in-schwetzingen-128x150.webp 128w, https:\/\/von-koerber.de\/wp-content\/uploads\/2020\/07\/1947-akefeh-von-koerber-ausstellung-in-schwetzingen-256x300.webp 256w, https:\/\/von-koerber.de\/wp-content\/uploads\/2020\/07\/1947-akefeh-von-koerber-ausstellung-in-schwetzingen.webp 674w\" sizes=\"auto, (max-width: 128px) 100vw, 128px\" \/><\/a><\/figure><div class=\"wp-block-media-text__content\">\n<p class=\"has-medium-font-size wp-block-paragraph\">Primera exposici\u00f3n de algunas miniaturas 1947 en el castillo de Schwetzingen.<\/p>\n<\/div><\/div>\n<\/div>\n<\/div>\n\n\n\n<div class=\"wp-block-columns is-layout-flex wp-container-core-columns-is-layout-8f761849 wp-block-columns-is-layout-flex\">\n<div class=\"wp-block-column is-layout-flow wp-block-column-is-layout-flow\" style=\"flex-basis:100%\">\n<div class=\"wp-block-media-text alignwide is-stacked-on-mobile\" style=\"grid-template-columns:15% auto\"><figure class=\"wp-block-media-text__media\"><a href=\"https:\/\/von-koerber.de\/wp-content\/uploads\/2020\/07\/1952-akefeh-von-koerber-wahlheimat-deutschland.webp\" target=\"_blank\" rel=\"noopener noreferrer\"><img loading=\"lazy\" decoding=\"async\" width=\"109\" height=\"150\" src=\"https:\/\/von-koerber.de\/wp-content\/uploads\/2020\/07\/1952-akefeh-von-koerber-wahlheimat-deutschland-109x150.webp\" alt=\"\" class=\"wp-image-480 size-full\" srcset=\"https:\/\/von-koerber.de\/wp-content\/uploads\/2020\/07\/1952-akefeh-von-koerber-wahlheimat-deutschland-109x150.webp 109w, https:\/\/von-koerber.de\/wp-content\/uploads\/2020\/07\/1952-akefeh-von-koerber-wahlheimat-deutschland-217x300.webp 217w, https:\/\/von-koerber.de\/wp-content\/uploads\/2020\/07\/1952-akefeh-von-koerber-wahlheimat-deutschland.webp 720w\" sizes=\"auto, (max-width: 109px) 100vw, 109px\" \/><\/a><\/figure><div class=\"wp-block-media-text__content\">\n<p class=\"has-medium-font-size wp-block-paragraph\">&#8220;Hogar electivo Alemania&#8221;. Un art\u00edculo de peri\u00f3dico de su marido Heribert von Koerber, que apareci\u00f3 a principios de los 50. Algunos de los art\u00edculos sobre su vida est\u00e1n &#8220;adaptados&#8221; period\u00edsticamente. As\u00ed que el destino del viaje a Europa era originalmente Par\u00eds, Berl\u00edn era s\u00f3lo una escala. Otros detalles descritos en el art\u00edculo tampoco se corresponden con los hechos.<\/p>\n<\/div><\/div>\n<\/div>\n<\/div>\n\n\n\n<div class=\"wp-block-columns is-layout-flex wp-container-core-columns-is-layout-8f761849 wp-block-columns-is-layout-flex\">\n<div class=\"wp-block-column is-layout-flow wp-block-column-is-layout-flow\" style=\"flex-basis:100%\">\n<div class=\"wp-block-media-text alignwide is-stacked-on-mobile\" style=\"grid-template-columns:15% auto\"><figure class=\"wp-block-media-text__media\"><a href=\"https:\/\/von-koerber.de\/wp-content\/uploads\/2020\/07\/1956-das-magazin-die-sieger-im-wettrennen.webp\" target=\"_blank\" rel=\"noopener noreferrer\"><img loading=\"lazy\" decoding=\"async\" width=\"150\" height=\"109\" src=\"https:\/\/von-koerber.de\/wp-content\/uploads\/2020\/07\/1956-das-magazin-die-sieger-im-wettrennen-150x109.webp\" alt=\"\" class=\"wp-image-472 size-full\" srcset=\"https:\/\/von-koerber.de\/wp-content\/uploads\/2020\/07\/1956-das-magazin-die-sieger-im-wettrennen-150x109.webp 150w, https:\/\/von-koerber.de\/wp-content\/uploads\/2020\/07\/1956-das-magazin-die-sieger-im-wettrennen-300x218.webp 300w, https:\/\/von-koerber.de\/wp-content\/uploads\/2020\/07\/1956-das-magazin-die-sieger-im-wettrennen-768x559.webp 768w, https:\/\/von-koerber.de\/wp-content\/uploads\/2020\/07\/1956-das-magazin-die-sieger-im-wettrennen.webp 990w\" sizes=\"auto, (max-width: 150px) 100vw, 150px\" \/><\/a><\/figure><div class=\"wp-block-media-text__content\">\n<p class=\"has-medium-font-size wp-block-paragraph\">En 1956, tres cuentos de hadas persas escritos por Akefeh von Koerber e ilustrados con sus propias miniaturas aparecieron en la respetada revista cultural de la RDA &#8220;Das Magazin&#8221;.<br>Aqu\u00ed: Los ganadores de la carrera, que se encuentran en este sitio web bajo &#8220;Siawosch y Homa&#8221;.<\/p>\n<\/div><\/div>\n<\/div>\n<\/div>\n\n\n\n<div class=\"wp-block-columns is-layout-flex wp-container-core-columns-is-layout-8f761849 wp-block-columns-is-layout-flex\">\n<div class=\"wp-block-column is-layout-flow wp-block-column-is-layout-flow\" style=\"flex-basis:100%\">\n<div class=\"wp-block-media-text alignwide is-stacked-on-mobile\" style=\"grid-template-columns:15% auto\"><figure class=\"wp-block-media-text__media\"><a href=\"https:\/\/von-koerber.de\/wp-content\/uploads\/2020\/07\/1956-das-magazin-die-abenteuer-des-frommen-ali.webp\" target=\"_blank\" rel=\"noopener noreferrer\"><img loading=\"lazy\" decoding=\"async\" width=\"150\" height=\"109\" src=\"https:\/\/von-koerber.de\/wp-content\/uploads\/2020\/07\/1956-das-magazin-die-abenteuer-des-frommen-ali-150x109.webp\" alt=\"\" class=\"wp-image-471 size-full\" srcset=\"https:\/\/von-koerber.de\/wp-content\/uploads\/2020\/07\/1956-das-magazin-die-abenteuer-des-frommen-ali-150x109.webp 150w, https:\/\/von-koerber.de\/wp-content\/uploads\/2020\/07\/1956-das-magazin-die-abenteuer-des-frommen-ali-300x218.webp 300w, https:\/\/von-koerber.de\/wp-content\/uploads\/2020\/07\/1956-das-magazin-die-abenteuer-des-frommen-ali-768x559.webp 768w, https:\/\/von-koerber.de\/wp-content\/uploads\/2020\/07\/1956-das-magazin-die-abenteuer-des-frommen-ali.webp 990w\" sizes=\"auto, (max-width: 150px) 100vw, 150px\" \/><\/a><\/figure><div class=\"wp-block-media-text__content\">\n<p class=\"has-medium-font-size wp-block-paragraph\">&#8220;Las aventuras de P\u00edo Al\u00ed&#8221; (Das Magazin, 1956).<\/p>\n<\/div><\/div>\n<\/div>\n<\/div>\n\n\n\n<div class=\"wp-block-columns is-layout-flex wp-container-core-columns-is-layout-8f761849 wp-block-columns-is-layout-flex\">\n<div class=\"wp-block-column is-layout-flow wp-block-column-is-layout-flow\" style=\"flex-basis:100%\">\n<div class=\"wp-block-media-text alignwide is-stacked-on-mobile\" style=\"grid-template-columns:15% auto\"><figure class=\"wp-block-media-text__media\"><a href=\"https:\/\/von-koerber.de\/wp-content\/uploads\/2020\/07\/1956-das-magazin-schirin-im-zaubergarten.webp\" target=\"_blank\" rel=\"noopener noreferrer\"><img loading=\"lazy\" decoding=\"async\" width=\"150\" height=\"109\" src=\"https:\/\/von-koerber.de\/wp-content\/uploads\/2020\/07\/1956-das-magazin-schirin-im-zaubergarten-150x109.webp\" alt=\"\" class=\"wp-image-470 size-full\" srcset=\"https:\/\/von-koerber.de\/wp-content\/uploads\/2020\/07\/1956-das-magazin-schirin-im-zaubergarten-150x109.webp 150w, https:\/\/von-koerber.de\/wp-content\/uploads\/2020\/07\/1956-das-magazin-schirin-im-zaubergarten-300x218.webp 300w, https:\/\/von-koerber.de\/wp-content\/uploads\/2020\/07\/1956-das-magazin-schirin-im-zaubergarten-768x559.webp 768w, https:\/\/von-koerber.de\/wp-content\/uploads\/2020\/07\/1956-das-magazin-schirin-im-zaubergarten.webp 990w\" sizes=\"auto, (max-width: 150px) 100vw, 150px\" \/><\/a><\/figure><div class=\"wp-block-media-text__content\">\n<p class=\"has-medium-font-size wp-block-paragraph\">&#8220;Schirin en el jardin de las maravillas&#8221; (Das Magazin, 1956).<\/p>\n<\/div><\/div>\n<\/div>\n<\/div>\n\n\n\n<div class=\"wp-block-columns is-layout-flex wp-container-core-columns-is-layout-8f761849 wp-block-columns-is-layout-flex\">\n<div class=\"wp-block-column is-layout-flow wp-block-column-is-layout-flow\" style=\"flex-basis:100%\">\n<div class=\"wp-block-media-text alignwide is-stacked-on-mobile\" style=\"grid-template-columns:15% auto\"><figure class=\"wp-block-media-text__media\"><a href=\"https:\/\/von-koerber.de\/wp-content\/uploads\/2020\/07\/1957-akefeh-von-koerber-katholische-zeitung.webp\" target=\"_blank\" rel=\"noopener noreferrer\"><img loading=\"lazy\" decoding=\"async\" width=\"117\" height=\"150\" src=\"https:\/\/von-koerber.de\/wp-content\/uploads\/2020\/07\/1957-akefeh-von-koerber-katholische-zeitung-117x150.webp\" alt=\"\" class=\"wp-image-475 size-full\" srcset=\"https:\/\/von-koerber.de\/wp-content\/uploads\/2020\/07\/1957-akefeh-von-koerber-katholische-zeitung-117x150.webp 117w, https:\/\/von-koerber.de\/wp-content\/uploads\/2020\/07\/1957-akefeh-von-koerber-katholische-zeitung-234x300.webp 234w, https:\/\/von-koerber.de\/wp-content\/uploads\/2020\/07\/1957-akefeh-von-koerber-katholische-zeitung.webp 717w\" sizes=\"auto, (max-width: 117px) 100vw, 117px\" \/><\/a><\/figure><div class=\"wp-block-media-text__content\">\n<p class=\"has-medium-font-size wp-block-paragraph\">&#8220;El arte tradicional persa en Europa&#8221;. En el &#8220;Katholische Zeitung&#8221; del 2 de junio de 1957, el periodista Bachmann escribe sobre las obras de Akefeh von Koerber. S\u00f3lo cuando se refiere a la imagen adyacente, que obviamente muestra dos monjas, inventa un nuevo t\u00edtulo, &#8220;Dos hermanas&#8221;, y afirma que representa a dos hermanas ciegas de Ir\u00e1n. Esta &#8220;adaptaci\u00f3n&#8221; period\u00edstica se debi\u00f3 al esp\u00edritu de la \u00e9poca. En 1957, hablar en p\u00fablico sobre los horrores de la Segunda Guerra Mundial era casi tab\u00fa. De hecho, A.v.K. hab\u00eda dibujado a dos monjas desesperadas a un refugio en Leipzig durante un bombardeo y se lo comunic\u00f3 al Sr. Bachmann.<\/p>\n<\/div><\/div>\n<\/div>\n<\/div>\n\n\n\n<div class=\"wp-block-columns is-layout-flex wp-container-core-columns-is-layout-8f761849 wp-block-columns-is-layout-flex\">\n<div class=\"wp-block-column is-layout-flow wp-block-column-is-layout-flow\" style=\"flex-basis:100%\">\n<div class=\"wp-block-media-text alignwide is-stacked-on-mobile\" style=\"grid-template-columns:15% auto\"><figure class=\"wp-block-media-text__media\"><a href=\"https:\/\/von-koerber.de\/wp-content\/uploads\/1963-01-13-koelnische-rundschau.webp\" target=\"_blank\" rel=\"noopener noreferrer\"><img loading=\"lazy\" decoding=\"async\" width=\"720\" height=\"1015\" src=\"https:\/\/von-koerber.de\/wp-content\/uploads\/1963-01-13-koelnische-rundschau.webp\" alt=\"\" class=\"wp-image-4019 size-full\" srcset=\"https:\/\/von-koerber.de\/wp-content\/uploads\/1963-01-13-koelnische-rundschau.webp 720w, https:\/\/von-koerber.de\/wp-content\/uploads\/1963-01-13-koelnische-rundschau-213x300.webp 213w, https:\/\/von-koerber.de\/wp-content\/uploads\/1963-01-13-koelnische-rundschau-106x150.webp 106w\" sizes=\"auto, (max-width: 720px) 100vw, 720px\" \/><\/a><\/figure><div class=\"wp-block-media-text__content\">\n<p class=\"has-medium-font-size wp-block-paragraph\">&#8220;Miniaturas persas &#8211; pintadas en Colonia&#8221;. Este art\u00edculo apareci\u00f3 en la &#8220;K\u00f6lnische Rundschau&#8221; el 13 de enero de 1963 despu\u00e9s de una exposici\u00f3n de GEDOK, en la que Akefeh von Koerber tambi\u00e9n particip\u00f3 con algunas obras.<\/p>\n<\/div><\/div>\n<\/div>\n<\/div>\n\n\n\n<div class=\"wp-block-columns is-layout-flex wp-container-core-columns-is-layout-8f761849 wp-block-columns-is-layout-flex\">\n<div class=\"wp-block-column is-layout-flow wp-block-column-is-layout-flow\" style=\"flex-basis:100%\">\n<div class=\"wp-block-media-text alignwide is-stacked-on-mobile\" style=\"grid-template-columns:15% auto\"><figure class=\"wp-block-media-text__media\"><a href=\"https:\/\/von-koerber.de\/wp-content\/uploads\/2020\/07\/1981-akefeh-von-koerber-zeitungsartikel-koelner-stadtanzeiger.webp\" target=\"_blank\" rel=\"noopener noreferrer\"><img loading=\"lazy\" decoding=\"async\" width=\"590\" height=\"1024\" src=\"https:\/\/von-koerber.de\/wp-content\/uploads\/2020\/07\/1981-akefeh-von-koerber-zeitungsartikel-koelner-stadtanzeiger-590x1024.webp\" alt=\"\" class=\"wp-image-474 size-full\" srcset=\"https:\/\/von-koerber.de\/wp-content\/uploads\/2020\/07\/1981-akefeh-von-koerber-zeitungsartikel-koelner-stadtanzeiger-590x1024.webp 590w, https:\/\/von-koerber.de\/wp-content\/uploads\/2020\/07\/1981-akefeh-von-koerber-zeitungsartikel-koelner-stadtanzeiger-173x300.webp 173w, https:\/\/von-koerber.de\/wp-content\/uploads\/2020\/07\/1981-akefeh-von-koerber-zeitungsartikel-koelner-stadtanzeiger-86x150.webp 86w, https:\/\/von-koerber.de\/wp-content\/uploads\/2020\/07\/1981-akefeh-von-koerber-zeitungsartikel-koelner-stadtanzeiger.webp 715w\" sizes=\"auto, (max-width: 590px) 100vw, 590px\" \/><\/a><\/figure><div class=\"wp-block-media-text__content\">\n<p class=\"has-medium-font-size wp-block-paragraph\">&#8220;El delicado mundo de las acuarelas orientales&#8221;. Un art\u00edculo del &#8220;K\u00f6lner Stadt-Anzeiger&#8221; del 12 de mayo de 1981 con motivo de una exposici\u00f3n de miniaturas de Akefeh von Koerber en el &#8220;City-Treff&#8221;, ahora &#8220;SK Stiftung Kultur&#8221;.<\/p>\n<\/div><\/div>\n<\/div>\n<\/div>\n\n\n\n<div class=\"wp-block-columns is-layout-flex wp-container-core-columns-is-layout-8f761849 wp-block-columns-is-layout-flex\">\n<div class=\"wp-block-column is-layout-flow wp-block-column-is-layout-flow\" style=\"flex-basis:100%\">\n<div class=\"wp-block-media-text alignwide is-stacked-on-mobile\" style=\"grid-template-columns:15% auto\"><figure class=\"wp-block-media-text__media\"><a href=\"https:\/\/von-koerber.de\/wp-content\/uploads\/2020\/07\/1981-akefeh-von-koerber-persische-kuenstlerin-stellt-iranische-maerchenwelt-vor.webp\" target=\"_blank\" rel=\"noopener noreferrer\"><img loading=\"lazy\" decoding=\"async\" width=\"121\" height=\"150\" src=\"https:\/\/von-koerber.de\/wp-content\/uploads\/2020\/07\/1981-akefeh-von-koerber-persische-kuenstlerin-stellt-iranische-maerchenwelt-vor-121x150.webp\" alt=\"\" class=\"wp-image-481 size-full\" srcset=\"https:\/\/von-koerber.de\/wp-content\/uploads\/2020\/07\/1981-akefeh-von-koerber-persische-kuenstlerin-stellt-iranische-maerchenwelt-vor-121x150.webp 121w, https:\/\/von-koerber.de\/wp-content\/uploads\/2020\/07\/1981-akefeh-von-koerber-persische-kuenstlerin-stellt-iranische-maerchenwelt-vor-242x300.webp 242w, https:\/\/von-koerber.de\/wp-content\/uploads\/2020\/07\/1981-akefeh-von-koerber-persische-kuenstlerin-stellt-iranische-maerchenwelt-vor.webp 720w\" sizes=\"auto, (max-width: 121px) 100vw, 121px\" \/><\/a><\/figure><div class=\"wp-block-media-text__content\">\n<p class=\"has-medium-font-size wp-block-paragraph\">&#8220;Artista persa presenta el mundo de los cuentos de hadas iran\u00edes&#8221;. &#8220;K\u00f6lner Wochenspiegel&#8221; del 29 de abril de 1981 con motivo de la exposici\u00f3n en el &#8220;City-Treff&#8221;.<\/p>\n<\/div><\/div>\n<\/div>\n<\/div>\n\n\n\n<div class=\"wp-block-columns is-layout-flex wp-container-core-columns-is-layout-8f761849 wp-block-columns-is-layout-flex\">\n<div class=\"wp-block-column is-layout-flow wp-block-column-is-layout-flow\" style=\"flex-basis:100%\">\n<div class=\"wp-block-media-text alignwide is-stacked-on-mobile\" style=\"grid-template-columns:15% auto\"><figure class=\"wp-block-media-text__media\"><a href=\"https:\/\/von-koerber.de\/wp-content\/uploads\/2020\/07\/1989-akefeh-von-koerber-ausstellung-kulturzentrum-rhiannon.webp\" target=\"_blank\" rel=\"noopener noreferrer\"><img loading=\"lazy\" decoding=\"async\" width=\"717\" height=\"1024\" src=\"https:\/\/von-koerber.de\/wp-content\/uploads\/2020\/07\/1989-akefeh-von-koerber-ausstellung-kulturzentrum-rhiannon-717x1024.webp\" alt=\"\" class=\"wp-image-476 size-full\" srcset=\"https:\/\/von-koerber.de\/wp-content\/uploads\/2020\/07\/1989-akefeh-von-koerber-ausstellung-kulturzentrum-rhiannon-717x1024.webp 717w, https:\/\/von-koerber.de\/wp-content\/uploads\/2020\/07\/1989-akefeh-von-koerber-ausstellung-kulturzentrum-rhiannon-210x300.webp 210w, https:\/\/von-koerber.de\/wp-content\/uploads\/2020\/07\/1989-akefeh-von-koerber-ausstellung-kulturzentrum-rhiannon-105x150.webp 105w, https:\/\/von-koerber.de\/wp-content\/uploads\/2020\/07\/1989-akefeh-von-koerber-ausstellung-kulturzentrum-rhiannon.webp 720w\" sizes=\"auto, (max-width: 717px) 100vw, 717px\" \/><\/a><\/figure><div class=\"wp-block-media-text__content\">\n<p class=\"has-medium-font-size wp-block-paragraph\">3 de marzo &#8211; 4 de abril de 1989: Exposici\u00f3n de dibujos al carboncillo en la librer\u00eda femenina de Rhiannon y en el centro cultural para mujeres de Colonia. La Rhiannon fue una de las primeras librer\u00edas femeninas de Alemania y la primera de Colonia. En ese momento los hombres a\u00fan no pod\u00edan entrar.<\/p>\n<\/div><\/div>\n<\/div>\n<\/div>\n\n\n\n<div class=\"wp-block-columns is-layout-flex wp-container-core-columns-is-layout-8f761849 wp-block-columns-is-layout-flex\">\n<div class=\"wp-block-column is-layout-flow wp-block-column-is-layout-flow\" style=\"flex-basis:100%\">\n<div class=\"wp-block-media-text alignwide is-stacked-on-mobile\" style=\"grid-template-columns:15% auto\"><figure class=\"wp-block-media-text__media\"><a href=\"https:\/\/von-koerber.de\/wp-content\/uploads\/2020\/07\/1990-akefeh-von-koerber-ankuendigung-ausstellung-juventud-rebelde.webp\" target=\"_blank\" rel=\"noopener noreferrer\"><img loading=\"lazy\" decoding=\"async\" width=\"108\" height=\"150\" src=\"https:\/\/von-koerber.de\/wp-content\/uploads\/2020\/07\/1990-akefeh-von-koerber-ankuendigung-ausstellung-juventud-rebelde-108x150.webp\" alt=\"\" class=\"wp-image-473 size-full\" srcset=\"https:\/\/von-koerber.de\/wp-content\/uploads\/2020\/07\/1990-akefeh-von-koerber-ankuendigung-ausstellung-juventud-rebelde-108x150.webp 108w, https:\/\/von-koerber.de\/wp-content\/uploads\/2020\/07\/1990-akefeh-von-koerber-ankuendigung-ausstellung-juventud-rebelde-217x300.webp 217w, https:\/\/von-koerber.de\/wp-content\/uploads\/2020\/07\/1990-akefeh-von-koerber-ankuendigung-ausstellung-juventud-rebelde.webp 720w\" sizes=\"auto, (max-width: 108px) 100vw, 108px\" \/><\/a><\/figure><div class=\"wp-block-media-text__content\">\n<p class=\"has-medium-font-size wp-block-paragraph\">En el centro de la vieja ciudad colonial de La Habana, Cuba, se encuentra el antiguo palacio del Gobernador de La Habana (hoy museo y oficina del historiador de la ciudad). A la derecha est\u00e1 el palacio de su diputado (hoy sede del Instituto Cubano del Libro con salas de exposici\u00f3n).<br><br>En abril de 1990 se realiz\u00f3 una exposici\u00f3n de las obras de Akefeh von Koerber.<br><br>&#8220;Juventud rebelde&#8221;, en el que se anunci\u00f3 la exposici\u00f3n el 12 de abril de 1990, es el segundo diario m\u00e1s importante de Cuba.<br><\/p>\n<\/div><\/div>\n<\/div>\n<\/div>\n\n\n\n<div class=\"wp-block-columns is-layout-flex wp-container-core-columns-is-layout-8f761849 wp-block-columns-is-layout-flex\">\n<div class=\"wp-block-column is-layout-flow wp-block-column-is-layout-flow\" style=\"flex-basis:100%\">\n<div class=\"wp-block-media-text alignwide is-stacked-on-mobile\" style=\"grid-template-columns:15% auto\"><figure class=\"wp-block-media-text__media\"><a href=\"https:\/\/von-koerber.de\/wp-content\/uploads\/2020\/07\/1990-akefeh-von-koerber-ausstellung-in-havanna-kuba.webp\" target=\"_blank\" rel=\"noopener noreferrer\"><img loading=\"lazy\" decoding=\"async\" width=\"150\" height=\"123\" src=\"https:\/\/von-koerber.de\/wp-content\/uploads\/2020\/07\/1990-akefeh-von-koerber-ausstellung-in-havanna-kuba-150x123.webp\" alt=\"\" class=\"wp-image-479 size-full\" srcset=\"https:\/\/von-koerber.de\/wp-content\/uploads\/2020\/07\/1990-akefeh-von-koerber-ausstellung-in-havanna-kuba-150x123.webp 150w, https:\/\/von-koerber.de\/wp-content\/uploads\/2020\/07\/1990-akefeh-von-koerber-ausstellung-in-havanna-kuba-300x245.webp 300w, https:\/\/von-koerber.de\/wp-content\/uploads\/2020\/07\/1990-akefeh-von-koerber-ausstellung-in-havanna-kuba-768x628.webp 768w, https:\/\/von-koerber.de\/wp-content\/uploads\/2020\/07\/1990-akefeh-von-koerber-ausstellung-in-havanna-kuba.webp 880w\" sizes=\"auto, (max-width: 150px) 100vw, 150px\" \/><\/a><\/figure><div class=\"wp-block-media-text__content\">\n<p class=\"has-medium-font-size wp-block-paragraph\">Anuncio de la exposici\u00f3n en La Habana en el peri\u00f3dico sindical cubano &#8220;Trabajadores&#8221; el 14 de abril de 1990.<\/p>\n<\/div><\/div>\n<\/div>\n<\/div>\n\n\n\n<div class=\"wp-block-columns is-layout-flex wp-container-core-columns-is-layout-8f761849 wp-block-columns-is-layout-flex\">\n<div class=\"wp-block-column is-layout-flow wp-block-column-is-layout-flow\" style=\"flex-basis:100%\">\n<div class=\"wp-block-media-text alignwide is-stacked-on-mobile\" style=\"grid-template-columns:15% auto\"><figure class=\"wp-block-media-text__media\"><a href=\"https:\/\/von-koerber.de\/wp-content\/uploads\/2020\/07\/1990-cartelera-ausstellung-ankuendigung-akefeh-von-koerber.webp\" target=\"_blank\" rel=\"noopener noreferrer\"><img loading=\"lazy\" decoding=\"async\" width=\"1024\" height=\"467\" src=\"https:\/\/von-koerber.de\/wp-content\/uploads\/2020\/07\/1990-cartelera-ausstellung-ankuendigung-akefeh-von-koerber-1024x467.webp\" alt=\"\" class=\"wp-image-468 size-full\" srcset=\"https:\/\/von-koerber.de\/wp-content\/uploads\/2020\/07\/1990-cartelera-ausstellung-ankuendigung-akefeh-von-koerber-1024x467.webp 1024w, https:\/\/von-koerber.de\/wp-content\/uploads\/2020\/07\/1990-cartelera-ausstellung-ankuendigung-akefeh-von-koerber-300x137.webp 300w, https:\/\/von-koerber.de\/wp-content\/uploads\/2020\/07\/1990-cartelera-ausstellung-ankuendigung-akefeh-von-koerber-150x68.webp 150w, https:\/\/von-koerber.de\/wp-content\/uploads\/2020\/07\/1990-cartelera-ausstellung-ankuendigung-akefeh-von-koerber-768x351.webp 768w, https:\/\/von-koerber.de\/wp-content\/uploads\/2020\/07\/1990-cartelera-ausstellung-ankuendigung-akefeh-von-koerber.webp 1080w\" sizes=\"auto, (max-width: 1024px) 100vw, 1024px\" \/><\/a><\/figure><div class=\"wp-block-media-text__content\">\n<p class=\"has-medium-font-size wp-block-paragraph\">En la &#8220;Cartelera&#8221;, el calendario de eventos de La Habana, se hace referencia a la exposici\u00f3n en la edici\u00f3n del 12 al 18 de abril de 1990.<\/p>\n<\/div><\/div>\n<\/div>\n<\/div>\n\n\n\n<div class=\"wp-block-columns is-layout-flex wp-container-core-columns-is-layout-8f761849 wp-block-columns-is-layout-flex\">\n<div class=\"wp-block-column is-layout-flow wp-block-column-is-layout-flow\" style=\"flex-basis:100%\">\n<div class=\"wp-block-media-text alignwide is-stacked-on-mobile\" style=\"grid-template-columns:15% auto\"><figure class=\"wp-block-media-text__media\"><a href=\"https:\/\/von-koerber.de\/wp-content\/uploads\/2020\/07\/1990-havanna-ausstellung-akefeh-von-koerber.webp\" target=\"_blank\" rel=\"noopener noreferrer\"><img loading=\"lazy\" decoding=\"async\" width=\"1024\" height=\"668\" src=\"https:\/\/von-koerber.de\/wp-content\/uploads\/2020\/07\/1990-havanna-ausstellung-akefeh-von-koerber-1024x668.webp\" alt=\"\" class=\"wp-image-1297 size-full\" srcset=\"https:\/\/von-koerber.de\/wp-content\/uploads\/2020\/07\/1990-havanna-ausstellung-akefeh-von-koerber-1024x668.webp 1024w, https:\/\/von-koerber.de\/wp-content\/uploads\/2020\/07\/1990-havanna-ausstellung-akefeh-von-koerber-300x196.webp 300w, https:\/\/von-koerber.de\/wp-content\/uploads\/2020\/07\/1990-havanna-ausstellung-akefeh-von-koerber-150x98.webp 150w, https:\/\/von-koerber.de\/wp-content\/uploads\/2020\/07\/1990-havanna-ausstellung-akefeh-von-koerber-768x501.webp 768w, https:\/\/von-koerber.de\/wp-content\/uploads\/2020\/07\/1990-havanna-ausstellung-akefeh-von-koerber.webp 1104w\" sizes=\"auto, (max-width: 1024px) 100vw, 1024px\" \/><\/a><\/figure><div class=\"wp-block-media-text__content\">\n<p class=\"has-medium-font-size wp-block-paragraph\">Foto de la construcci\u00f3n de la exposici\u00f3n 1990 en La Habana.<\/p>\n<\/div><\/div>\n<\/div>\n<\/div>\n","protected":false},"excerpt":{"rendered":"<p>Primera exposici\u00f3n de algunas miniaturas 1947 en el castillo de Schwetzingen. &#8220;Hogar electivo Alemania&#8221;. Un art\u00edculo de peri\u00f3dico de su marido Heribert von Koerber, que apareci\u00f3 a principios de los 50. Algunos de los art\u00edculos sobre su vida est\u00e1n &#8220;adaptados&#8221; <span class=\"excerpt-dots\">&hellip;<\/span> <a class=\"more-link\" href=\"https:\/\/von-koerber.de\/es\/prensa-y-documentacion\/\"><span class=\"more-msg\">Continue reading &rarr;<\/span><\/a><\/p>\n","protected":false},"author":1,"featured_media":470,"parent":0,"menu_order":0,"comment_status":"closed","ping_status":"closed","template":"","meta":{"_crdt_document":"","footnotes":""},"folder":[],"class_list":["post-485","page","type-page","status-publish","has-post-thumbnail","hentry"],"translation":{"provider":"WPGlobus","version":"3.0.2","language":"es","enabled_languages":["de","es","en","fr"],"languages":{"de":{"title":true,"content":true,"excerpt":false},"es":{"title":true,"content":true,"excerpt":false},"en":{"title":true,"content":true,"excerpt":false},"fr":{"title":true,"content":true,"excerpt":false}}},"_links":{"self":[{"href":"https:\/\/von-koerber.de\/es\/wp-json\/wp\/v2\/pages\/485","targetHints":{"allow":["GET"]}}],"collection":[{"href":"https:\/\/von-koerber.de\/es\/wp-json\/wp\/v2\/pages"}],"about":[{"href":"https:\/\/von-koerber.de\/es\/wp-json\/wp\/v2\/types\/page"}],"author":[{"embeddable":true,"href":"https:\/\/von-koerber.de\/es\/wp-json\/wp\/v2\/users\/1"}],"replies":[{"embeddable":true,"href":"https:\/\/von-koerber.de\/es\/wp-json\/wp\/v2\/comments?post=485"}],"version-history":[{"count":0,"href":"https:\/\/von-koerber.de\/es\/wp-json\/wp\/v2\/pages\/485\/revisions"}],"wp:featuredmedia":[{"embeddable":true,"href":"https:\/\/von-koerber.de\/es\/wp-json\/wp\/v2\/media\/470"}],"wp:attachment":[{"href":"https:\/\/von-koerber.de\/es\/wp-json\/wp\/v2\/media?parent=485"}],"wp:term":[{"taxonomy":"folder","embeddable":true,"href":"https:\/\/von-koerber.de\/es\/wp-json\/wp\/v2\/folder?post=485"}],"curies":[{"name":"wp","href":"https:\/\/api.w.org\/{rel}","templated":true}]}}