{"id":535,"date":"2020-07-17T09:36:58","date_gmt":"2020-07-17T09:36:58","guid":{"rendered":"https:\/\/von-koerber.de\/?page_id=535"},"modified":"2021-07-17T20:27:54","modified_gmt":"2021-07-17T18:27:54","slug":"zeichnungen-und-bilder","status":"publish","type":"page","link":"https:\/\/von-koerber.de\/es\/dibujos-y-pinturas\/","title":{"rendered":"Dibujos y pinturas"},"content":{"rendered":"<div id=\"new-royalslider-15\" class=\"royalSlider new-royalslider-15 rsDefaultInv rs-default-template\" style=\"width:100%;height:500px;;\" data-rs-options='{&quot;template&quot;:&quot;default&quot;,&quot;image_generation&quot;:{&quot;lazyLoading&quot;:&quot;true&quot;,&quot;imageWidth&quot;:&quot;&quot;,&quot;imageHeight&quot;:&quot;&quot;,&quot;thumbImageWidth&quot;:&quot;&quot;,&quot;thumbImageHeight&quot;:&quot;&quot;},&quot;thumbs&quot;:{&quot;thumbWidth&quot;:96,&quot;thumbHeight&quot;:72},&quot;fullscreen&quot;:{&quot;enabled&quot;:&quot;true&quot;,&quot;nativeFS&quot;:&quot;true&quot;},&quot;video&quot;:[],&quot;block&quot;:{&quot;moveOffset&quot;:20,&quot;speed&quot;:400,&quot;delay&quot;:200},&quot;width&quot;:&quot;100%&quot;,&quot;height&quot;:500,&quot;autoScaleSlider&quot;:&quot;true&quot;,&quot;autoScaleSliderWidth&quot;:960,&quot;autoScaleSliderHeight&quot;:750,&quot;imageScaleMode&quot;:&quot;fit&quot;,&quot;controlNavigation&quot;:&quot;thumbnails&quot;,&quot;globalCaption&quot;:&quot;true&quot;,&quot;globalCaptionInside&quot;:&quot;true&quot;,&quot;loop&quot;:&quot;true&quot;}'>\n<div class=\"rsContent\">\n  <a class=\"rsImg\" href=\"https:\/\/von-koerber.de\/wp-content\/uploads\/2020\/07\/g031-akefeh-von-koerber-selbstportrait-3.webp\" data-rsBigImg=\"https:\/\/von-koerber.de\/wp-content\/uploads\/2020\/07\/g031-akefeh-von-koerber-selbstportrait-3.webp\">Selbstportrait Akefeh von Koerber<\/a>\n  <div class=\"rsTmb\"><img decoding=\"async\" src=\"https:\/\/von-koerber.de\/wp-content\/uploads\/2020\/07\/g031-akefeh-von-koerber-selbstportrait-3-150x150.webp\" alt=\"\" \/><\/div>\n  \n  \n<\/div>\n<div class=\"rsContent\">\n  <a class=\"rsImg\" href=\"https:\/\/von-koerber.de\/wp-content\/uploads\/2018\/11\/g002-akefeh-von-koerber-selbstportrait-2.webp\" data-rsBigImg=\"https:\/\/von-koerber.de\/wp-content\/uploads\/2018\/11\/g002-akefeh-von-koerber-selbstportrait-2.webp\">Selbstportrait<\/a>\n  <div class=\"rsTmb\"><img decoding=\"async\" src=\"https:\/\/von-koerber.de\/wp-content\/uploads\/2018\/11\/g002-akefeh-von-koerber-selbstportrait-2-150x150.webp\" alt=\"\" \/><\/div>\n  \n  \n<\/div>\n<div class=\"rsContent\">\n  <a class=\"rsImg\" href=\"https:\/\/von-koerber.de\/wp-content\/uploads\/2020\/08\/g001-akefeh-von-koerber-selbstportrait.webp\" data-rsBigImg=\"https:\/\/von-koerber.de\/wp-content\/uploads\/2020\/08\/g001-akefeh-von-koerber-selbstportrait.webp\">Selbstportrait<\/a>\n  <div class=\"rsTmb\"><img decoding=\"async\" src=\"https:\/\/von-koerber.de\/wp-content\/uploads\/2020\/08\/g001-akefeh-von-koerber-selbstportrait-150x150.webp\" alt=\"\" \/><\/div>\n  \n  \n<\/div>\n<div class=\"rsContent\">\n  <a class=\"rsImg\" href=\"https:\/\/von-koerber.de\/wp-content\/uploads\/g000-junger-arbeiter.webp\" data-rsBigImg=\"https:\/\/von-koerber.de\/wp-content\/uploads\/g000-junger-arbeiter.webp\">Junger Arbeiter<\/a>\n  <div class=\"rsTmb\"><img decoding=\"async\" src=\"https:\/\/von-koerber.de\/wp-content\/uploads\/g000-junger-arbeiter-150x150.webp\" alt=\"\" \/><\/div>\n  \n  \n<\/div>\n<div class=\"rsContent\">\n  <a class=\"rsImg\" href=\"https:\/\/von-koerber.de\/wp-content\/uploads\/2018\/11\/g009-portrait-hans-georg-richter.webp\" data-rsBigImg=\"https:\/\/von-koerber.de\/wp-content\/uploads\/2018\/11\/g009-portrait-hans-georg-richter.webp\">Portrait Hans-Georg Richter<\/a>\n  <div class=\"rsTmb\"><img decoding=\"async\" src=\"https:\/\/von-koerber.de\/wp-content\/uploads\/2018\/11\/g009-portrait-hans-georg-richter-150x150.webp\" alt=\"\" \/><\/div>\n  \n  \n<\/div>\n<div class=\"rsContent\">\n  <a class=\"rsImg\" href=\"https:\/\/von-koerber.de\/wp-content\/uploads\/g011-portrait-hans-georg-richter.webp\" data-rsBigImg=\"https:\/\/von-koerber.de\/wp-content\/uploads\/g011-portrait-hans-georg-richter.webp\">Portrait Hans-Georg Richter<\/a>\n  <div class=\"rsTmb\"><img decoding=\"async\" src=\"https:\/\/von-koerber.de\/wp-content\/uploads\/g011-portrait-hans-georg-richter-150x150.webp\" alt=\"\" \/><\/div>\n  \n  \n<\/div>\n<div class=\"rsContent\">\n  <a class=\"rsImg\" href=\"https:\/\/von-koerber.de\/wp-content\/uploads\/g010-portrait-lenka-von-koerber.webp\" data-rsBigImg=\"https:\/\/von-koerber.de\/wp-content\/uploads\/g010-portrait-lenka-von-koerber.webp\">Portrait Lenka von Koerber<\/a>\n  <div class=\"rsTmb\"><img decoding=\"async\" src=\"https:\/\/von-koerber.de\/wp-content\/uploads\/g010-portrait-lenka-von-koerber-150x150.webp\" alt=\"\" \/><\/div>\n  \n  \n<\/div>\n<div class=\"rsContent\">\n  <a class=\"rsImg\" href=\"https:\/\/von-koerber.de\/wp-content\/uploads\/g035-profil-eines-mannes.webp\" data-rsBigImg=\"https:\/\/von-koerber.de\/wp-content\/uploads\/g035-profil-eines-mannes.webp\">Profil eines Mannes<\/a>\n  <div class=\"rsTmb\"><img decoding=\"async\" src=\"https:\/\/von-koerber.de\/wp-content\/uploads\/g035-profil-eines-mannes-150x150.webp\" alt=\"\" \/><\/div>\n  \n  \n<\/div>\n<div class=\"rsContent\">\n  <a class=\"rsImg\" href=\"https:\/\/von-koerber.de\/wp-content\/uploads\/g033-lesende.webp\" data-rsBigImg=\"https:\/\/von-koerber.de\/wp-content\/uploads\/g033-lesende.webp\">Lesende<\/a>\n  <div class=\"rsTmb\"><img decoding=\"async\" src=\"https:\/\/von-koerber.de\/wp-content\/uploads\/g033-lesende-150x150.webp\" alt=\"\" \/><\/div>\n  \n  \n<\/div>\n<div class=\"rsContent\">\n  <a class=\"rsImg\" href=\"https:\/\/von-koerber.de\/wp-content\/uploads\/g013-junges-maedchen-mit-zoepfen.webp\" data-rsBigImg=\"https:\/\/von-koerber.de\/wp-content\/uploads\/g013-junges-maedchen-mit-zoepfen.webp\">Junges M\u00e4dchen mit Z\u00f6pfen<\/a>\n  <div class=\"rsTmb\"><img decoding=\"async\" src=\"https:\/\/von-koerber.de\/wp-content\/uploads\/g013-junges-maedchen-mit-zoepfen-150x150.webp\" alt=\"\" \/><\/div>\n  \n  \n<\/div>\n<div class=\"rsContent\">\n  <a class=\"rsImg\" href=\"https:\/\/von-koerber.de\/wp-content\/uploads\/g003-sitzende-712x1024.webp\" data-rsBigImg=\"https:\/\/von-koerber.de\/wp-content\/uploads\/g003-sitzende.webp\">Sitzende (Modell v. Lovis Corinth)<\/a>\n  <div class=\"rsTmb\"><img decoding=\"async\" src=\"https:\/\/von-koerber.de\/wp-content\/uploads\/g003-sitzende-150x150.webp\" alt=\"\" \/><\/div>\n  \n  \n<\/div>\n<div class=\"rsContent\">\n  <a class=\"rsImg\" href=\"https:\/\/von-koerber.de\/wp-content\/uploads\/g030-paar-aus-zimbabwe.webp\" data-rsBigImg=\"https:\/\/von-koerber.de\/wp-content\/uploads\/g030-paar-aus-zimbabwe.webp\">Paar aus Zimbabwe<\/a>\n  <div class=\"rsTmb\"><img decoding=\"async\" src=\"https:\/\/von-koerber.de\/wp-content\/uploads\/g030-paar-aus-zimbabwe-150x150.webp\" alt=\"\" \/><\/div>\n  \n  \n<\/div>\n<div class=\"rsContent\">\n  <a class=\"rsImg\" href=\"https:\/\/von-koerber.de\/wp-content\/uploads\/g024-junge-frau-mit-buch.webp\" data-rsBigImg=\"https:\/\/von-koerber.de\/wp-content\/uploads\/g024-junge-frau-mit-buch.webp\">Junge Frau mit Buch<\/a>\n  <div class=\"rsTmb\"><img decoding=\"async\" src=\"https:\/\/von-koerber.de\/wp-content\/uploads\/g024-junge-frau-mit-buch-150x150.webp\" alt=\"\" \/><\/div>\n  \n  \n<\/div>\n<div class=\"rsContent\">\n  <a class=\"rsImg\" href=\"https:\/\/von-koerber.de\/wp-content\/uploads\/2020\/08\/g032-oelgemaelde-portrait-giv-von-koerber.webp\" data-rsBigImg=\"https:\/\/von-koerber.de\/wp-content\/uploads\/2020\/08\/g032-oelgemaelde-portrait-giv-von-koerber.webp\">Portrait Giv von Koerber (unvollendet)<\/a>\n  <div class=\"rsTmb\"><img decoding=\"async\" src=\"https:\/\/von-koerber.de\/wp-content\/uploads\/2020\/08\/g032-oelgemaelde-portrait-giv-von-koerber-109x150.webp\" alt=\"\" \/><\/div>\n  \n  \n<\/div>\n<div class=\"rsContent\">\n  <a class=\"rsImg\" href=\"https:\/\/von-koerber.de\/wp-content\/uploads\/g028-ein-neuer-prophet.webp\" data-rsBigImg=\"https:\/\/von-koerber.de\/wp-content\/uploads\/g028-ein-neuer-prophet.webp\">Ein neuer Prophet<\/a>\n  <div class=\"rsTmb\"><img decoding=\"async\" src=\"https:\/\/von-koerber.de\/wp-content\/uploads\/g028-ein-neuer-prophet-127x150.webp\" alt=\"\" \/><\/div>\n  \n  \n<\/div>\n<div class=\"rsContent\">\n  <a class=\"rsImg\" href=\"https:\/\/von-koerber.de\/wp-content\/uploads\/g005v-stilleben-mit-azaleen-671x1024.webp\" data-rsBigImg=\"https:\/\/von-koerber.de\/wp-content\/uploads\/g005v-stilleben-mit-azaleen.webp\">Stillleben mit Azaleen<\/a>\n  <div class=\"rsTmb\"><img decoding=\"async\" src=\"https:\/\/von-koerber.de\/wp-content\/uploads\/g005v-stilleben-mit-azaleen-150x150.webp\" alt=\"\" \/><\/div>\n  \n  \n<\/div>\n<div class=\"rsContent\">\n  <a class=\"rsImg\" href=\"https:\/\/von-koerber.de\/wp-content\/uploads\/g015-verwelkende-rosen.webp\" data-rsBigImg=\"https:\/\/von-koerber.de\/wp-content\/uploads\/g015-verwelkende-rosen.webp\">Verwelkende Rosen<\/a>\n  <div class=\"rsTmb\"><img decoding=\"async\" src=\"https:\/\/von-koerber.de\/wp-content\/uploads\/g015-verwelkende-rosen-150x150.webp\" alt=\"\" \/><\/div>\n  \n  \n<\/div>\n<div class=\"rsContent\">\n  <a class=\"rsImg\" href=\"https:\/\/von-koerber.de\/wp-content\/uploads\/g005r-stilleben-mit-blumen-687x1024.webp\" data-rsBigImg=\"https:\/\/von-koerber.de\/wp-content\/uploads\/g005r-stilleben-mit-blumen.webp\">Stillleben mit Blumen<\/a>\n  <div class=\"rsTmb\"><img decoding=\"async\" src=\"https:\/\/von-koerber.de\/wp-content\/uploads\/g005r-stilleben-mit-blumen-150x150.webp\" alt=\"\" \/><\/div>\n  \n  \n<\/div>\n<div class=\"rsContent\">\n  <a class=\"rsImg\" href=\"https:\/\/von-koerber.de\/wp-content\/uploads\/2018\/11\/g019-kreidezeichnung-akefeh-von-koerber-der-lebensapfel.webp\" data-rsBigImg=\"https:\/\/von-koerber.de\/wp-content\/uploads\/2018\/11\/g019-kreidezeichnung-akefeh-von-koerber-der-lebensapfel.webp\">Lebensapfel<\/a>\n  <div class=\"rsTmb\"><img decoding=\"async\" src=\"https:\/\/von-koerber.de\/wp-content\/uploads\/2018\/11\/g019-kreidezeichnung-akefeh-von-koerber-der-lebensapfel-116x150.webp\" alt=\"\" \/><\/div>\n  \n  \n<\/div>\n<div class=\"rsContent\">\n  <a class=\"rsImg\" href=\"https:\/\/von-koerber.de\/wp-content\/uploads\/2020\/08\/z004-bleistiftzeichnung-drei-soldaten-im-gespraech.webp\" data-rsBigImg=\"https:\/\/von-koerber.de\/wp-content\/uploads\/2020\/08\/z004-bleistiftzeichnung-drei-soldaten-im-gespraech.webp\">Drei Soldaten im Gespr\u00e4ch<\/a>\n  <div class=\"rsTmb\"><img decoding=\"async\" src=\"https:\/\/von-koerber.de\/wp-content\/uploads\/2020\/08\/z004-bleistiftzeichnung-drei-soldaten-im-gespraech-95x150.webp\" alt=\"\" \/><\/div>\n  \n  \n<\/div>\n<div class=\"rsContent\">\n  <a class=\"rsImg\" href=\"https:\/\/von-koerber.de\/wp-content\/uploads\/2020\/08\/g022-oelgemaelde-fluss-und-wald.webp\" data-rsBigImg=\"https:\/\/von-koerber.de\/wp-content\/uploads\/2020\/08\/g022-oelgemaelde-fluss-und-wald.webp\">Fluss und Wald<\/a>\n  <div class=\"rsTmb\"><img decoding=\"async\" src=\"https:\/\/von-koerber.de\/wp-content\/uploads\/2020\/08\/g022-oelgemaelde-fluss-und-wald-109x150.webp\" alt=\"\" \/><\/div>\n  \n  \n<\/div>\n<div class=\"rsContent\">\n  <a class=\"rsImg\" href=\"https:\/\/von-koerber.de\/wp-content\/uploads\/2020\/08\/z003-aquarell-bunker-in-wien-1944.webp\" data-rsBigImg=\"https:\/\/von-koerber.de\/wp-content\/uploads\/2020\/08\/z003-aquarell-bunker-in-wien-1944.webp\">Bunker in Wien<\/a>\n  <div class=\"rsTmb\"><img decoding=\"async\" src=\"https:\/\/von-koerber.de\/wp-content\/uploads\/2020\/08\/z003-aquarell-bunker-in-wien-1944-124x150.webp\" alt=\"\" \/><\/div>\n  \n  \n<\/div>\n\n<\/div>\n\n\n\n<p class=\"wp-block-paragraph\"><\/p>\n\n\n\n<p class=\"has-medium-font-size wp-block-paragraph\">En su b\u00fasqueda de nuevas formas de expresi\u00f3n para su imaginaci\u00f3n, Akefeh von Koerber (Monchi-Zadeh) siempre encontr\u00f3 t\u00e9cnicas de pintura interesantes para ella: pinturas al \u00f3leo, dibujos con tiza, dibujos a l\u00e1piz, iconos y mucho m\u00e1s pertenecen a su legado, incluyendo una bien lograda figura de madera.<\/p>\n","protected":false},"excerpt":{"rendered":"<p>En su b\u00fasqueda de nuevas formas de expresi\u00f3n para su imaginaci\u00f3n, Akefeh von Koerber (Monchi-Zadeh) siempre encontr\u00f3 t\u00e9cnicas de pintura interesantes para ella: pinturas al \u00f3leo, dibujos con tiza, dibujos a l\u00e1piz, iconos y mucho m\u00e1s pertenecen a su legado, <span class=\"excerpt-dots\">&hellip;<\/span> <a class=\"more-link\" href=\"https:\/\/von-koerber.de\/es\/dibujos-y-pinturas\/\"><span class=\"more-msg\">Continue reading &rarr;<\/span><\/a><\/p>\n","protected":false},"author":1,"featured_media":241,"parent":0,"menu_order":0,"comment_status":"closed","ping_status":"closed","template":"","meta":{"_crdt_document":"","footnotes":""},"folder":[],"class_list":["post-535","page","type-page","status-publish","has-post-thumbnail","hentry"],"translation":{"provider":"WPGlobus","version":"3.0.2","language":"es","enabled_languages":["de","es","en","fr"],"languages":{"de":{"title":true,"content":true,"excerpt":false},"es":{"title":true,"content":true,"excerpt":false},"en":{"title":true,"content":true,"excerpt":false},"fr":{"title":true,"content":true,"excerpt":false}}},"_links":{"self":[{"href":"https:\/\/von-koerber.de\/es\/wp-json\/wp\/v2\/pages\/535","targetHints":{"allow":["GET"]}}],"collection":[{"href":"https:\/\/von-koerber.de\/es\/wp-json\/wp\/v2\/pages"}],"about":[{"href":"https:\/\/von-koerber.de\/es\/wp-json\/wp\/v2\/types\/page"}],"author":[{"embeddable":true,"href":"https:\/\/von-koerber.de\/es\/wp-json\/wp\/v2\/users\/1"}],"replies":[{"embeddable":true,"href":"https:\/\/von-koerber.de\/es\/wp-json\/wp\/v2\/comments?post=535"}],"version-history":[{"count":0,"href":"https:\/\/von-koerber.de\/es\/wp-json\/wp\/v2\/pages\/535\/revisions"}],"wp:featuredmedia":[{"embeddable":true,"href":"https:\/\/von-koerber.de\/es\/wp-json\/wp\/v2\/media\/241"}],"wp:attachment":[{"href":"https:\/\/von-koerber.de\/es\/wp-json\/wp\/v2\/media?parent=535"}],"wp:term":[{"taxonomy":"folder","embeddable":true,"href":"https:\/\/von-koerber.de\/es\/wp-json\/wp\/v2\/folder?post=535"}],"curies":[{"name":"wp","href":"https:\/\/api.w.org\/{rel}","templated":true}]}}