{"id":81,"date":"2012-07-14T16:41:01","date_gmt":"2012-07-14T14:41:01","guid":{"rendered":"http:\/\/273013.webhosting78.1blu.de\/akefeh\/?page_id=81"},"modified":"2021-07-17T20:31:12","modified_gmt":"2021-07-17T18:31:12","slug":"schirin-im-zaubergarten","status":"publish","type":"page","link":"https:\/\/von-koerber.de\/es\/cuentos-de-hadas-persas\/schirin-en-el-jardin-magico\/","title":{"rendered":"Schirin en el jard\u00edn m\u00e1gico"},"content":{"rendered":"\n<div class=\"wp-block-media-text alignwide is-stacked-on-mobile is-vertically-aligned-top\" style=\"grid-template-columns:39% auto\"><figure class=\"wp-block-media-text__media\"><a href=\"https:\/\/von-koerber.de\/wp-content\/uploads\/2020\/07\/m001-persische-miniatur-schirin-im-zaubergarten-i.webp\" target=\"_blank\" rel=\"noopener noreferrer\"><img loading=\"lazy\" decoding=\"async\" width=\"720\" height=\"940\" src=\"https:\/\/von-koerber.de\/wp-content\/uploads\/2020\/07\/m001-persische-miniatur-schirin-im-zaubergarten-i.webp\" alt=\"Schirin en el jard\u00edn m\u00e1gico\" class=\"wp-image-575 size-full\" srcset=\"https:\/\/von-koerber.de\/wp-content\/uploads\/2020\/07\/m001-persische-miniatur-schirin-im-zaubergarten-i.webp 720w, https:\/\/von-koerber.de\/wp-content\/uploads\/2020\/07\/m001-persische-miniatur-schirin-im-zaubergarten-i-230x300.webp 230w, https:\/\/von-koerber.de\/wp-content\/uploads\/2020\/07\/m001-persische-miniatur-schirin-im-zaubergarten-i-115x150.webp 115w\" sizes=\"auto, (max-width: 720px) 100vw, 720px\" \/><\/a><\/figure><div class=\"wp-block-media-text__content\">\n<p class=\"has-medium-font-size wp-block-paragraph\">Junto a un arroyo cuya agua clara era m\u00e1s transparente que las l\u00e1grimas de una chica enamorada en su hora m\u00e1s feliz, Schirin se sent\u00f3 en una piedra, de luto. El cipr\u00e9s verde oscuro estir\u00f3 su cabeza hacia el cielo. &#8220;Oh, piedra redentora&#8221;, dijo con un sollozo, &#8220;t\u00fa que has liberado a tantas pobres chicas de la enfermedad del amor y la miseria, escucha mi historia hoy&#8221;. Nadie nos escucha, y el arroyo es el testigo m\u00e1s fiel de mi sufrimiento: \u00c9rase una vez, el 13\u00ba d\u00eda de la primavera, toda la gente del pa\u00eds dej\u00f3 sus casas para pasar el d\u00eda al aire libre, como dicta la vieja costumbre, recogiendo hierbas fragantes. Busqu\u00e9 sola la hierba del amor Krakuti. No pude encontrarla en ninguna parte.<\/p>\n\n\n\n<p class=\"has-medium-font-size wp-block-paragraph\">Casi exhausta, escuch\u00e9 una m\u00e1gica canci\u00f3n desde lejos, que se mezclaba con el murmullo de la corriente. Finalmente pude mojar mis manos calientes con el agua clara de diamantes. Cuando me lav\u00e9, vi junto a mi propio reflejo el rostro de un hermoso joven. Sus ojos se ve\u00edan infinitamente tristes. Como estaba solo, no me atrev\u00ed a dar la vuelta. Si lo hubiera hecho ahora, quiz\u00e1s lo habr\u00eda visto antes de que desapareciera detr\u00e1s del cipr\u00e9s.<\/p>\n\n\n\n<p class=\"has-medium-font-size wp-block-paragraph\">As\u00ed que jugu\u00e9 con su reflejo. El movimiento del agua cambi\u00f3 su expresi\u00f3n incontables veces. Sus ojos amorosos me miraban desde el agua, firme y tristemente. Si me hubiera atrevido a mirar alrededor, me habr\u00eda ahorrado toda la agon\u00eda. Ahora es demasiado tarde para arrepentirme de mi vacilaci\u00f3n&#8221;.<\/p>\n\n\n\n<p class=\"has-medium-font-size wp-block-paragraph\">Schirin llor\u00f3 y esper\u00f3 la respuesta de la piedra.<\/p>\n<\/div><\/div>\n\n\n\n<div class=\"wp-block-media-text alignwide has-media-on-the-right is-stacked-on-mobile\"><figure class=\"wp-block-media-text__media\"><a href=\"https:\/\/von-koerber.de\/wp-content\/uploads\/2020\/07\/m013-schirin-u-khossrow.webp\" target=\"_blank\" rel=\"noopener noreferrer\"><img loading=\"lazy\" decoding=\"async\" width=\"1024\" height=\"666\" src=\"https:\/\/von-koerber.de\/wp-content\/uploads\/2020\/07\/m013-schirin-u-khossrow-1024x666.webp\" alt=\"Shirin y Khossrov, miniatura persa e ilustraci\u00f3n de un cuento de hadas persa\" class=\"wp-image-581 size-full\" srcset=\"https:\/\/von-koerber.de\/wp-content\/uploads\/2020\/07\/m013-schirin-u-khossrow-1024x666.webp 1024w, https:\/\/von-koerber.de\/wp-content\/uploads\/2020\/07\/m013-schirin-u-khossrow-300x195.webp 300w, https:\/\/von-koerber.de\/wp-content\/uploads\/2020\/07\/m013-schirin-u-khossrow-768x500.webp 768w, https:\/\/von-koerber.de\/wp-content\/uploads\/2020\/07\/m013-schirin-u-khossrow.webp 1107w\" sizes=\"auto, (max-width: 1024px) 100vw, 1024px\" \/><\/a><\/figure><div class=\"wp-block-media-text__content\">\n<p class=\"has-medium-font-size wp-block-paragraph\">De repente rein\u00f3 la tranquilidad, el agua del arroyo se detuvo. Una voz profunda grit\u00f3 sobre la piedra: &#8220;Shirin, ser\u00e1s liberada de tu dolor. El hombre que viste en el agua en este momento es el Pr\u00edncipe Khossrow, que va de caza todos los a\u00f1os el d\u00eda 15 de la primavera y espera aqu\u00ed, junto a este arroyo, a una chica que lleva tu nombre y cuyo rostro vio en el arroyo. Ven ma\u00f1ana, en el d\u00eda 13 de primavera, y tu destino se cumplir\u00e1&#8221;.<\/p>\n\n\n\n<p class=\"wp-block-paragraph\">Texto e imagen: Akefeh Monchi-Zadeh<\/p>\n\n\n\n<p class=\"wp-block-paragraph\">El cuento de hadas &#8220;Schirin en el jard\u00edn m\u00e1gico&#8221; se public\u00f3 en 1956 en la revista cultural de la RDA \u201cDas Magazin\u201d.<\/p>\n<\/div><\/div>\n","protected":false},"excerpt":{"rendered":"<p>Junto a un arroyo cuya agua clara era m\u00e1s transparente que las l\u00e1grimas de una chica enamorada en su hora m\u00e1s feliz, Schirin se sent\u00f3 en una piedra, de luto. El cipr\u00e9s verde oscuro estir\u00f3 su cabeza hacia el cielo. <span class=\"excerpt-dots\">&hellip;<\/span> <a class=\"more-link\" href=\"https:\/\/von-koerber.de\/es\/cuentos-de-hadas-persas\/schirin-en-el-jardin-magico\/\"><span class=\"more-msg\">Continue reading &rarr;<\/span><\/a><\/p>\n","protected":false},"author":1,"featured_media":575,"parent":357,"menu_order":0,"comment_status":"closed","ping_status":"open","template":"","meta":{"_crdt_document":"","footnotes":""},"folder":[],"class_list":["post-81","page","type-page","status-publish","has-post-thumbnail","hentry"],"translation":{"provider":"WPGlobus","version":"3.0.2","language":"es","enabled_languages":["de","es","en","fr"],"languages":{"de":{"title":true,"content":true,"excerpt":false},"es":{"title":true,"content":true,"excerpt":false},"en":{"title":true,"content":true,"excerpt":false},"fr":{"title":true,"content":true,"excerpt":false}}},"_links":{"self":[{"href":"https:\/\/von-koerber.de\/es\/wp-json\/wp\/v2\/pages\/81","targetHints":{"allow":["GET"]}}],"collection":[{"href":"https:\/\/von-koerber.de\/es\/wp-json\/wp\/v2\/pages"}],"about":[{"href":"https:\/\/von-koerber.de\/es\/wp-json\/wp\/v2\/types\/page"}],"author":[{"embeddable":true,"href":"https:\/\/von-koerber.de\/es\/wp-json\/wp\/v2\/users\/1"}],"replies":[{"embeddable":true,"href":"https:\/\/von-koerber.de\/es\/wp-json\/wp\/v2\/comments?post=81"}],"version-history":[{"count":0,"href":"https:\/\/von-koerber.de\/es\/wp-json\/wp\/v2\/pages\/81\/revisions"}],"up":[{"embeddable":true,"href":"https:\/\/von-koerber.de\/es\/wp-json\/wp\/v2\/pages\/357"}],"wp:featuredmedia":[{"embeddable":true,"href":"https:\/\/von-koerber.de\/es\/wp-json\/wp\/v2\/media\/575"}],"wp:attachment":[{"href":"https:\/\/von-koerber.de\/es\/wp-json\/wp\/v2\/media?parent=81"}],"wp:term":[{"taxonomy":"folder","embeddable":true,"href":"https:\/\/von-koerber.de\/es\/wp-json\/wp\/v2\/folder?post=81"}],"curies":[{"name":"wp","href":"https:\/\/api.w.org\/{rel}","templated":true}]}}