{"id":256,"date":"2018-11-17T17:38:26","date_gmt":"2018-11-17T16:38:26","guid":{"rendered":"https:\/\/von-koerber.de\/?page_id=256"},"modified":"2021-08-01T05:26:47","modified_gmt":"2021-08-01T03:26:47","slug":"der-beitrag-der-katze-zur-kunst","status":"publish","type":"page","link":"https:\/\/von-koerber.de\/fr\/contribution-du-chat-al-art\/","title":{"rendered":"Contribution du chat \u00e0 l&#8217;art"},"content":{"rendered":"\n<p class=\"has-medium-font-size wp-block-paragraph\">Les coups de pinceau d\u00e9licats des miniatures exigent certes suret\u00e9 de main, mais \u00e9galement acuit\u00e9 du regard, aussi bien que soutenus encore par l&#8217;usage d&#8217;une grande loupe, mais aussi d&#8217;outils rendant en premier lieu la finesse du travail possible: Le pinceau en poils de chat.<\/p>\n\n\n\n<p class=\"has-medium-font-size wp-block-paragraph\">La peinture des d\u00e9tails de la miniature est r\u00e9alis\u00e9e avec un seul poil de chat. Les poils restants du pinceau sont principalement utilis\u00e9s pour soutenir ce seul cheveu.<\/p>\n\n\n\n<div class=\"wp-block-image\"><figure class=\"aligncenter size-large\"><img loading=\"lazy\" decoding=\"async\" width=\"600\" height=\"800\" src=\"https:\/\/von-koerber.de\/wp-content\/uploads\/2018\/11\/1952-akefeh-von-koerber-monchi-zadeh-mit-katze-i.webp\" alt=\"\" class=\"wp-image-263\" srcset=\"https:\/\/von-koerber.de\/wp-content\/uploads\/2018\/11\/1952-akefeh-von-koerber-monchi-zadeh-mit-katze-i.webp 600w, https:\/\/von-koerber.de\/wp-content\/uploads\/2018\/11\/1952-akefeh-von-koerber-monchi-zadeh-mit-katze-i-225x300.webp 225w, https:\/\/von-koerber.de\/wp-content\/uploads\/2018\/11\/1952-akefeh-von-koerber-monchi-zadeh-mit-katze-i-113x150.webp 113w\" sizes=\"auto, (max-width: 600px) 100vw, 600px\" \/><figcaption>&#8220;Miechen&#8221;, le chat, permet d&#8217;utiliser quelques-uns de ses poils au profit seul de l&#8217;art<\/figcaption><\/figure><\/div>\n\n\n\n<div class=\"wp-block-group\"><div class=\"wp-block-group__inner-container is-layout-flow wp-block-group-is-layout-flow\">\n<div class=\"wp-block-columns are-vertically-aligned-bottom is-layout-flex wp-container-core-columns-is-layout-8f761849 wp-block-columns-is-layout-flex\">\n<div class=\"wp-block-column is-vertically-aligned-bottom is-layout-flow wp-block-column-is-layout-flow\">\n<figure class=\"wp-block-image size-large\"><img loading=\"lazy\" decoding=\"async\" width=\"600\" height=\"483\" src=\"https:\/\/von-koerber.de\/wp-content\/uploads\/2018\/11\/1952-akefeh-von-koerber-monchi-zadeh-mit-katze-iii.webp\" alt=\"\" class=\"wp-image-261\" srcset=\"https:\/\/von-koerber.de\/wp-content\/uploads\/2018\/11\/1952-akefeh-von-koerber-monchi-zadeh-mit-katze-iii.webp 600w, https:\/\/von-koerber.de\/wp-content\/uploads\/2018\/11\/1952-akefeh-von-koerber-monchi-zadeh-mit-katze-iii-300x242.webp 300w, https:\/\/von-koerber.de\/wp-content\/uploads\/2018\/11\/1952-akefeh-von-koerber-monchi-zadeh-mit-katze-iii-150x121.webp 150w\" sizes=\"auto, (max-width: 600px) 100vw, 600px\" \/><figcaption>Certains poils de chat sont dispos\u00e9s autour d&#8217;un poil de plus grande longueur \u2026<\/figcaption><\/figure>\n<\/div>\n\n\n\n<div class=\"wp-block-column is-vertically-aligned-center is-layout-flow wp-block-column-is-layout-flow\">\n<figure class=\"wp-block-image size-large is-resized\"><img loading=\"lazy\" decoding=\"async\" src=\"https:\/\/von-koerber.de\/wp-content\/uploads\/2018\/11\/1952-akefeh-von-koerber-monchi-zadeh-mit-katze-ii.webp\" alt=\"\" class=\"wp-image-262\" width=\"635\" height=\"437\"\/><figcaption> \u2026et puis fix\u00e9s gr\u00e2ce \u00e0 un fil de soie et enfin nou\u00e9s.<\/figcaption><\/figure>\n<\/div>\n<\/div>\n<\/div><\/div>\n\n\n\n<p class=\"wp-block-paragraph\"><\/p>\n\n\n\n<div class=\"wp-block-image\"><figure class=\"aligncenter size-full\"><a href=\"https:\/\/von-koerber.de\/wp-content\/uploads\/2018\/11\/1952-akefeh-von-koerber-monchi-zadeh-hamburg-ii.webp\"><img loading=\"lazy\" decoding=\"async\" width=\"800\" height=\"525\" src=\"https:\/\/von-koerber.de\/wp-content\/uploads\/2018\/11\/1952-akefeh-von-koerber-monchi-zadeh-hamburg-ii.webp\" alt=\"\" class=\"wp-image-264\" srcset=\"https:\/\/von-koerber.de\/wp-content\/uploads\/2018\/11\/1952-akefeh-von-koerber-monchi-zadeh-hamburg-ii.webp 800w, https:\/\/von-koerber.de\/wp-content\/uploads\/2018\/11\/1952-akefeh-von-koerber-monchi-zadeh-hamburg-ii-300x197.webp 300w, https:\/\/von-koerber.de\/wp-content\/uploads\/2018\/11\/1952-akefeh-von-koerber-monchi-zadeh-hamburg-ii-150x98.webp 150w, https:\/\/von-koerber.de\/wp-content\/uploads\/2018\/11\/1952-akefeh-von-koerber-monchi-zadeh-hamburg-ii-768x504.webp 768w\" sizes=\"auto, (max-width: 800px) 100vw, 800px\" \/><\/a><figcaption><span class=\"has-inline-color has-black-color\">Le nouveau pinceau en poils de chat au service de la miniature.<\/span><\/figcaption><\/figure><\/div>\n\n\n\n<p class=\"wp-block-paragraph\">Photos prises \u00e0 Hambourg en 1952 par Heribert von Koerber.<\/p>\n","protected":false},"excerpt":{"rendered":"<p>Les coups de pinceau d\u00e9licats des miniatures exigent certes suret\u00e9 de main, mais \u00e9galement acuit\u00e9 du regard, aussi bien que soutenus encore par l&#8217;usage d&#8217;une grande loupe, mais aussi d&#8217;outils rendant en premier lieu la finesse du travail possible: Le <span class=\"excerpt-dots\">&hellip;<\/span> <a class=\"more-link\" href=\"https:\/\/von-koerber.de\/fr\/contribution-du-chat-al-art\/\"><span class=\"more-msg\">Lire la suite &rarr;<\/span><\/a><\/p>\n","protected":false},"author":1,"featured_media":263,"parent":0,"menu_order":0,"comment_status":"closed","ping_status":"closed","template":"","meta":{"_crdt_document":"","footnotes":""},"folder":[],"class_list":["post-256","page","type-page","status-publish","has-post-thumbnail","hentry"],"translation":{"provider":"WPGlobus","version":"3.0.2","language":"fr","enabled_languages":["de","es","en","fr"],"languages":{"de":{"title":true,"content":true,"excerpt":false},"es":{"title":true,"content":true,"excerpt":false},"en":{"title":true,"content":true,"excerpt":false},"fr":{"title":true,"content":true,"excerpt":false}}},"_links":{"self":[{"href":"https:\/\/von-koerber.de\/fr\/wp-json\/wp\/v2\/pages\/256","targetHints":{"allow":["GET"]}}],"collection":[{"href":"https:\/\/von-koerber.de\/fr\/wp-json\/wp\/v2\/pages"}],"about":[{"href":"https:\/\/von-koerber.de\/fr\/wp-json\/wp\/v2\/types\/page"}],"author":[{"embeddable":true,"href":"https:\/\/von-koerber.de\/fr\/wp-json\/wp\/v2\/users\/1"}],"replies":[{"embeddable":true,"href":"https:\/\/von-koerber.de\/fr\/wp-json\/wp\/v2\/comments?post=256"}],"version-history":[{"count":0,"href":"https:\/\/von-koerber.de\/fr\/wp-json\/wp\/v2\/pages\/256\/revisions"}],"wp:featuredmedia":[{"embeddable":true,"href":"https:\/\/von-koerber.de\/fr\/wp-json\/wp\/v2\/media\/263"}],"wp:attachment":[{"href":"https:\/\/von-koerber.de\/fr\/wp-json\/wp\/v2\/media?parent=256"}],"wp:term":[{"taxonomy":"folder","embeddable":true,"href":"https:\/\/von-koerber.de\/fr\/wp-json\/wp\/v2\/folder?post=256"}],"curies":[{"name":"wp","href":"https:\/\/api.w.org\/{rel}","templated":true}]}}