{"id":2688,"date":"2021-07-03T12:39:59","date_gmt":"2021-07-03T10:39:59","guid":{"rendered":"https:\/\/von-koerber.de\/?page_id=2688"},"modified":"2021-08-07T20:19:59","modified_gmt":"2021-08-07T18:19:59","slug":"das-polo-spiel","status":"publish","type":"page","link":"https:\/\/von-koerber.de\/fr\/a-savoir\/le-jeu-de-polo\/","title":{"rendered":"Le jeu de polo"},"content":{"rendered":"\n<div class=\"wp-block-media-text alignwide is-stacked-on-mobile\"><figure class=\"wp-block-media-text__media\"><img loading=\"lazy\" decoding=\"async\" width=\"720\" height=\"880\" src=\"https:\/\/von-koerber.de\/wp-content\/uploads\/2020\/07\/m040-polospieler-ii.webp\" alt=\"Joueur de polo II\" class=\"wp-image-591 size-full\" srcset=\"https:\/\/von-koerber.de\/wp-content\/uploads\/2020\/07\/m040-polospieler-ii.webp 720w, https:\/\/von-koerber.de\/wp-content\/uploads\/2020\/07\/m040-polospieler-ii-245x300.webp 245w\" sizes=\"auto, (max-width: 720px) 100vw, 720px\" \/><\/figure><div class=\"wp-block-media-text__content\">\n<p class=\"has-medium-font-size wp-block-paragraph\">&#8220;Les origines du jeu de polo (en persan tschoug\u0101n) proviennent de l&#8217; Iran, d&#8217;Afghanistan, du Cachemire et du Nord du Pakistan (\u00e0 son \u00e9poque perse) vers 600 avant J.-C. Au fil du temps, le jeu est devenu de plus en plus populaire et a fini par devenir un sport national. Aux XVIe et XVIIe si\u00e8cles, par exemple, la place centrale de l&#8217;ancienne capitale perse Ispahan \u00e9tait r\u00e9guli\u00e8rement utilis\u00e9e comme terrain de jeu. C&#8217;est ici que le Shah regardait le match depuis le balcon du palais d&#8217;Ali-Qapu. Comme il l&#8217;est prouv\u00e9, ces jeux jouissaient d&#8217;une grande popularit\u00e9, telle que joueurs des deux sexes y participaient, comme \u00e0 la Cour Sassanide. Des sc\u00e8nes de la mythologie perse font d\u00e9j\u00e0 \u00e9tat de ce sport. Il en est ainsi dans le po\u00e8me \u00e9pique Schahnamek. En Afghanistan, il existe un sport, le buzkashi, li\u00e9 de loin au polo. Au cours de l&#8217;expansion islamique, le jeu s&#8217;est r\u00e9pandu en Arabie et, sous les empereurs Mogols, en Inde.&#8221; (de : Wikipedia)<a href=\"https:\/\/de.wikipedia.org\/wiki\/Indien\">n<\/a> aus.&#8221; (aus: <a href=\"https:\/\/fr.wikipedia.org\/wiki\/Polo\">Wikipedia<\/a>)<\/p>\n\n\n\n<p class=\"has-medium-font-size wp-block-paragraph\">Le jeu de polo, commun aux hommes et aux femmes de la p\u00e9riode sassanide, est \u00e9galement abord\u00e9 dans le conte de f\u00e9es <em><a href=\"https:\/\/von-koerber.de\/fr\/persische-maerchen\/siawosch-und-homa\/\" target=\"_blank\" data-type=\"URL\" data-id=\"https:\/\/von-koerber.de\/fr\/persische-maerchen\/siawosch-und-homa\/\" rel=\"noreferrer noopener\">&#8220;Siawosch et Homa&#8221;<\/a><\/em><\/p>\n\n\n\n<p class=\"has-medium-font-size wp-block-paragraph\">L&#8217;artiste raconte qu&#8217;\u00e0 sa jeunesse sa grand-m\u00e8re avait appris et \u00e0 monter \u00e0 cheval et \u00e0 manier les armes. Elle se riait donc de ses petits-enfants. Alors qu&#8217;ils s&#8217;entra\u00eenaient au tir sur cible avec les armes de leur p\u00e8re, c&#8217;est elle qui leur enseignait \u00e0 viser correctement.<\/p>\n<\/div><\/div>\n","protected":false},"excerpt":{"rendered":"<p>&#8220;Les origines du jeu de polo (en persan tschoug\u0101n) proviennent de l&#8217; Iran, d&#8217;Afghanistan, du Cachemire et du Nord du Pakistan (\u00e0 son \u00e9poque perse) vers 600 avant J.-C. Au fil du temps, le jeu est devenu de plus en <span class=\"excerpt-dots\">&hellip;<\/span> <a class=\"more-link\" href=\"https:\/\/von-koerber.de\/fr\/a-savoir\/le-jeu-de-polo\/\"><span class=\"more-msg\">Lire la suite &rarr;<\/span><\/a><\/p>\n","protected":false},"author":1,"featured_media":596,"parent":3256,"menu_order":0,"comment_status":"closed","ping_status":"closed","template":"","meta":{"_crdt_document":"","footnotes":""},"folder":[],"class_list":["post-2688","page","type-page","status-publish","has-post-thumbnail","hentry"],"translation":{"provider":"WPGlobus","version":"3.0.2","language":"fr","enabled_languages":["de","es","en","fr"],"languages":{"de":{"title":true,"content":true,"excerpt":false},"es":{"title":true,"content":true,"excerpt":false},"en":{"title":true,"content":true,"excerpt":false},"fr":{"title":true,"content":true,"excerpt":false}}},"_links":{"self":[{"href":"https:\/\/von-koerber.de\/fr\/wp-json\/wp\/v2\/pages\/2688","targetHints":{"allow":["GET"]}}],"collection":[{"href":"https:\/\/von-koerber.de\/fr\/wp-json\/wp\/v2\/pages"}],"about":[{"href":"https:\/\/von-koerber.de\/fr\/wp-json\/wp\/v2\/types\/page"}],"author":[{"embeddable":true,"href":"https:\/\/von-koerber.de\/fr\/wp-json\/wp\/v2\/users\/1"}],"replies":[{"embeddable":true,"href":"https:\/\/von-koerber.de\/fr\/wp-json\/wp\/v2\/comments?post=2688"}],"version-history":[{"count":0,"href":"https:\/\/von-koerber.de\/fr\/wp-json\/wp\/v2\/pages\/2688\/revisions"}],"up":[{"embeddable":true,"href":"https:\/\/von-koerber.de\/fr\/wp-json\/wp\/v2\/pages\/3256"}],"wp:featuredmedia":[{"embeddable":true,"href":"https:\/\/von-koerber.de\/fr\/wp-json\/wp\/v2\/media\/596"}],"wp:attachment":[{"href":"https:\/\/von-koerber.de\/fr\/wp-json\/wp\/v2\/media?parent=2688"}],"wp:term":[{"taxonomy":"folder","embeddable":true,"href":"https:\/\/von-koerber.de\/fr\/wp-json\/wp\/v2\/folder?post=2688"}],"curies":[{"name":"wp","href":"https:\/\/api.w.org\/{rel}","templated":true}]}}