{"id":2790,"date":"2021-07-05T18:36:13","date_gmt":"2021-07-05T16:36:13","guid":{"rendered":"https:\/\/von-koerber.de\/?page_id=2790"},"modified":"2021-07-27T02:09:00","modified_gmt":"2021-07-27T00:09:00","slug":"brautwerbung","status":"publish","type":"page","link":"https:\/\/von-koerber.de\/fr\/a-savoir\/la-conquete-de-la-femme-de-son-coeur\/","title":{"rendered":"La conqu\u00eate de la femme de son coeur"},"content":{"rendered":"\n<div class=\"wp-block-media-text alignwide is-stacked-on-mobile\"><figure class=\"wp-block-media-text__media\"><img loading=\"lazy\" decoding=\"async\" width=\"856\" height=\"720\" src=\"https:\/\/von-koerber.de\/wp-content\/uploads\/2020\/07\/m007-brautwerbung.webp\" alt=\"Akefeh von Koerber: La conqu\u00eate de la femme de son coeur, miniature persane\" class=\"wp-image-583 size-full\" srcset=\"https:\/\/von-koerber.de\/wp-content\/uploads\/2020\/07\/m007-brautwerbung.webp 856w, https:\/\/von-koerber.de\/wp-content\/uploads\/2020\/07\/m007-brautwerbung-300x252.webp 300w, https:\/\/von-koerber.de\/wp-content\/uploads\/2020\/07\/m007-brautwerbung-768x646.webp 768w\" sizes=\"auto, (max-width: 856px) 100vw, 856px\" \/><\/figure><div class=\"wp-block-media-text__content\">\n<p class=\"has-medium-font-size wp-block-paragraph\">La miniature &#8220;La conqu\u00eate de la femme de son c<em>\u0153<\/em>ur&#8221; repr\u00e9sente une ancienne cout\u00fbme persane:<br>De jeunes hommes, rivaux, luttent pour les faveurs de leur belle. Celui qui r\u00e9ussit \u00e0 monter \u00e0 dos de cheval, et \u00e0 s&#8217;y maintenir, se verra accorder la main de la belle, laquelle de son c\u00f4t\u00e9 observe la sc\u00e8ne avec un int\u00e9r\u00eat non n\u00e9gligeable.<\/p>\n\n\n\n<p class=\"has-medium-font-size wp-block-paragraph\">Il n&#8217;est pas indiff\u00e9rent de noter des d\u00e9tails: Les pierres ne sont pas des objets inertes, mais ont des visages, comme dans les contes de f\u00e9es o\u00f9 les pierres ont l&#8217;art de parler.<\/p>\n<\/div><\/div>\n\n\n\n<figure class=\"wp-block-video\"><video controls src=\"https:\/\/von-koerber.de\/wp-content\/uploads\/2020\/07\/miniatur-brautwerbung.webm\"><\/video><\/figure>\n","protected":false},"excerpt":{"rendered":"<p>La miniature &#8220;La conqu\u00eate de la femme de son c\u0153ur&#8221; repr\u00e9sente une ancienne cout\u00fbme persane:De jeunes hommes, rivaux, luttent pour les faveurs de leur belle. Celui qui r\u00e9ussit \u00e0 monter \u00e0 dos de cheval, et \u00e0 s&#8217;y maintenir, se verra <span class=\"excerpt-dots\">&hellip;<\/span> <a class=\"more-link\" href=\"https:\/\/von-koerber.de\/fr\/a-savoir\/la-conquete-de-la-femme-de-son-coeur\/\"><span class=\"more-msg\">Lire la suite &rarr;<\/span><\/a><\/p>\n","protected":false},"author":1,"featured_media":583,"parent":3256,"menu_order":0,"comment_status":"closed","ping_status":"closed","template":"","meta":{"_crdt_document":"","footnotes":""},"folder":[],"class_list":["post-2790","page","type-page","status-publish","has-post-thumbnail","hentry"],"translation":{"provider":"WPGlobus","version":"3.0.2","language":"fr","enabled_languages":["de","es","en","fr"],"languages":{"de":{"title":true,"content":true,"excerpt":false},"es":{"title":true,"content":true,"excerpt":false},"en":{"title":true,"content":true,"excerpt":false},"fr":{"title":true,"content":true,"excerpt":false}}},"_links":{"self":[{"href":"https:\/\/von-koerber.de\/fr\/wp-json\/wp\/v2\/pages\/2790","targetHints":{"allow":["GET"]}}],"collection":[{"href":"https:\/\/von-koerber.de\/fr\/wp-json\/wp\/v2\/pages"}],"about":[{"href":"https:\/\/von-koerber.de\/fr\/wp-json\/wp\/v2\/types\/page"}],"author":[{"embeddable":true,"href":"https:\/\/von-koerber.de\/fr\/wp-json\/wp\/v2\/users\/1"}],"replies":[{"embeddable":true,"href":"https:\/\/von-koerber.de\/fr\/wp-json\/wp\/v2\/comments?post=2790"}],"version-history":[{"count":0,"href":"https:\/\/von-koerber.de\/fr\/wp-json\/wp\/v2\/pages\/2790\/revisions"}],"up":[{"embeddable":true,"href":"https:\/\/von-koerber.de\/fr\/wp-json\/wp\/v2\/pages\/3256"}],"wp:featuredmedia":[{"embeddable":true,"href":"https:\/\/von-koerber.de\/fr\/wp-json\/wp\/v2\/media\/583"}],"wp:attachment":[{"href":"https:\/\/von-koerber.de\/fr\/wp-json\/wp\/v2\/media?parent=2790"}],"wp:term":[{"taxonomy":"folder","embeddable":true,"href":"https:\/\/von-koerber.de\/fr\/wp-json\/wp\/v2\/folder?post=2790"}],"curies":[{"name":"wp","href":"https:\/\/api.w.org\/{rel}","templated":true}]}}