{"id":2824,"date":"2021-07-08T09:37:32","date_gmt":"2021-07-08T07:37:32","guid":{"rendered":"https:\/\/von-koerber.de\/?page_id=2824"},"modified":"2021-07-20T03:45:48","modified_gmt":"2021-07-20T01:45:48","slug":"badende-frauen","status":"publish","type":"page","link":"https:\/\/von-koerber.de\/fr\/a-savoir\/baignade-des-femmes\/","title":{"rendered":"La Baignade des femmes"},"content":{"rendered":"\n<div class=\"wp-block-media-text alignwide is-stacked-on-mobile\"><figure class=\"wp-block-media-text__media\"><img loading=\"lazy\" decoding=\"async\" width=\"1029\" height=\"1478\" src=\"https:\/\/von-koerber.de\/wp-content\/uploads\/2020\/07\/m011-miniatur-badende-frauen.webp\" alt=\"miniature persane: Femmes qui se baignent\" class=\"wp-image-568 size-full\" srcset=\"https:\/\/von-koerber.de\/wp-content\/uploads\/2020\/07\/m011-miniatur-badende-frauen.webp 1029w, https:\/\/von-koerber.de\/wp-content\/uploads\/2020\/07\/m011-miniatur-badende-frauen-209x300.webp 209w, https:\/\/von-koerber.de\/wp-content\/uploads\/2020\/07\/m011-miniatur-badende-frauen-713x1024.webp 713w, https:\/\/von-koerber.de\/wp-content\/uploads\/2020\/07\/m011-miniatur-badende-frauen-768x1103.webp 768w\" sizes=\"auto, (max-width: 1029px) 100vw, 1029px\" \/><\/figure><div class=\"wp-block-media-text__content\">\n<p class=\"has-medium-font-size wp-block-paragraph\">La miniature &#8220;La Baignade des femmes&#8221; relate une exp\u00e9rience d&#8217;enfance d&#8217;Akefeh Monchi-Zadeh, alors qu&#8217;elle \u00e9tait une petite fille, emmen\u00e9e en excursion par les femmes de sa famille dans les montagnes au nord de T\u00e9h\u00e9ran.<\/p>\n\n\n\n<p class=\"has-medium-font-size wp-block-paragraph\">La vall\u00e9e de Darakeh est encore aujourd&#8217;hui une destination d&#8217;excursion populaire. Dans cette vall\u00e9e coule un ruisseau glaciaire qui reste d&#8217;une eau glaciale m\u00eame au c\u0153ur de l&#8217;\u00e9t\u00e9.<\/p>\n\n\n\n<p class=\"has-medium-font-size wp-block-paragraph\">\u00c0 droite et \u00e0 gauche, le ruisseau est entour\u00e9 de rochers escarp\u00e9s entre lesquels le cours d&#8217;eau s&#8217;est creus\u00e9 un lit.<\/p>\n\n\n\n<p class=\"has-medium-font-size wp-block-paragraph\">En plusieurs endroits, il y a de petits lacs et des chutes d&#8217;eau.<\/p>\n\n\n\n<p class=\"has-medium-font-size wp-block-paragraph\">Les femmes accrochent des foulards pour se prot\u00e9ger des regards des autres excursionnistes et se d\u00e9shabillent. Soudain, Akefeh aper\u00e7oit au-dessus des draps, sur un rocher, le visage d&#8217;un \u00e9tranger. Il prend un grand plaisir \u00e0 cette vision inattendue. Alert\u00e9es par Akefeh sur le voyeur, toutes les femmes s&#8217;empressent de se rhabiller.<\/p>\n<\/div><\/div>\n\n\n\n<figure class=\"wp-block-video\"><video height=\"720\" style=\"aspect-ratio: 1280 \/ 720;\" width=\"1280\" controls src=\"https:\/\/von-koerber.de\/wp-content\/uploads\/2020\/08\/Badende-Frauen-1.webm\"><\/video><figcaption>D\u00e9tails du tableau &#8220;La Baignade des femmes&#8221; de Akefeh von Koerber<\/figcaption><\/figure>\n\n\n\n<div class=\"wp-block-image\"><figure class=\"aligncenter size-large is-resized\"><a href=\"https:\/\/von-koerber.de\/wp-content\/uploads\/2020\/07\/1982-iran-darakeh-tal-wasserfall.webp\" target=\"_blank\" rel=\"noopener noreferrer\"><img loading=\"lazy\" decoding=\"async\" src=\"https:\/\/von-koerber.de\/wp-content\/uploads\/2020\/07\/1982-iran-darakeh-tal-wasserfall-664x1024.webp\" alt=\"\" class=\"wp-image-1179\" width=\"508\" height=\"780\"\/><\/a><figcaption>La vall\u00e9e de Darakeh<\/figcaption><\/figure><\/div>\n","protected":false},"excerpt":{"rendered":"<p>La miniature &#8220;La Baignade des femmes&#8221; relate une exp\u00e9rience d&#8217;enfance d&#8217;Akefeh Monchi-Zadeh, alors qu&#8217;elle \u00e9tait une petite fille, emmen\u00e9e en excursion par les femmes de sa famille dans les montagnes au nord de T\u00e9h\u00e9ran. La vall\u00e9e de Darakeh est encore <span class=\"excerpt-dots\">&hellip;<\/span> <a class=\"more-link\" href=\"https:\/\/von-koerber.de\/fr\/a-savoir\/baignade-des-femmes\/\"><span class=\"more-msg\">Lire la suite &rarr;<\/span><\/a><\/p>\n","protected":false},"author":1,"featured_media":0,"parent":3256,"menu_order":0,"comment_status":"closed","ping_status":"closed","template":"","meta":{"_crdt_document":"","footnotes":""},"folder":[],"class_list":["post-2824","page","type-page","status-publish","hentry"],"translation":{"provider":"WPGlobus","version":"3.0.2","language":"fr","enabled_languages":["de","es","en","fr"],"languages":{"de":{"title":true,"content":true,"excerpt":false},"es":{"title":true,"content":true,"excerpt":false},"en":{"title":true,"content":true,"excerpt":false},"fr":{"title":true,"content":true,"excerpt":false}}},"_links":{"self":[{"href":"https:\/\/von-koerber.de\/fr\/wp-json\/wp\/v2\/pages\/2824","targetHints":{"allow":["GET"]}}],"collection":[{"href":"https:\/\/von-koerber.de\/fr\/wp-json\/wp\/v2\/pages"}],"about":[{"href":"https:\/\/von-koerber.de\/fr\/wp-json\/wp\/v2\/types\/page"}],"author":[{"embeddable":true,"href":"https:\/\/von-koerber.de\/fr\/wp-json\/wp\/v2\/users\/1"}],"replies":[{"embeddable":true,"href":"https:\/\/von-koerber.de\/fr\/wp-json\/wp\/v2\/comments?post=2824"}],"version-history":[{"count":0,"href":"https:\/\/von-koerber.de\/fr\/wp-json\/wp\/v2\/pages\/2824\/revisions"}],"up":[{"embeddable":true,"href":"https:\/\/von-koerber.de\/fr\/wp-json\/wp\/v2\/pages\/3256"}],"wp:attachment":[{"href":"https:\/\/von-koerber.de\/fr\/wp-json\/wp\/v2\/media?parent=2824"}],"wp:term":[{"taxonomy":"folder","embeddable":true,"href":"https:\/\/von-koerber.de\/fr\/wp-json\/wp\/v2\/folder?post=2824"}],"curies":[{"name":"wp","href":"https:\/\/api.w.org\/{rel}","templated":true}]}}