{"id":3256,"date":"2021-07-19T22:30:15","date_gmt":"2021-07-19T20:30:15","guid":{"rendered":"https:\/\/von-koerber.de\/?page_id=3256"},"modified":"2021-08-07T19:23:27","modified_gmt":"2021-08-07T17:23:27","slug":"fuer-neugierige","status":"publish","type":"page","link":"https:\/\/von-koerber.de\/fr\/a-savoir\/","title":{"rendered":"A savoir"},"content":{"rendered":"\n<div class=\"wp-block-media-text alignwide is-stacked-on-mobile\"><figure class=\"wp-block-media-text__media\"><img loading=\"lazy\" decoding=\"async\" width=\"720\" height=\"880\" src=\"https:\/\/von-koerber.de\/wp-content\/uploads\/2020\/07\/m040-polospieler-ii.webp\" alt=\"Polospieler II\" class=\"wp-image-591 size-full\" srcset=\"https:\/\/von-koerber.de\/wp-content\/uploads\/2020\/07\/m040-polospieler-ii.webp 720w, https:\/\/von-koerber.de\/wp-content\/uploads\/2020\/07\/m040-polospieler-ii-245x300.webp 245w\" sizes=\"auto, (max-width: 720px) 100vw, 720px\" \/><\/figure><div class=\"wp-block-media-text__content\">\n<p class=\"has-large-font-size wp-block-paragraph\">Le jeu de polo est n\u00e9 en Iran et a atteint l&#8217;Europe par l&#8217;interm\u00e9diaire des Romains de l&#8217;Antiquit\u00e9 et des colonisateurs britanniques en Inde.<br><br><a href=\"https:\/\/von-koerber.de\/fr\/a-savoir\/le-jeu-de-polo\/\">continuer de lire &#8230;<\/a><\/p>\n<\/div><\/div>\n\n\n\n<div class=\"wp-block-media-text alignwide is-stacked-on-mobile\"><figure class=\"wp-block-media-text__media\"><img loading=\"lazy\" decoding=\"async\" width=\"1029\" height=\"1478\" src=\"https:\/\/von-koerber.de\/wp-content\/uploads\/2020\/07\/m011-miniatur-badende-frauen.webp\" alt=\"Persische Miniatur: Badende Frauen\" class=\"wp-image-568 size-full\" srcset=\"https:\/\/von-koerber.de\/wp-content\/uploads\/2020\/07\/m011-miniatur-badende-frauen.webp 1029w, https:\/\/von-koerber.de\/wp-content\/uploads\/2020\/07\/m011-miniatur-badende-frauen-209x300.webp 209w, https:\/\/von-koerber.de\/wp-content\/uploads\/2020\/07\/m011-miniatur-badende-frauen-713x1024.webp 713w, https:\/\/von-koerber.de\/wp-content\/uploads\/2020\/07\/m011-miniatur-badende-frauen-768x1103.webp 768w\" sizes=\"auto, (max-width: 1029px) 100vw, 1029px\" \/><\/figure><div class=\"wp-block-media-text__content\">\n<p class=\"has-large-font-size wp-block-paragraph\">Une exp\u00e9rience d&#8217;enfance par Akefeh von Koerber.<br><br><a href=\"https:\/\/von-koerber.de\/neugierig\/badende-frauen\/\" data-type=\"page\" data-id=\"2824\"><\/a><a href=\"https:\/\/von-koerber.de\/fr\/a-savoir\/baignade-des-femmes\/\">continuer de lire<\/a> &#8230;<\/p>\n<\/div><\/div>\n\n\n\n<div class=\"wp-block-media-text alignwide is-stacked-on-mobile\"><figure class=\"wp-block-media-text__media\"><img loading=\"lazy\" decoding=\"async\" width=\"856\" height=\"720\" src=\"https:\/\/von-koerber.de\/wp-content\/uploads\/2020\/07\/m007-brautwerbung.webp\" alt=\"Akefeh von Koerber: La conqu\u00eate de la femme de son coeur, miniature persane\" class=\"wp-image-583 size-full\" srcset=\"https:\/\/von-koerber.de\/wp-content\/uploads\/2020\/07\/m007-brautwerbung.webp 856w, https:\/\/von-koerber.de\/wp-content\/uploads\/2020\/07\/m007-brautwerbung-300x252.webp 300w, https:\/\/von-koerber.de\/wp-content\/uploads\/2020\/07\/m007-brautwerbung-768x646.webp 768w\" sizes=\"auto, (max-width: 856px) 100vw, 856px\" \/><\/figure><div class=\"wp-block-media-text__content\">\n<p class=\"has-large-font-size wp-block-paragraph\">Quand trois personnes se battent. Trois hommes en comp\u00e9tition pour leur bien-aim\u00e9e &#8230;<br><br><a href=\"https:\/\/von-koerber.de\/neugierig\/brautwerbung\/\" data-type=\"page\" data-id=\"2790\"><\/a><a href=\"https:\/\/von-koerber.de\/fr\/a-savoir\/la-conquete-de-la-femme-de-son-coeur\/\">continuer de lire<\/a> &#8230;<\/p>\n<\/div><\/div>\n\n\n\n<div class=\"wp-block-media-text alignwide is-stacked-on-mobile\"><figure class=\"wp-block-media-text__media\"><img loading=\"lazy\" decoding=\"async\" width=\"1024\" height=\"666\" src=\"https:\/\/von-koerber.de\/wp-content\/uploads\/2020\/07\/m013-schirin-u-khossrow-1024x666.webp\" alt=\"Schirin und Khossrow, persische Miniatur und Illustration eines persischen M\u00e4rchens\" class=\"wp-image-581 size-full\" srcset=\"https:\/\/von-koerber.de\/wp-content\/uploads\/2020\/07\/m013-schirin-u-khossrow-1024x666.webp 1024w, https:\/\/von-koerber.de\/wp-content\/uploads\/2020\/07\/m013-schirin-u-khossrow-300x195.webp 300w, https:\/\/von-koerber.de\/wp-content\/uploads\/2020\/07\/m013-schirin-u-khossrow-768x500.webp 768w, https:\/\/von-koerber.de\/wp-content\/uploads\/2020\/07\/m013-schirin-u-khossrow.webp 1107w\" sizes=\"auto, (max-width: 1024px) 100vw, 1024px\" \/><\/figure><div class=\"wp-block-media-text__content\">\n<p class=\"has-large-font-size wp-block-paragraph\">Shirin et Khossrow (\u00e9galement Shirin et Kai-Khosr\u00e1u) raconte une histoire d&#8217;amour entre le roi d&#8217;Iran et la jeune Shirin.<\/p>\n<\/div><\/div>\n","protected":false},"excerpt":{"rendered":"<p>Le jeu de polo est n\u00e9 en Iran et a atteint l&#8217;Europe par l&#8217;interm\u00e9diaire des Romains de l&#8217;Antiquit\u00e9 et des colonisateurs britanniques en Inde. continuer de lire &#8230; Une exp\u00e9rience d&#8217;enfance par Akefeh von Koerber. continuer de lire &#8230; Quand <span class=\"excerpt-dots\">&hellip;<\/span> <a class=\"more-link\" href=\"https:\/\/von-koerber.de\/fr\/a-savoir\/\"><span class=\"more-msg\">Lire la suite &rarr;<\/span><\/a><\/p>\n","protected":false},"author":1,"featured_media":0,"parent":0,"menu_order":0,"comment_status":"closed","ping_status":"closed","template":"","meta":{"_crdt_document":"","footnotes":""},"folder":[],"class_list":["post-3256","page","type-page","status-publish","hentry"],"translation":{"provider":"WPGlobus","version":"3.0.2","language":"fr","enabled_languages":["de","es","en","fr"],"languages":{"de":{"title":true,"content":true,"excerpt":false},"es":{"title":true,"content":true,"excerpt":false},"en":{"title":true,"content":true,"excerpt":false},"fr":{"title":true,"content":true,"excerpt":false}}},"_links":{"self":[{"href":"https:\/\/von-koerber.de\/fr\/wp-json\/wp\/v2\/pages\/3256","targetHints":{"allow":["GET"]}}],"collection":[{"href":"https:\/\/von-koerber.de\/fr\/wp-json\/wp\/v2\/pages"}],"about":[{"href":"https:\/\/von-koerber.de\/fr\/wp-json\/wp\/v2\/types\/page"}],"author":[{"embeddable":true,"href":"https:\/\/von-koerber.de\/fr\/wp-json\/wp\/v2\/users\/1"}],"replies":[{"embeddable":true,"href":"https:\/\/von-koerber.de\/fr\/wp-json\/wp\/v2\/comments?post=3256"}],"version-history":[{"count":0,"href":"https:\/\/von-koerber.de\/fr\/wp-json\/wp\/v2\/pages\/3256\/revisions"}],"wp:attachment":[{"href":"https:\/\/von-koerber.de\/fr\/wp-json\/wp\/v2\/media?parent=3256"}],"wp:term":[{"taxonomy":"folder","embeddable":true,"href":"https:\/\/von-koerber.de\/fr\/wp-json\/wp\/v2\/folder?post=3256"}],"curies":[{"name":"wp","href":"https:\/\/api.w.org\/{rel}","templated":true}]}}