{"id":3488,"date":"2021-07-23T18:58:42","date_gmt":"2021-07-23T16:58:42","guid":{"rendered":"https:\/\/von-koerber.de\/?page_id=3488"},"modified":"2021-07-23T18:58:45","modified_gmt":"2021-07-23T16:58:45","slug":"ebrahim-monchi-zadeh","status":"publish","type":"page","link":"https:\/\/von-koerber.de\/fr\/ebrahim-monchi-zadeh\/","title":{"rendered":"Ebrahim Monchi-Zadeh"},"content":{"rendered":"\n<p class=\"has-medium-font-size wp-block-paragraph\">Der Vater von Akefeh Monchi-Zadeh (von Koerber) k\u00e4mpfte f\u00fcr die Unabh\u00e4ngigkeit des Iran gegen die Besatzungsm\u00e4chte Gro\u00dfbritannien und das zaristische Russland.<\/p>\n\n\n\n<p class=\"has-medium-font-size wp-block-paragraph\">Hier eine Monografie f\u00fcr alle Interessenten. <a href=\"https:\/\/von-koerber.de\/wp-content\/uploads\/Monchi-Zadeh-Ebrahim-Monografie.pdf\">F\u00fcr den Vollbildmodus klicken Sie bitte hier<\/a>.<\/p>\n\n\n\n<div data-wp-interactive=\"core\/file\" class=\"wp-block-file\"><object data-wp-bind--hidden=\"!state.hasPdfPreview\" hidden class=\"wp-block-file__embed\" data=\"https:\/\/von-koerber.de\/wp-content\/uploads\/Monchi-Zadeh-Ebrahim-Monografie.pdf\" type=\"application\/pdf\" style=\"width:100%;height:600px\" aria-label=\"Embed of Einbettung von Monchi-Zadeh, Ebrahim Monografie..\"><\/object><a href=\"https:\/\/von-koerber.de\/wp-content\/uploads\/Monchi-Zadeh-Ebrahim-Monografie.pdf\">Monchi-Zadeh, Ebrahim Monografie<\/a><a href=\"https:\/\/von-koerber.de\/wp-content\/uploads\/Monchi-Zadeh-Ebrahim-Monografie.pdf\" class=\"wp-block-file__button\" download>Herunterladen<\/a><\/div>\n","protected":false},"excerpt":{"rendered":"<p>Der Vater von Akefeh Monchi-Zadeh (von Koerber) k\u00e4mpfte f\u00fcr die Unabh\u00e4ngigkeit des Iran gegen die Besatzungsm\u00e4chte Gro\u00dfbritannien und das zaristische Russland. Hier eine Monografie f\u00fcr alle Interessenten. F\u00fcr den Vollbildmodus klicken Sie bitte hier.<\/p>\n <a class=\"more-link\" href=\"https:\/\/von-koerber.de\/fr\/ebrahim-monchi-zadeh\/\"><span class=\"more-msg\">Lire la suite &rarr;<\/span><\/a>","protected":false},"author":1,"featured_media":3495,"parent":0,"menu_order":0,"comment_status":"closed","ping_status":"closed","template":"","meta":{"_crdt_document":"","footnotes":""},"folder":[],"class_list":["post-3488","page","type-page","status-publish","has-post-thumbnail","hentry"],"translation":{"provider":"WPGlobus","version":"3.0.2","language":"fr","enabled_languages":["de","es","en","fr"],"languages":{"de":{"title":true,"content":true,"excerpt":false},"es":{"title":false,"content":false,"excerpt":false},"en":{"title":false,"content":false,"excerpt":false},"fr":{"title":false,"content":false,"excerpt":false}}},"_links":{"self":[{"href":"https:\/\/von-koerber.de\/fr\/wp-json\/wp\/v2\/pages\/3488","targetHints":{"allow":["GET"]}}],"collection":[{"href":"https:\/\/von-koerber.de\/fr\/wp-json\/wp\/v2\/pages"}],"about":[{"href":"https:\/\/von-koerber.de\/fr\/wp-json\/wp\/v2\/types\/page"}],"author":[{"embeddable":true,"href":"https:\/\/von-koerber.de\/fr\/wp-json\/wp\/v2\/users\/1"}],"replies":[{"embeddable":true,"href":"https:\/\/von-koerber.de\/fr\/wp-json\/wp\/v2\/comments?post=3488"}],"version-history":[{"count":0,"href":"https:\/\/von-koerber.de\/fr\/wp-json\/wp\/v2\/pages\/3488\/revisions"}],"wp:featuredmedia":[{"embeddable":true,"href":"https:\/\/von-koerber.de\/fr\/wp-json\/wp\/v2\/media\/3495"}],"wp:attachment":[{"href":"https:\/\/von-koerber.de\/fr\/wp-json\/wp\/v2\/media?parent=3488"}],"wp:term":[{"taxonomy":"folder","embeddable":true,"href":"https:\/\/von-koerber.de\/fr\/wp-json\/wp\/v2\/folder?post=3488"}],"curies":[{"name":"wp","href":"https:\/\/api.w.org\/{rel}","templated":true}]}}