{"id":354,"date":"2012-07-14T03:27:36","date_gmt":"2012-07-14T01:27:36","guid":{"rendered":"http:\/\/273013.webhosting78.1blu.de\/akefeh\/?page_id=14"},"modified":"2021-07-17T20:34:48","modified_gmt":"2021-07-17T18:34:48","slug":"kohlezeichnungen","status":"publish","type":"page","link":"https:\/\/von-koerber.de\/fr\/dessins-au-fusain\/","title":{"rendered":"Dessins au fusain"},"content":{"rendered":"<div id=\"new-royalslider-20\" class=\"royalSlider new-royalslider-20 rsDefaultInv rs-default-template\" style=\"width:100%;height:500px;;\" data-rs-options='{&quot;template&quot;:&quot;default&quot;,&quot;image_generation&quot;:{&quot;lazyLoading&quot;:&quot;true&quot;,&quot;imageWidth&quot;:&quot;&quot;,&quot;imageHeight&quot;:&quot;&quot;,&quot;thumbImageWidth&quot;:&quot;&quot;,&quot;thumbImageHeight&quot;:&quot;&quot;},&quot;thumbs&quot;:{&quot;thumbWidth&quot;:96,&quot;thumbHeight&quot;:72},&quot;fullscreen&quot;:{&quot;enabled&quot;:&quot;true&quot;,&quot;nativeFS&quot;:&quot;true&quot;},&quot;video&quot;:[],&quot;block&quot;:{&quot;moveOffset&quot;:20,&quot;speed&quot;:400,&quot;delay&quot;:200},&quot;width&quot;:&quot;100%&quot;,&quot;height&quot;:500,&quot;autoScaleSlider&quot;:&quot;true&quot;,&quot;autoScaleSliderWidth&quot;:960,&quot;autoScaleSliderHeight&quot;:750,&quot;imageScaleMode&quot;:&quot;fit&quot;,&quot;controlNavigation&quot;:&quot;thumbnails&quot;,&quot;arrowsNavHideOnTouch&quot;:&quot;true&quot;,&quot;globalCaption&quot;:&quot;true&quot;,&quot;globalCaptionInside&quot;:&quot;true&quot;,&quot;loop&quot;:&quot;true&quot;}'>\n<div class=\"rsContent\">\n  <a class=\"rsImg\" href=\"https:\/\/von-koerber.de\/wp-content\/uploads\/2020\/08\/z042-aufstand-der-geschlagenen-I.webp\" data-rsBigImg=\"https:\/\/von-koerber.de\/wp-content\/uploads\/2020\/08\/z042-aufstand-der-geschlagenen-I.webp\">R\u00e9volte des vaincus I<\/a>\n  <div class=\"rsTmb\"><img decoding=\"async\" src=\"https:\/\/von-koerber.de\/wp-content\/uploads\/2020\/08\/z042-aufstand-der-geschlagenen-I.webp\" alt=\"\" \/><\/div>\n  R\u00e9volte des vaincus I, partie gauche du triptyque du m\u00eame nom de 1946\n  \n  \n<\/div>\n<div class=\"rsContent\">\n  <a class=\"rsImg\" href=\"https:\/\/von-koerber.de\/wp-content\/uploads\/2020\/08\/z043-kohlezeichnung-aufstand-der-geschlagenen-ii.webp\" data-rsBigImg=\"https:\/\/von-koerber.de\/wp-content\/uploads\/2020\/08\/z043-kohlezeichnung-aufstand-der-geschlagenen-ii.webp\">R\u00e9volte des battus II<\/a>\n  <div class=\"rsTmb\"><img decoding=\"async\" src=\"https:\/\/von-koerber.de\/wp-content\/uploads\/2020\/08\/z043-kohlezeichnung-aufstand-der-geschlagenen-ii-150x78.webp\" alt=\"\" \/><\/div>\n  R\u00e9volte des battus II\n  \n  \n<\/div>\n<div class=\"rsContent\">\n  <a class=\"rsImg\" href=\"https:\/\/von-koerber.de\/wp-content\/uploads\/2020\/08\/z014-bleistiftzeichnung-zu-aufstand-der-geschlagenen-ii.webp\" data-rsBigImg=\"https:\/\/von-koerber.de\/wp-content\/uploads\/2020\/08\/z014-bleistiftzeichnung-zu-aufstand-der-geschlagenen-ii.webp\">Dessin au crayon pour le soul\u00e8vement des battus II<\/a>\n  <div class=\"rsTmb\"><img decoding=\"async\" src=\"https:\/\/von-koerber.de\/wp-content\/uploads\/2020\/08\/z014-bleistiftzeichnung-zu-aufstand-der-geschlagenen-ii-150x86.webp\" alt=\"\" \/><\/div>\n  Dessin au crayon pour le soul\u00e8vement des battus II\n  \n  \n<\/div>\n<div class=\"rsContent\">\n  <a class=\"rsImg\" href=\"https:\/\/von-koerber.de\/wp-content\/uploads\/2020\/08\/z044-kohlezeichnung-aufstand-der-geschlagenen-iii.webp\" data-rsBigImg=\"https:\/\/von-koerber.de\/wp-content\/uploads\/2020\/08\/z044-kohlezeichnung-aufstand-der-geschlagenen-iii.webp\">R\u00e9volte des battus III<\/a>\n  <div class=\"rsTmb\"><img decoding=\"async\" src=\"https:\/\/von-koerber.de\/wp-content\/uploads\/2020\/08\/z044-kohlezeichnung-aufstand-der-geschlagenen-iii-150x145.webp\" alt=\"\" \/><\/div>\n  R\u00e9volte des battus III\n  \n  \n<\/div>\n<div class=\"rsContent\">\n  <a class=\"rsImg\" href=\"https:\/\/von-koerber.de\/wp-content\/uploads\/z024_singende_kz_haeftlinge-704x1024.webp\" data-rsBigImg=\"https:\/\/von-koerber.de\/wp-content\/uploads\/z024_singende_kz_haeftlinge.webp\">Le chant des prisonniers des camps de concentration<\/a>\n  <div class=\"rsTmb\"><img decoding=\"async\" src=\"https:\/\/von-koerber.de\/wp-content\/uploads\/z024_singende_kz_haeftlinge-150x150.webp\" alt=\"\" \/><\/div>\n  Le chant des prisonniers des camps de concentration\n  \n  \n<\/div>\n<div class=\"rsContent\">\n  <a class=\"rsImg\" href=\"https:\/\/von-koerber.de\/wp-content\/uploads\/2020\/08\/z058-kohlezeichnung-die-gebaerende.webp\" data-rsBigImg=\"https:\/\/von-koerber.de\/wp-content\/uploads\/2020\/08\/z058-kohlezeichnung-die-gebaerende.webp\">La femme qui accouche<\/a>\n  <div class=\"rsTmb\"><img decoding=\"async\" src=\"https:\/\/von-koerber.de\/wp-content\/uploads\/2020\/08\/z058-kohlezeichnung-die-gebaerende-113x150.webp\" alt=\"\" \/><\/div>\n  La femme qui accouche\n  \n  \n<\/div>\n<div class=\"rsContent\">\n  <a class=\"rsImg\" href=\"https:\/\/von-koerber.de\/wp-content\/uploads\/2020\/08\/z006-kohlezeichnung-erschoepfung-nach-der-flucht.webp\" data-rsBigImg=\"https:\/\/von-koerber.de\/wp-content\/uploads\/2020\/08\/z006-kohlezeichnung-erschoepfung-nach-der-flucht.webp\">\u00c9puisement apr\u00e8s l&#8217;\u00e9vasion<\/a>\n  <div class=\"rsTmb\"><img decoding=\"async\" src=\"https:\/\/von-koerber.de\/wp-content\/uploads\/2020\/08\/z006-kohlezeichnung-erschoepfung-nach-der-flucht-97x150.webp\" alt=\"\" \/><\/div>\n  \u00c9puisement apr\u00e8s l&#8217;\u00e9vasion\n  \n  \n<\/div>\n<div class=\"rsContent\">\n  <a class=\"rsImg\" href=\"https:\/\/von-koerber.de\/wp-content\/uploads\/2020\/08\/z012-kohlezeichnung-fluechtlingsmutter-mit-totem-kind.webp\" data-rsBigImg=\"https:\/\/von-koerber.de\/wp-content\/uploads\/2020\/08\/z012-kohlezeichnung-fluechtlingsmutter-mit-totem-kind.webp\">M\u00e8re r\u00e9fugi\u00e9e avec un enfant mort<\/a>\n  <div class=\"rsTmb\"><img decoding=\"async\" src=\"https:\/\/von-koerber.de\/wp-content\/uploads\/2020\/08\/z012-kohlezeichnung-fluechtlingsmutter-mit-totem-kind-88x150.webp\" alt=\"\" \/><\/div>\n  M\u00e8re r\u00e9fugi\u00e9e avec un enfant mort\n  \n  \n<\/div>\n<div class=\"rsContent\">\n  <a class=\"rsImg\" href=\"https:\/\/von-koerber.de\/wp-content\/uploads\/2020\/08\/z019-kohlezeichnung-mutter-mit-kind-auf-der-flucht-II.webp\" data-rsBigImg=\"https:\/\/von-koerber.de\/wp-content\/uploads\/2020\/08\/z019-kohlezeichnung-mutter-mit-kind-auf-der-flucht-II.webp\">M\u00e8re avec enfant fuyant II<\/a>\n  <div class=\"rsTmb\"><img decoding=\"async\" src=\"https:\/\/von-koerber.de\/wp-content\/uploads\/2020\/08\/z019-kohlezeichnung-mutter-mit-kind-auf-der-flucht-II-85x150.webp\" alt=\"\" \/><\/div>\n  M\u00e8re avec enfant fuyant II\n  \n  \n<\/div>\n<div class=\"rsContent\">\n  <a class=\"rsImg\" href=\"https:\/\/von-koerber.de\/wp-content\/uploads\/2020\/08\/z018-kohlezeichnung-mutter-mit-kind-auf-der-flucht-I.webp\" data-rsBigImg=\"https:\/\/von-koerber.de\/wp-content\/uploads\/2020\/08\/z018-kohlezeichnung-mutter-mit-kind-auf-der-flucht-I.webp\">M\u00e8re avec enfant fuyant I<\/a>\n  <div class=\"rsTmb\"><img decoding=\"async\" src=\"https:\/\/von-koerber.de\/wp-content\/uploads\/2020\/08\/z018-kohlezeichnung-mutter-mit-kind-auf-der-flucht-I-101x150.webp\" alt=\"\" \/><\/div>\n  M\u00e8re avec enfant fuyant I\n  \n  \n<\/div>\n<div class=\"rsContent\">\n  <a class=\"rsImg\" href=\"https:\/\/von-koerber.de\/wp-content\/uploads\/2020\/08\/z016-kohlezeichnung-hoffnung-auf-hilfe.webp\" data-rsBigImg=\"https:\/\/von-koerber.de\/wp-content\/uploads\/2020\/08\/z016-kohlezeichnung-hoffnung-auf-hilfe.webp\">Espoir d&#8217;aide<\/a>\n  <div class=\"rsTmb\"><img decoding=\"async\" src=\"https:\/\/von-koerber.de\/wp-content\/uploads\/2020\/08\/z016-kohlezeichnung-hoffnung-auf-hilfe-62x150.webp\" alt=\"\" \/><\/div>\n  Espoir d&#8217;aide\n  \n  \n<\/div>\n<div class=\"rsContent\">\n  <a class=\"rsImg\" href=\"https:\/\/von-koerber.de\/wp-content\/uploads\/2020\/08\/z010-kohlezeichnung-mann-mit-pferd.webp\" data-rsBigImg=\"https:\/\/von-koerber.de\/wp-content\/uploads\/2020\/08\/z010-kohlezeichnung-mann-mit-pferd.webp\">Homme avec un cheval<\/a>\n  <div class=\"rsTmb\"><img decoding=\"async\" src=\"https:\/\/von-koerber.de\/wp-content\/uploads\/2020\/08\/z010-kohlezeichnung-mann-mit-pferd-110x150.webp\" alt=\"\" \/><\/div>\n  Homme avec un cheval\n  \n  \n<\/div>\n<div class=\"rsContent\">\n  <a class=\"rsImg\" href=\"https:\/\/von-koerber.de\/wp-content\/uploads\/2020\/08\/z056-kohlezeichnung-sitzende.webp\" data-rsBigImg=\"https:\/\/von-koerber.de\/wp-content\/uploads\/2020\/08\/z056-kohlezeichnung-sitzende.webp\">Femme assise<\/a>\n  <div class=\"rsTmb\"><img decoding=\"async\" src=\"https:\/\/von-koerber.de\/wp-content\/uploads\/2020\/08\/z056-kohlezeichnung-sitzende-122x150.webp\" alt=\"\" \/><\/div>\n  Femme assise\n  \n  \n<\/div>\n<div class=\"rsContent\">\n  <a class=\"rsImg\" href=\"https:\/\/von-koerber.de\/wp-content\/uploads\/2020\/08\/z011-kohlezeichnung-portrait-frau-naum.webp\" data-rsBigImg=\"https:\/\/von-koerber.de\/wp-content\/uploads\/2020\/08\/z011-kohlezeichnung-portrait-frau-naum.webp\">Portrait de Mme Naum<\/a>\n  <div class=\"rsTmb\"><img decoding=\"async\" src=\"https:\/\/von-koerber.de\/wp-content\/uploads\/2020\/08\/z011-kohlezeichnung-portrait-frau-naum-120x150.webp\" alt=\"\" \/><\/div>\n  Portrait de Mme Naum\n  \n  \n<\/div>\n<div class=\"rsContent\">\n  <a class=\"rsImg\" href=\"https:\/\/von-koerber.de\/wp-content\/uploads\/2020\/08\/z015-kohlezeichnung-nachdenklichkeit.webp\" data-rsBigImg=\"https:\/\/von-koerber.de\/wp-content\/uploads\/2020\/08\/z015-kohlezeichnung-nachdenklichkeit.webp\">Pensivit\u00e9<\/a>\n  <div class=\"rsTmb\"><img decoding=\"async\" src=\"https:\/\/von-koerber.de\/wp-content\/uploads\/2020\/08\/z015-kohlezeichnung-nachdenklichkeit-118x150.webp\" alt=\"\" \/><\/div>\n  Pensivit\u00e9\n  \n  \n<\/div>\n<div class=\"rsContent\">\n  <a class=\"rsImg\" href=\"https:\/\/von-koerber.de\/wp-content\/uploads\/2020\/08\/z005-kohlezeichnung-zwei-nonnen-nach-bombenangriff.webp\" data-rsBigImg=\"https:\/\/von-koerber.de\/wp-content\/uploads\/2020\/08\/z005-kohlezeichnung-zwei-nonnen-nach-bombenangriff.webp\">Deux religieuses aveugles apr\u00e8s un bombardement<\/a>\n  <div class=\"rsTmb\"><img decoding=\"async\" src=\"https:\/\/von-koerber.de\/wp-content\/uploads\/2020\/08\/z005-kohlezeichnung-zwei-nonnen-nach-bombenangriff-101x150.webp\" alt=\"\" \/><\/div>\n  Deux religieuses aveugles apr\u00e8s un bombardement\n  \n  \n<\/div>\n<div class=\"rsContent\">\n  <a class=\"rsImg\" href=\"https:\/\/von-koerber.de\/wp-content\/uploads\/2020\/08\/z017-kohlezeichnung-sterbende.webp\" data-rsBigImg=\"https:\/\/von-koerber.de\/wp-content\/uploads\/2020\/08\/z017-kohlezeichnung-sterbende.webp\">Mourir<\/a>\n  <div class=\"rsTmb\"><img decoding=\"async\" src=\"https:\/\/von-koerber.de\/wp-content\/uploads\/2020\/08\/z017-kohlezeichnung-sterbende-127x150.webp\" alt=\"\" \/><\/div>\n  Mourir\n  \n  \n<\/div>\n\n<\/div>\n\n\n\n<p class=\"wp-block-paragraph\"><\/p>\n\n\n\n<p class=\"has-medium-font-size wp-block-paragraph\">Pendant la Seconde Guerre mondiale, qu&#8217;elle a v\u00e9cue en Allemagne de 1941 \u00e0 la fin, Akefeh Monchi-Zadeh a d\u00e9couvert la technique du dessin au fusain, qu&#8217;elle a trouv\u00e9e particuli\u00e8rement adapt\u00e9e au traitement artistique des \u00e9v\u00e9nements et des exp\u00e9riences qu&#8217;elle a v\u00e9cus. Tout ce qui contrastait avec le monde idyllique mais toujours color\u00e9 de la miniature persane n\u00e9cessitait une technique de peinture puissante et de grands formats. L&#8217;horreur, les horreurs, les nuits de bombardement qu&#8217;elle a pass\u00e9es en partie dans le bunker de protection, en partie dans le grenier o\u00f9 elle a lanc\u00e9 des bombes au phosphore dans la rue, mais aussi l&#8217;espoir d&#8217;un d\u00e9part commun pour un nouveau monde pacifique ont inspir\u00e9 ses peintures.<br>Elle a souvent travaill\u00e9 en parall\u00e8le sur des miniatures et des grands formats. Le contraste entre les deux formes de travail l&#8217;accompagne d\u00e9sormais tout au long de sa vie. Elle n&#8217;a jamais \u00e9t\u00e9 attach\u00e9e \u00e0 des techniques particuli\u00e8res, mais au contenu, qui exigeait des formes d&#8217;expression adapt\u00e9es.<\/p>\n","protected":false},"excerpt":{"rendered":"<p>Pendant la Seconde Guerre mondiale, qu&#8217;elle a v\u00e9cue en Allemagne de 1941 \u00e0 la fin, Akefeh Monchi-Zadeh a d\u00e9couvert la technique du dessin au fusain, qu&#8217;elle a trouv\u00e9e particuli\u00e8rement adapt\u00e9e au traitement artistique des \u00e9v\u00e9nements et des exp\u00e9riences qu&#8217;elle a <span class=\"excerpt-dots\">&hellip;<\/span> <a class=\"more-link\" href=\"https:\/\/von-koerber.de\/fr\/dessins-au-fusain\/\"><span class=\"more-msg\">Lire la suite &rarr;<\/span><\/a><\/p>\n","protected":false},"author":1,"featured_media":0,"parent":0,"menu_order":2,"comment_status":"closed","ping_status":"open","template":"","meta":{"_crdt_document":"","footnotes":""},"folder":[],"class_list":["post-354","page","type-page","status-publish","hentry"],"translation":{"provider":"WPGlobus","version":"3.0.2","language":"fr","enabled_languages":["de","es","en","fr"],"languages":{"de":{"title":true,"content":true,"excerpt":false},"es":{"title":true,"content":true,"excerpt":false},"en":{"title":true,"content":true,"excerpt":false},"fr":{"title":true,"content":true,"excerpt":false}}},"_links":{"self":[{"href":"https:\/\/von-koerber.de\/fr\/wp-json\/wp\/v2\/pages\/354","targetHints":{"allow":["GET"]}}],"collection":[{"href":"https:\/\/von-koerber.de\/fr\/wp-json\/wp\/v2\/pages"}],"about":[{"href":"https:\/\/von-koerber.de\/fr\/wp-json\/wp\/v2\/types\/page"}],"author":[{"embeddable":true,"href":"https:\/\/von-koerber.de\/fr\/wp-json\/wp\/v2\/users\/1"}],"replies":[{"embeddable":true,"href":"https:\/\/von-koerber.de\/fr\/wp-json\/wp\/v2\/comments?post=354"}],"version-history":[{"count":0,"href":"https:\/\/von-koerber.de\/fr\/wp-json\/wp\/v2\/pages\/354\/revisions"}],"wp:attachment":[{"href":"https:\/\/von-koerber.de\/fr\/wp-json\/wp\/v2\/media?parent=354"}],"wp:term":[{"taxonomy":"folder","embeddable":true,"href":"https:\/\/von-koerber.de\/fr\/wp-json\/wp\/v2\/folder?post=354"}],"curies":[{"name":"wp","href":"https:\/\/api.w.org\/{rel}","templated":true}]}}