{"id":355,"date":"2012-07-14T12:48:12","date_gmt":"2012-07-14T10:48:12","guid":{"rendered":"http:\/\/273013.webhosting78.1blu.de\/akefeh\/?page_id=34"},"modified":"2021-08-03T00:49:56","modified_gmt":"2021-08-02T22:49:56","slug":"biographie","status":"publish","type":"page","link":"https:\/\/von-koerber.de\/fr\/biographie\/","title":{"rendered":"Biographie"},"content":{"rendered":"\n<figure class=\"wp-block-gallery columns-2 is-cropped wp-block-gallery-1 is-layout-flex wp-block-gallery-is-layout-flex\"><ul class=\"blocks-gallery-grid\"><li class=\"blocks-gallery-item\"><figure><a href=\"https:\/\/von-koerber.de\/wp-content\/uploads\/2018\/11\/akefeh-von-koerber-hamburg-1952-b.webp\"><img loading=\"lazy\" decoding=\"async\" width=\"884\" height=\"1357\" src=\"https:\/\/von-koerber.de\/wp-content\/uploads\/2018\/11\/akefeh-von-koerber-hamburg-1952-b.webp\" alt=\"Die Malerin Akefeh von Koerber (Monchi-Zadeh), Hamburg 1952\" data-id=\"288\" data-full-url=\"https:\/\/von-koerber.de\/wp-content\/uploads\/2018\/11\/akefeh-von-koerber-hamburg-1952-b.webp\" data-link=\"https:\/\/von-koerber.de\/akefeh-von-koerber-hamburg-1952-b\/\" class=\"wp-image-288\"\/><\/a><figcaption class=\"blocks-gallery-item__caption\">Akefeh von Koerber, Hamburg 1952<\/figcaption><\/figure><\/li><li class=\"blocks-gallery-item\"><figure><a href=\"https:\/\/von-koerber.de\/wp-content\/uploads\/2012\/07\/1998-akefeh-von-koerber-monchi-zadeh.webp\"><img loading=\"lazy\" decoding=\"async\" width=\"255\" height=\"357\" src=\"https:\/\/von-koerber.de\/wp-content\/uploads\/2012\/07\/1998-akefeh-von-koerber-monchi-zadeh.webp\" alt=\"Die Malerien Akefeh von Koerber (Monchi-Zadeh) 1998\" data-id=\"77\" data-full-url=\"https:\/\/von-koerber.de\/wp-content\/uploads\/2012\/07\/1998-akefeh-von-koerber-monchi-zadeh.webp\" data-link=\"https:\/\/von-koerber.de\/akefeh1998\/\" class=\"wp-image-77\" srcset=\"https:\/\/von-koerber.de\/wp-content\/uploads\/2012\/07\/1998-akefeh-von-koerber-monchi-zadeh.webp 255w, https:\/\/von-koerber.de\/wp-content\/uploads\/2012\/07\/1998-akefeh-von-koerber-monchi-zadeh-214x300.webp 214w, https:\/\/von-koerber.de\/wp-content\/uploads\/2012\/07\/1998-akefeh-von-koerber-monchi-zadeh-107x150.webp 107w\" sizes=\"auto, (max-width: 255px) 100vw, 255px\" \/><\/a><figcaption class=\"blocks-gallery-item__caption\">Die Malerien Akefeh von Koerber (Monchi-Zadeh) 1998<\/figcaption><\/figure><\/li><\/ul><\/figure>\n\n\n\n<div class=\"wp-block-group\"><div class=\"wp-block-group__inner-container is-layout-flow wp-block-group-is-layout-flow\">\n<div class=\"wp-block-columns is-layout-flex wp-container-core-columns-is-layout-8f761849 wp-block-columns-is-layout-flex\">\n<div class=\"wp-block-column is-layout-flow wp-block-column-is-layout-flow\">\n<div class=\"wp-block-image\"><figure class=\"alignright size-large is-resized\"><img loading=\"lazy\" decoding=\"async\" src=\"https:\/\/von-koerber.de\/wp-content\/uploads\/atiyeh-monchi-zadeh-686x1024.webp\" alt=\"Atiyeh Monchi-Zadeh\" class=\"wp-image-2103\" width=\"234\" height=\"329\"\/><figcaption>Atiyeh Monchi-Zadeh<\/figcaption><\/figure><\/div>\n<\/div>\n\n\n\n<div class=\"wp-block-column is-layout-flow wp-block-column-is-layout-flow\">\n<div class=\"wp-block-image\"><figure class=\"alignleft size-large is-resized\"><img loading=\"lazy\" decoding=\"async\" src=\"https:\/\/von-koerber.de\/wp-content\/uploads\/ebrahim-monchi-zadeh-1910-902x1024.webp\" alt=\"Ebrahim Monchi-Zadeh\" class=\"wp-image-2102\" width=\"324\" height=\"330\"\/><figcaption>Ebrahim Monchi-Zadeh<\/figcaption><\/figure><\/div>\n<\/div>\n<\/div>\n<\/div><\/div>\n\n\n\n<div class=\"wp-block-media-text alignwide is-stacked-on-mobile\" style=\"grid-template-columns:15% auto\"><figure class=\"wp-block-media-text__media\"><a href=\"https:\/\/von-koerber.de\/wp-content\/uploads\/2020\/07\/1923-akefeh-von-koerber-monchi-zadeh.webp\" target=\"_blank\" rel=\"noopener noreferrer\"><img loading=\"lazy\" decoding=\"async\" width=\"541\" height=\"805\" src=\"https:\/\/von-koerber.de\/wp-content\/uploads\/2020\/07\/1923-akefeh-von-koerber-monchi-zadeh.webp\" alt=\"Akefeh Monchi-Zadeh\" class=\"wp-image-860 size-full\" srcset=\"https:\/\/von-koerber.de\/wp-content\/uploads\/2020\/07\/1923-akefeh-von-koerber-monchi-zadeh.webp 541w, https:\/\/von-koerber.de\/wp-content\/uploads\/2020\/07\/1923-akefeh-von-koerber-monchi-zadeh-202x300.webp 202w, https:\/\/von-koerber.de\/wp-content\/uploads\/2020\/07\/1923-akefeh-von-koerber-monchi-zadeh-101x150.webp 101w\" sizes=\"auto, (max-width: 541px) 100vw, 541px\" \/><\/a><\/figure><div class=\"wp-block-media-text__content\">\n<h2 class=\"wp-block-heading\"><strong>1915<\/strong><\/h2>\n\n\n\n<p class=\"has-medium-font-size wp-block-paragraph\">Akefeh von Koerber est n\u00e9e en Iran sous le nom de Akefeh Monchi-Zadeh. En tant qu\u2019artiste, elle utilise aussi plus tard son nom de naissance.<br>Son p\u00e8re, Mirsa Ebrahim Khan Monchi-Zadeh, \u00e9tait un officier de haut rang et parfois chef de la police de <a href=\"https:\/\/fr.wikipedia.org\/wiki\/Chiraz\" target=\"_blank\" aria-label=\"undefined (opens in a new tab)\" rel=\"noreferrer noopener\">Chiraz<\/a>. Il a traduit en persan des ouvrages des Lumi\u00e8res Fran\u00e7aises et \u00e0 Shiraz il s\u2019est attach\u00e9 \u00e0 la d\u00e9fense de juifs harcel\u00e9s.<br>L\u2019organisation secr\u00e8te qu\u2019il a fond\u00e9e s\u2019est battue pour une constitution et contre la division de l\u2019Iran entre la Russie et la Grande-Bretagne. Il a \u00e9t\u00e9 arr\u00eat\u00e9, tortur\u00e9, puis, lors de \u201csa fuite\u201d abattu.<br>La m\u00e8re d\u2019Akefeh, Attiye Sarkhosch, \u00e9l\u00e8ve seule ses quatre fils et sa fille unique.<br>Akefeh fr\u00e9quente l\u2019\u00e9cole des <a href=\"https:\/\/fr.wikipedia.org\/wiki\/Zoroastre\" target=\"_blank\" aria-label=\"undefined (opens in a new tab)\" rel=\"noreferrer noopener\">Zarathustriens<\/a>, o\u00f9 elle passe \u00e9galement son examen externe de fin d\u2019\u00e9tudes.<br>D\u00e8s sa plus tendre enfance, elle commence \u00e0 apprendre diff\u00e9rentes techniques et styles de peinture en autodidacte.<\/p>\n<\/div><\/div>\n\n\n\n<div class=\"wp-block-media-text alignwide is-stacked-on-mobile\" style=\"grid-template-columns:15% auto\"><figure class=\"wp-block-media-text__media\"><a href=\"https:\/\/von-koerber.de\/wp-content\/uploads\/2020\/07\/g031-akefeh-von-koerber-selbstportrait-3.webp\" target=\"_blank\" rel=\"noopener noreferrer\"><img loading=\"lazy\" decoding=\"async\" width=\"720\" height=\"929\" src=\"https:\/\/von-koerber.de\/wp-content\/uploads\/2020\/07\/g031-akefeh-von-koerber-selbstportrait-3.webp\" alt=\"Akefeh von Koerber \/ Monchi-Zadeh 1937\" class=\"wp-image-858 size-full\" srcset=\"https:\/\/von-koerber.de\/wp-content\/uploads\/2020\/07\/g031-akefeh-von-koerber-selbstportrait-3.webp 720w, https:\/\/von-koerber.de\/wp-content\/uploads\/2020\/07\/g031-akefeh-von-koerber-selbstportrait-3-233x300.webp 233w\" sizes=\"auto, (max-width: 720px) 100vw, 720px\" \/><\/a><\/figure><div class=\"wp-block-media-text__content\">\n<h2 class=\"wp-block-heading\"><strong>1935<\/strong><\/h2>\n\n\n\n<p class=\"has-medium-font-size wp-block-paragraph\">Le\u00e7ons avec Hossein Behzad, ma\u00eetre de la peinture miniature persane. Comme lui, elle s\u2019int\u00e9resse au renouvellement de la peinture persane et \u00e0 l\u2019\u00e9laboration ainsi d\u2019un pont vers l\u2019art europ\u00e9en. Cependant, la rupture de tabous, par exemple dans la repr\u00e9sentation de personnes d\u00e9shabill\u00e9es, la suppression des traditions iconographiques et l\u2019int\u00e9gration de motifs contemporains ainsi que le traitement de ses propres exp\u00e9riences dans la peinture en miniature conduisent \u00e0 une rupture avec Behzad. Avant son voyage en Europe, elle s\u2019est consacr\u00e9e \u00e0 la peinture de portraits en autodidacte et sous la direction d\u2019un professeur priv\u00e9.<\/p>\n<\/div><\/div>\n\n\n\n<div class=\"wp-block-media-text alignwide is-stacked-on-mobile\" style=\"grid-template-columns:15% auto\"><figure class=\"wp-block-media-text__media\"><a href=\"https:\/\/von-koerber.de\/wp-content\/uploads\/2020\/07\/1941-udssr-lokomotive-symbolbild.webp\" target=\"_blank\" rel=\"noopener noreferrer\"><img loading=\"lazy\" decoding=\"async\" width=\"611\" height=\"850\" src=\"https:\/\/von-koerber.de\/wp-content\/uploads\/2020\/07\/1941-udssr-lokomotive-symbolbild.webp\" alt=\"\" class=\"wp-image-1053 size-full\" srcset=\"https:\/\/von-koerber.de\/wp-content\/uploads\/2020\/07\/1941-udssr-lokomotive-symbolbild.webp 611w, https:\/\/von-koerber.de\/wp-content\/uploads\/2020\/07\/1941-udssr-lokomotive-symbolbild-216x300.webp 216w, https:\/\/von-koerber.de\/wp-content\/uploads\/2020\/07\/1941-udssr-lokomotive-symbolbild-108x150.webp 108w\" sizes=\"auto, (max-width: 611px) 100vw, 611px\" \/><\/a><\/figure><div class=\"wp-block-media-text__content\">\n<h2 class=\"wp-block-heading\"><strong>1941<\/strong><\/h2>\n\n\n\n<p class=\"has-medium-font-size wp-block-paragraph\">Comme Behzad, A. Monchi-Zadeh entend aller \u00e0 Paris pour \u00e9tudier l\u2019art europ\u00e9en.<br>Au cours de la travers\u00e9e de l\u2019URSS en train, apprenant l\u2019inminence de l\u2019attaque allemande sur l\u2019Union Sovi\u00e9tique, elle se voit contrainte de rester \u00e0 Berlin, puis de s\u00e9journer toute la guerre durant en Allemagne.<\/p>\n<\/div><\/div>\n\n\n\n<div class=\"wp-block-media-text alignwide is-stacked-on-mobile\" style=\"grid-template-columns:15% auto\"><figure class=\"wp-block-media-text__media\"><a href=\"https:\/\/von-koerber.de\/wp-content\/uploads\/2012\/07\/1943-akefeh-von-koerber-monchi-zadeh-berlin-passfoto.webp\" target=\"_blank\" rel=\"noopener noreferrer\"><img loading=\"lazy\" decoding=\"async\" width=\"119\" height=\"163\" src=\"https:\/\/von-koerber.de\/wp-content\/uploads\/2012\/07\/1943-akefeh-von-koerber-monchi-zadeh-berlin-passfoto.webp\" alt=\"Akefeh von Koerber 1943\" class=\"wp-image-78 size-full\" srcset=\"https:\/\/von-koerber.de\/wp-content\/uploads\/2012\/07\/1943-akefeh-von-koerber-monchi-zadeh-berlin-passfoto.webp 119w, https:\/\/von-koerber.de\/wp-content\/uploads\/2012\/07\/1943-akefeh-von-koerber-monchi-zadeh-berlin-passfoto-110x150.webp 110w\" sizes=\"auto, (max-width: 119px) 100vw, 119px\" \/><\/a><\/figure><div class=\"wp-block-media-text__content\">\n<h2 class=\"wp-block-heading\"><strong>1941 -1942<\/strong><\/h2>\n\n\n\n<p class=\"has-medium-font-size wp-block-paragraph\">D\u00e9but des \u00e9tudes \u00e0<a href=\"https:\/\/fr.wikipedia.org\/wiki\/Acad%C3%A9mie_des_arts_de_Berlin\" target=\"_blank\" aria-label=\"undefined (opens in a new tab)\" rel=\"noreferrer noopener\"> l\u2019Acad\u00e9mie des Beaux-Arts de Berlin<\/a>.<\/p>\n<\/div><\/div>\n\n\n\n<div class=\"wp-block-media-text alignwide is-stacked-on-mobile\" style=\"grid-template-columns:15% auto\"><figure class=\"wp-block-media-text__media\"><a href=\"https:\/\/von-koerber.de\/wp-content\/uploads\/2020\/07\/1928-hochschule-fuer-bildende-kuenste-berlin.webp\" target=\"_blank\" rel=\"noopener noreferrer\"><img loading=\"lazy\" decoding=\"async\" width=\"593\" height=\"761\" src=\"https:\/\/von-koerber.de\/wp-content\/uploads\/2020\/07\/1928-hochschule-fuer-bildende-kuenste-berlin.webp\" alt=\"\" class=\"wp-image-1060 size-full\" srcset=\"https:\/\/von-koerber.de\/wp-content\/uploads\/2020\/07\/1928-hochschule-fuer-bildende-kuenste-berlin.webp 593w, https:\/\/von-koerber.de\/wp-content\/uploads\/2020\/07\/1928-hochschule-fuer-bildende-kuenste-berlin-234x300.webp 234w, https:\/\/von-koerber.de\/wp-content\/uploads\/2020\/07\/1928-hochschule-fuer-bildende-kuenste-berlin-117x150.webp 117w\" sizes=\"auto, (max-width: 593px) 100vw, 593px\" \/><\/a><\/figure><div class=\"wp-block-media-text__content\">\n<h2 class=\"wp-block-heading\"><strong>1944<\/strong><\/h2>\n\n\n\n<p class=\"has-medium-font-size wp-block-paragraph\">Un bombardement \u00e0 Berlin interrompt ses \u00e9tudes. Elle poursuit ses \u00e9tudes \u00e0 Leipzig, o\u00f9 elle rencontre le fils de Lenka von Koerber, Heribert von Koerber, son futur \u00e9poux. Par l\u2019interm\u00e9diaire de Lenka von Koerber, amie de K\u00e4the Kollwitz, elle entre en contact avec l\u2019\u0153uvre de l\u2019artiste, qui a \u00e9t\u00e9 ostracis\u00e9e par les nazis. Dans la technique des croquis au fusain, elle trouve un moyen appropri\u00e9 pour faire face aux horreurs de la guerre. Poursuite de ses \u00e9tudes \u00e0 Vienne.<\/p>\n\n\n\n<p class=\"has-medium-font-size wp-block-paragraph\">Suite \u00e0 bombardement \u00e0 Vienne, retour \u00e0 Leipzig. Comme les \u00e9trangers ne sont plus admis \u00e0 l\u2019universit\u00e9, interruption des \u00e9tudes officielles. Akefeh Monchi-Zadeh poursuit sa formation \u00e0 la maison.<\/p>\n<\/div><\/div>\n\n\n\n<div class=\"wp-block-media-text alignwide is-stacked-on-mobile\" style=\"grid-template-columns:15% auto\"><figure class=\"wp-block-media-text__media\"><a href=\"https:\/\/von-koerber.de\/wp-content\/uploads\/2020\/07\/1948-heribert-von-koerber.webp\" target=\"_blank\" rel=\"noopener noreferrer\"><img loading=\"lazy\" decoding=\"async\" width=\"613\" height=\"908\" src=\"https:\/\/von-koerber.de\/wp-content\/uploads\/2020\/07\/1948-heribert-von-koerber.webp\" alt=\"\" class=\"wp-image-1067 size-full\" srcset=\"https:\/\/von-koerber.de\/wp-content\/uploads\/2020\/07\/1948-heribert-von-koerber.webp 613w, https:\/\/von-koerber.de\/wp-content\/uploads\/2020\/07\/1948-heribert-von-koerber-203x300.webp 203w, https:\/\/von-koerber.de\/wp-content\/uploads\/2020\/07\/1948-heribert-von-koerber-101x150.webp 101w\" sizes=\"auto, (max-width: 613px) 100vw, 613px\" \/><\/a><\/figure><div class=\"wp-block-media-text__content\">\n<h2 class=\"wp-block-heading\"><strong>1945<\/strong><\/h2>\n\n\n\n<p class=\"has-medium-font-size wp-block-paragraph\">Mariage avec Heribert von Koerber, journaliste.<br>Dans son travail, c\u2019est de mani\u00e8re intensive qu\u2019elle traite les horreurs de la guerre, en l\u2019attente d\u2019un renouveau de la soci\u00e9t\u00e9.<\/p>\n<\/div><\/div>\n\n\n\n<div class=\"wp-block-media-text alignwide is-stacked-on-mobile\" style=\"grid-template-columns:15% auto\"><figure class=\"wp-block-media-text__media\"><a href=\"https:\/\/von-koerber.de\/wp-content\/uploads\/2020\/07\/1947-schirin-von-koerber.webp\" target=\"_blank\" rel=\"noopener noreferrer\"><img loading=\"lazy\" decoding=\"async\" width=\"670\" height=\"1013\" src=\"https:\/\/von-koerber.de\/wp-content\/uploads\/2020\/07\/1947-schirin-von-koerber.webp\" alt=\"Photo: Heribert von Koerber Schirin von Koerber 1947 en Leipzig\" class=\"wp-image-1071 size-full\" srcset=\"https:\/\/von-koerber.de\/wp-content\/uploads\/2020\/07\/1947-schirin-von-koerber.webp 670w, https:\/\/von-koerber.de\/wp-content\/uploads\/2020\/07\/1947-schirin-von-koerber-198x300.webp 198w, https:\/\/von-koerber.de\/wp-content\/uploads\/2020\/07\/1947-schirin-von-koerber-99x150.webp 99w\" sizes=\"auto, (max-width: 670px) 100vw, 670px\" \/><\/a><\/figure><div class=\"wp-block-media-text__content\">\n<h2 class=\"wp-block-heading\"><strong>1946<\/strong><\/h2>\n\n\n\n<p class=\"has-medium-font-size wp-block-paragraph\">Naissance de la fille Schirin.<br>Travail simultan\u00e9 sur des miniatures et des dessins au fusain de diff\u00e9rents formats, m\u00eame tr\u00e8s grands, sur papier d\u2019emballage. Dans son travail, elle traite de mani\u00e8re intensive des horreurs de la guerre et d\u2019un nouveau d\u00e9part esp\u00e9r\u00e9 dans la soci\u00e9t\u00e9.<br>Offre d\u2019un poste de professeur aux Beaux Arts de Leipzig.<br>Son mari, devant quitter la zone d\u2019occupation sovi\u00e9tique le couple s\u2019installe \u00e0 Heidelberg en zone d\u2019occupation am\u00e9ricaine. La substance de la famille se trouve assur\u00e9e par la vente de miniatures aux soldats am\u00e9ricains.<\/p>\n<\/div><\/div>\n\n\n\n<div class=\"wp-block-media-text alignwide is-stacked-on-mobile\" style=\"grid-template-columns:15% auto\"><figure class=\"wp-block-media-text__media\"><a href=\"https:\/\/von-koerber.de\/wp-content\/uploads\/2020\/07\/1947-akefeh-von-koerber-ausstellung-in-schwetzingen.webp\" target=\"_blank\" rel=\"noopener noreferrer\"><img loading=\"lazy\" decoding=\"async\" width=\"128\" height=\"150\" src=\"https:\/\/von-koerber.de\/wp-content\/uploads\/2020\/07\/1947-akefeh-von-koerber-ausstellung-in-schwetzingen-128x150.webp\" alt=\"\" class=\"wp-image-478 size-full\" srcset=\"https:\/\/von-koerber.de\/wp-content\/uploads\/2020\/07\/1947-akefeh-von-koerber-ausstellung-in-schwetzingen-128x150.webp 128w, https:\/\/von-koerber.de\/wp-content\/uploads\/2020\/07\/1947-akefeh-von-koerber-ausstellung-in-schwetzingen-256x300.webp 256w, https:\/\/von-koerber.de\/wp-content\/uploads\/2020\/07\/1947-akefeh-von-koerber-ausstellung-in-schwetzingen.webp 674w\" sizes=\"auto, (max-width: 128px) 100vw, 128px\" \/><\/a><\/figure><div class=\"wp-block-media-text__content\">\n<h2 class=\"wp-block-heading\"><strong>1947<\/strong><\/h2>\n\n\n\n<p class=\"has-medium-font-size wp-block-paragraph\">1\u00e8re exposition au ch\u00e2teau de Schwetzingen.<\/p>\n\n\n\n<h2 class=\"wp-block-heading\"><strong>1950<\/strong><\/h2>\n\n\n\n<p class=\"has-medium-font-size wp-block-paragraph\">Installation \u00e0 Hambourg. Membre du GEDOK. <br>Autres expositions de ses \u0153uvres.<\/p>\n\n\n\n<h2 class=\"wp-block-heading\"><strong>1951<\/strong><\/h2>\n\n\n\n<p class=\"has-medium-font-size wp-block-paragraph\">Plusieurs mois de voyage en Iran. Naissance du fils Giv.<\/p>\n<\/div><\/div>\n\n\n\n<div class=\"wp-block-media-text alignwide is-stacked-on-mobile\" style=\"grid-template-columns:15% auto\"><figure class=\"wp-block-media-text__media\"><a href=\"https:\/\/von-koerber.de\/wp-content\/uploads\/2018\/11\/1952-akefeh-von-koerber-hamburg.webp\" target=\"_blank\" rel=\"noopener noreferrer\"><img loading=\"lazy\" decoding=\"async\" width=\"600\" height=\"910\" src=\"https:\/\/von-koerber.de\/wp-content\/uploads\/2018\/11\/1952-akefeh-von-koerber-hamburg.webp\" alt=\"\" class=\"wp-image-287 size-full\" srcset=\"https:\/\/von-koerber.de\/wp-content\/uploads\/2018\/11\/1952-akefeh-von-koerber-hamburg.webp 600w, https:\/\/von-koerber.de\/wp-content\/uploads\/2018\/11\/1952-akefeh-von-koerber-hamburg-198x300.webp 198w, https:\/\/von-koerber.de\/wp-content\/uploads\/2018\/11\/1952-akefeh-von-koerber-hamburg-99x150.webp 99w\" sizes=\"auto, (max-width: 600px) 100vw, 600px\" \/><\/a><\/figure><div class=\"wp-block-media-text__content\">\n<h2 class=\"wp-block-heading\"><strong>1953<\/strong><\/h2>\n\n\n\n<p class=\"has-medium-font-size wp-block-paragraph\">Divorce. L\u2019artiste \u00e9l\u00e8ve seule ses enfants. Les revenus irr\u00e9guliers provenant de la vente de tableaux ou de commandes de peinture l\u2019obligent \u00e0 chercher un emploi permanent.<\/p>\n\n\n\n<h2 class=\"wp-block-heading\"><strong>1960<\/strong><\/h2>\n\n\n\n<p class=\"has-medium-font-size wp-block-paragraph\">Acceptation d\u2019un emploi \u00e0 Cologne pour assurer un revenu r\u00e9gulier \u00e0 la famille de trois personnes.<\/p>\n\n\n\n<h2 class=\"wp-block-heading\"><strong>1976<\/strong><\/h2>\n\n\n\n<p class=\"has-medium-font-size wp-block-paragraph\">Nouvelle admission aux \u00e9tudes \u00e0 l\u2019Acad\u00e9mie des Beaux-Arts de D\u00fcsseldorf.<\/p>\n\n\n\n<h2 class=\"wp-block-heading\"><strong>1977<\/strong><\/h2>\n\n\n\n<p class=\"has-medium-font-size wp-block-paragraph\">Poursuite et fin de formation \u00e0 l\u2019Acad\u00e9mie des Beaux Arts de D\u00fcsseldorf. Ensuite, poste de charg\u00e9e de cours aux Beaux Arts de D\u00fcsseldorf en Techniques Icones et Miniatures.<\/p>\n<\/div><\/div>\n\n\n\n<div class=\"wp-block-media-text alignwide is-stacked-on-mobile\" style=\"grid-template-columns:15% auto\"><figure class=\"wp-block-media-text__media\"><a href=\"https:\/\/von-koerber.de\/wp-content\/uploads\/2020\/07\/1981-akefeh-von-koerber-persische-kuenstlerin-stellt-iranische-maerchenwelt-vor.webp\" target=\"_blank\" rel=\"noopener noreferrer\"><img loading=\"lazy\" decoding=\"async\" width=\"121\" height=\"150\" src=\"https:\/\/von-koerber.de\/wp-content\/uploads\/2020\/07\/1981-akefeh-von-koerber-persische-kuenstlerin-stellt-iranische-maerchenwelt-vor-121x150.webp\" alt=\"\" class=\"wp-image-481 size-full\" srcset=\"https:\/\/von-koerber.de\/wp-content\/uploads\/2020\/07\/1981-akefeh-von-koerber-persische-kuenstlerin-stellt-iranische-maerchenwelt-vor-121x150.webp 121w, https:\/\/von-koerber.de\/wp-content\/uploads\/2020\/07\/1981-akefeh-von-koerber-persische-kuenstlerin-stellt-iranische-maerchenwelt-vor-242x300.webp 242w, https:\/\/von-koerber.de\/wp-content\/uploads\/2020\/07\/1981-akefeh-von-koerber-persische-kuenstlerin-stellt-iranische-maerchenwelt-vor.webp 720w\" sizes=\"auto, (max-width: 121px) 100vw, 121px\" \/><\/a><\/figure><div class=\"wp-block-media-text__content\">\n<h2 class=\"wp-block-heading\"><strong>1982<\/strong><\/h2>\n\n\n\n<p class=\"has-medium-font-size wp-block-paragraph\">Exposition des miniatures \u00e0 la City-Treff, Cologne.<\/p>\n<\/div><\/div>\n\n\n\n<div class=\"wp-block-media-text alignwide is-stacked-on-mobile\" style=\"grid-template-columns:15% auto\"><figure class=\"wp-block-media-text__media\"><a href=\"https:\/\/von-koerber.de\/wp-content\/uploads\/2020\/07\/1985-akefeh-von-koerber-monchi-zadeh-iran.webp\" target=\"_blank\" rel=\"noopener noreferrer\"><img loading=\"lazy\" decoding=\"async\" width=\"720\" height=\"882\" src=\"https:\/\/von-koerber.de\/wp-content\/uploads\/2020\/07\/1985-akefeh-von-koerber-monchi-zadeh-iran.webp\" alt=\"\" class=\"wp-image-852 size-full\" srcset=\"https:\/\/von-koerber.de\/wp-content\/uploads\/2020\/07\/1985-akefeh-von-koerber-monchi-zadeh-iran.webp 720w, https:\/\/von-koerber.de\/wp-content\/uploads\/2020\/07\/1985-akefeh-von-koerber-monchi-zadeh-iran-245x300.webp 245w, https:\/\/von-koerber.de\/wp-content\/uploads\/2020\/07\/1985-akefeh-von-koerber-monchi-zadeh-iran-122x150.webp 122w\" sizes=\"auto, (max-width: 720px) 100vw, 720px\" \/><\/a><\/figure><div class=\"wp-block-media-text__content\">\n<h2 class=\"wp-block-heading\"><strong>1984<\/strong><\/h2>\n\n\n\n<p class=\"has-medium-font-size wp-block-paragraph\">Voyage en Iran. Deux ans de r\u00e9sidence forc\u00e9e parce que son passeport iranien lui a \u00e9t\u00e9 retir\u00e9 pour des raisons jamais expliqu\u00e9es. Fuite aventureuse via le Pakistan vers l\u2019Allemagne.<\/p>\n<\/div><\/div>\n\n\n\n<div class=\"wp-block-media-text alignwide is-stacked-on-mobile\" style=\"grid-template-columns:15% auto\"><figure class=\"wp-block-media-text__media\"><a href=\"https:\/\/von-koerber.de\/wp-content\/uploads\/2020\/07\/1990-akefeh-von-koerber-monchi-zadeh-in-havanna.webp\" target=\"_blank\" rel=\"noopener noreferrer\"><img loading=\"lazy\" decoding=\"async\" width=\"684\" height=\"1024\" src=\"https:\/\/von-koerber.de\/wp-content\/uploads\/2020\/07\/1990-akefeh-von-koerber-monchi-zadeh-in-havanna-684x1024.webp\" alt=\"\" class=\"wp-image-854 size-full\" srcset=\"https:\/\/von-koerber.de\/wp-content\/uploads\/2020\/07\/1990-akefeh-von-koerber-monchi-zadeh-in-havanna-684x1024.webp 684w, https:\/\/von-koerber.de\/wp-content\/uploads\/2020\/07\/1990-akefeh-von-koerber-monchi-zadeh-in-havanna-200x300.webp 200w, https:\/\/von-koerber.de\/wp-content\/uploads\/2020\/07\/1990-akefeh-von-koerber-monchi-zadeh-in-havanna-100x150.webp 100w, https:\/\/von-koerber.de\/wp-content\/uploads\/2020\/07\/1990-akefeh-von-koerber-monchi-zadeh-in-havanna.webp 720w\" sizes=\"auto, (max-width: 684px) 100vw, 684px\" \/><\/a><\/figure><div class=\"wp-block-media-text__content\">\n<h2 class=\"wp-block-heading\"><strong>1990<\/strong><\/h2>\n\n\n\n<p class=\"has-medium-font-size wp-block-paragraph\">Exposition au Palacio del Segundo Cabo \u00e0 La Havane \/ Cuba. Professeure invit\u00e9e \u00e0 l\u2019Ecole des Beaux-Arts de San Alejandro.<\/p>\n<\/div><\/div>\n\n\n\n<h2 class=\"has-text-align-center wp-block-heading\"><strong>7. 3. 2003<\/strong><\/h2>\n\n\n\n<p class=\"has-text-align-center has-medium-font-size wp-block-paragraph\">D\u00e9c\u00e8s \u00e0 Cologne, Allemagne<\/p>\n","protected":false},"excerpt":{"rendered":"<p>1915 Akefeh von Koerber est n\u00e9e en Iran sous le nom de Akefeh Monchi-Zadeh. En tant qu\u2019artiste, elle utilise aussi plus tard son nom de naissance.Son p\u00e8re, Mirsa Ebrahim Khan Monchi-Zadeh, \u00e9tait un officier de haut rang et parfois chef <span class=\"excerpt-dots\">&hellip;<\/span> <a class=\"more-link\" href=\"https:\/\/von-koerber.de\/fr\/biographie\/\"><span class=\"more-msg\">Lire la suite &rarr;<\/span><\/a><\/p>\n","protected":false},"author":1,"featured_media":0,"parent":0,"menu_order":5,"comment_status":"closed","ping_status":"closed","template":"","meta":{"_crdt_document":"","footnotes":""},"folder":[],"class_list":["post-355","page","type-page","status-publish","hentry"],"translation":{"provider":"WPGlobus","version":"3.0.2","language":"fr","enabled_languages":["de","es","en","fr"],"languages":{"de":{"title":true,"content":true,"excerpt":false},"es":{"title":true,"content":true,"excerpt":false},"en":{"title":true,"content":true,"excerpt":false},"fr":{"title":true,"content":true,"excerpt":false}}},"_links":{"self":[{"href":"https:\/\/von-koerber.de\/fr\/wp-json\/wp\/v2\/pages\/355","targetHints":{"allow":["GET"]}}],"collection":[{"href":"https:\/\/von-koerber.de\/fr\/wp-json\/wp\/v2\/pages"}],"about":[{"href":"https:\/\/von-koerber.de\/fr\/wp-json\/wp\/v2\/types\/page"}],"author":[{"embeddable":true,"href":"https:\/\/von-koerber.de\/fr\/wp-json\/wp\/v2\/users\/1"}],"replies":[{"embeddable":true,"href":"https:\/\/von-koerber.de\/fr\/wp-json\/wp\/v2\/comments?post=355"}],"version-history":[{"count":0,"href":"https:\/\/von-koerber.de\/fr\/wp-json\/wp\/v2\/pages\/355\/revisions"}],"wp:attachment":[{"href":"https:\/\/von-koerber.de\/fr\/wp-json\/wp\/v2\/media?parent=355"}],"wp:term":[{"taxonomy":"folder","embeddable":true,"href":"https:\/\/von-koerber.de\/fr\/wp-json\/wp\/v2\/folder?post=355"}],"curies":[{"name":"wp","href":"https:\/\/api.w.org\/{rel}","templated":true}]}}