{"id":356,"date":"2012-07-14T12:50:51","date_gmt":"2012-07-14T10:50:51","guid":{"rendered":"http:\/\/273013.webhosting78.1blu.de\/akefeh\/?page_id=36"},"modified":"2021-07-17T20:38:10","modified_gmt":"2021-07-17T18:38:10","slug":"impressum","status":"publish","type":"page","link":"https:\/\/von-koerber.de\/fr\/impressum\/","title":{"rendered":"Informations l\u00e9gales"},"content":{"rendered":"\n<h2 class=\"has-text-align-center wp-block-heading\">Aucune des illustrations ou des textes de ce site web ne peut \u00eatre reproduite, imprim\u00e9e ou stock\u00e9e sur des supports de donn\u00e9es sans autorisation expresse.<\/h2>\n\n\n\n<p class=\"has-text-align-center wp-block-paragraph\"><strong>Le copyright de toutes les illustrations et de tous les textes est joint :<\/strong><br>\u00a9 Schirin et Giv von Koerber<br>Informations compl\u00e9mentaires:<br>Giv von Koerber<br>Tel.: +49-221-3563037<br>info(at)monchi-zadeh.de<\/p>\n\n\n\n<h5 class=\"wp-block-heading\">Informations conform\u00e9ment \u00e0 l&#8217;article 5 TMG<\/h5>\n\n\n\n<p class=\"wp-block-paragraph\">Giv von Koerber<br>Cologne \/ Allemagne<br>Contacto: info (at) monchi-zadeh.de<\/p>\n\n\n\n<h5 class=\"wp-block-heading\">Clause de non-responsabilit\u00e9<\/h5>\n\n\n\n<h5 class=\"wp-block-heading\"><strong>Responsabilit\u00e9 des liens:<\/strong><\/h5>\n\n\n\n<p class=\"wp-block-paragraph\">Notre offre contient des liens vers des sites web externes de tiers, sur le contenu desquels nous n&#8217;avons aucune influence. C&#8217;est pourquoi nous ne pouvons assumer aucune responsabilit\u00e9 pour ces contenus externes. Le fournisseur ou l&#8217;exploitant de ces sites est toujours responsable du contenu des sites li\u00e9s. Les pages li\u00e9es ont \u00e9t\u00e9 v\u00e9rifi\u00e9es au moment de la mise en place du lien afin de d\u00e9tecter d&#8217;\u00e9ventuelles violations de la loi. Les contenus ill\u00e9gaux n&#8217;ont pas \u00e9t\u00e9 identifi\u00e9s au moment de la cr\u00e9ation du lien. Toutefois, un contr\u00f4le permanent du contenu des pages li\u00e9es n&#8217;est pas raisonnable sans preuve concr\u00e8te d&#8217;une violation de la loi. Si nous avons connaissance d&#8217;infractions, nous supprimerons imm\u00e9diatement ces liens.<\/p>\n\n\n\n<h5 class=\"wp-block-heading\">Responsable du contenu :<\/h5>\n\n\n\n<p class=\"wp-block-paragraph\">Le contenu de nos pages a \u00e9t\u00e9 cr\u00e9\u00e9 avec le plus grand soin. Toutefois, nous ne pouvons pas garantir que le contenu est correct, complet et \u00e0 jour. En tant que prestataire de services, nous sommes responsables de nos propres contenus sur ces pages conform\u00e9ment \u00e0 l&#8217;article 7, paragraphe 1 de la loi allemande sur les t\u00e9l\u00e9m\u00e9dias (TMG) et aux lois g\u00e9n\u00e9rales. Conform\u00e9ment aux articles 8 \u00e0 10 de la TMG, nous ne sommes pas tenus de surveiller les informations transmises ou stock\u00e9es par des tiers ni d&#8217;enqu\u00eater sur les circonstances qui indiquent une activit\u00e9 ill\u00e9gale. Les obligations de supprimer ou de bloquer l&#8217;utilisation des informations conform\u00e9ment aux lois g\u00e9n\u00e9rales ne sont pas affect\u00e9es par cette disposition. Toutefois, la responsabilit\u00e9 \u00e0 cet \u00e9gard n&#8217;est possible qu&#8217;\u00e0 partir du moment o\u00f9 l&#8217;on a connaissance d&#8217;une infraction concr\u00e8te. Si nous avons connaissance de telles infractions, nous retirerons imm\u00e9diatement le contenu en question.<\/p>\n\n\n\n<h5 class=\"wp-block-heading\">Copyright<\/h5>\n\n\n\n<p class=\"wp-block-paragraph\">Les contenus et les \u0153uvres de ces pages cr\u00e9\u00e9s par les op\u00e9rateurs du site sont soumis \u00e0 la loi allemande sur le droit d&#8217;auteur. La reproduction, l&#8217;\u00e9dition, la distribution et tout type d&#8217;utilisation en dehors des limites du droit d&#8217;auteur n\u00e9cessitent le consentement \u00e9crit de l&#8217;auteur ou du cr\u00e9ateur respectif. Les t\u00e9l\u00e9chargements et les copies de ces pages ne sont autoris\u00e9s que pour un usage priv\u00e9 et non commercial. Dans la mesure o\u00f9 le contenu de ce site n&#8217;a pas \u00e9t\u00e9 cr\u00e9\u00e9 par l&#8217;op\u00e9rateur, les droits d&#8217;auteur de tiers sont respect\u00e9s. En particulier, les contenus de tiers sont identifi\u00e9s comme tels. Si vous avez n\u00e9anmoins connaissance d&#8217;une violation du droit d&#8217;auteur, veuillez nous en informer. Si nous avons connaissance d&#8217;une infraction, nous retirerons imm\u00e9diatement ces contenus.<\/p>\n","protected":false},"excerpt":{"rendered":"<p>Aucune des illustrations ou des textes de ce site web ne peut \u00eatre reproduite, imprim\u00e9e ou stock\u00e9e sur des supports de donn\u00e9es sans autorisation expresse. Le copyright de toutes les illustrations et de tous les textes est joint :\u00a9 Schirin <span class=\"excerpt-dots\">&hellip;<\/span> <a class=\"more-link\" href=\"https:\/\/von-koerber.de\/fr\/impressum\/\"><span class=\"more-msg\">Lire la suite &rarr;<\/span><\/a><\/p>\n","protected":false},"author":1,"featured_media":0,"parent":0,"menu_order":6,"comment_status":"open","ping_status":"open","template":"","meta":{"_crdt_document":"","footnotes":""},"folder":[],"class_list":["post-356","page","type-page","status-publish","hentry"],"translation":{"provider":"WPGlobus","version":"3.0.2","language":"fr","enabled_languages":["de","es","en","fr"],"languages":{"de":{"title":true,"content":true,"excerpt":false},"es":{"title":true,"content":true,"excerpt":false},"en":{"title":true,"content":true,"excerpt":false},"fr":{"title":true,"content":true,"excerpt":false}}},"_links":{"self":[{"href":"https:\/\/von-koerber.de\/fr\/wp-json\/wp\/v2\/pages\/356","targetHints":{"allow":["GET"]}}],"collection":[{"href":"https:\/\/von-koerber.de\/fr\/wp-json\/wp\/v2\/pages"}],"about":[{"href":"https:\/\/von-koerber.de\/fr\/wp-json\/wp\/v2\/types\/page"}],"author":[{"embeddable":true,"href":"https:\/\/von-koerber.de\/fr\/wp-json\/wp\/v2\/users\/1"}],"replies":[{"embeddable":true,"href":"https:\/\/von-koerber.de\/fr\/wp-json\/wp\/v2\/comments?post=356"}],"version-history":[{"count":0,"href":"https:\/\/von-koerber.de\/fr\/wp-json\/wp\/v2\/pages\/356\/revisions"}],"wp:attachment":[{"href":"https:\/\/von-koerber.de\/fr\/wp-json\/wp\/v2\/media?parent=356"}],"wp:term":[{"taxonomy":"folder","embeddable":true,"href":"https:\/\/von-koerber.de\/fr\/wp-json\/wp\/v2\/folder?post=356"}],"curies":[{"name":"wp","href":"https:\/\/api.w.org\/{rel}","templated":true}]}}