{"id":357,"date":"2012-07-14T12:52:16","date_gmt":"2012-07-14T10:52:16","guid":{"rendered":"http:\/\/273013.webhosting78.1blu.de\/akefeh\/?page_id=38"},"modified":"2022-10-14T05:51:40","modified_gmt":"2022-10-14T03:51:40","slug":"persische-maerchen","status":"publish","type":"page","link":"https:\/\/von-koerber.de\/fr\/contes-de-fees-persans\/","title":{"rendered":"Contes de f\u00e9es persans"},"content":{"rendered":"\n<p class=\"has-medium-font-size wp-block-paragraph\">Akefeh Monchi-Zadeh (Akefeh de Koerber) n&#8217;a pas seulement apport\u00e9 une contribution exceptionnelle au renouvellement de la peinture miniature persane. Les histoires qu&#8217;elle a cr\u00e9\u00e9es et illustr\u00e9es contiennent \u00e9galement des id\u00e9es \u00e9clair\u00e9es.<\/p>\n\n\n\n<div class=\"wp-block-media-text alignwide is-stacked-on-mobile\" style=\"grid-template-columns:15% auto\"><figure class=\"wp-block-media-text__media\"><a href=\"https:\/\/von-koerber.de\/persische-marchen\/die-versuchung-des-ali\/\"><img loading=\"lazy\" decoding=\"async\" width=\"713\" height=\"1024\" src=\"https:\/\/von-koerber.de\/wp-content\/uploads\/2020\/07\/m011-miniatur-badende-frauen-713x1024.webp\" alt=\"Miniature persane: Femmes qui se baignent\" class=\"wp-image-568 size-full\" srcset=\"https:\/\/von-koerber.de\/wp-content\/uploads\/2020\/07\/m011-miniatur-badende-frauen-713x1024.webp 713w, https:\/\/von-koerber.de\/wp-content\/uploads\/2020\/07\/m011-miniatur-badende-frauen-209x300.webp 209w, https:\/\/von-koerber.de\/wp-content\/uploads\/2020\/07\/m011-miniatur-badende-frauen-768x1103.webp 768w, https:\/\/von-koerber.de\/wp-content\/uploads\/2020\/07\/m011-miniatur-badende-frauen.webp 1029w\" sizes=\"auto, (max-width: 713px) 100vw, 713px\" \/><\/a><\/figure><div class=\"wp-block-media-text__content\">\n<h2 class=\"wp-block-heading\"><a href=\"https:\/\/von-koerber.de\/fr\/contes-de-fees-persans\/la-tentacion-de-ali\/\">La tentation d\u2019Ali<\/a><\/h2>\n\n\n\n<p class=\"has-medium-font-size wp-block-paragraph\">L&#8217;histoire d&#8217;Ali, que la vie lib\u00e8re de sa vision dogmatique du monde.<\/p>\n<\/div><\/div>\n\n\n\n<div class=\"wp-block-media-text alignwide is-stacked-on-mobile\" style=\"grid-template-columns:15% auto\"><figure class=\"wp-block-media-text__media\"><a href=\"https:\/\/von-koerber.de\/persische-marchen\/siawosch-und-homa\/\"><img loading=\"lazy\" decoding=\"async\" width=\"709\" height=\"1024\" src=\"https:\/\/von-koerber.de\/wp-content\/uploads\/2020\/07\/m004-persische-miniatur-polospieler-i.webp\" alt=\"Polo player I\" class=\"wp-image-596 size-full\" srcset=\"https:\/\/von-koerber.de\/wp-content\/uploads\/2020\/07\/m004-persische-miniatur-polospieler-i.webp 709w, https:\/\/von-koerber.de\/wp-content\/uploads\/2020\/07\/m004-persische-miniatur-polospieler-i-208x300.webp 208w, https:\/\/von-koerber.de\/wp-content\/uploads\/2020\/07\/m004-persische-miniatur-polospieler-i-104x150.webp 104w\" sizes=\"auto, (max-width: 709px) 100vw, 709px\" \/><\/a><\/figure><div class=\"wp-block-media-text__content\">\n<h2 class=\"wp-block-heading\"><a href=\"https:\/\/von-koerber.de\/fr\/contes-de-fees-persans\/siawosch-et-homa\/\">Siawosch et Homa<\/a><\/h2>\n\n\n\n<p class=\"has-medium-font-size wp-block-paragraph\">Il n&#8217;y a que des gagnants dans cette comp\u00e9tition.<\/p>\n<\/div><\/div>\n\n\n\n<div class=\"wp-block-media-text alignwide is-stacked-on-mobile\" style=\"grid-template-columns:15% auto\"><figure class=\"wp-block-media-text__media\"><img loading=\"lazy\" decoding=\"async\" width=\"720\" height=\"940\" src=\"https:\/\/von-koerber.de\/wp-content\/uploads\/2020\/07\/m001-persische-miniatur-schirin-im-zaubergarten-i.webp\" alt=\"Schirin in the magic garden I\" class=\"wp-image-575 size-full\" srcset=\"https:\/\/von-koerber.de\/wp-content\/uploads\/2020\/07\/m001-persische-miniatur-schirin-im-zaubergarten-i.webp 720w, https:\/\/von-koerber.de\/wp-content\/uploads\/2020\/07\/m001-persische-miniatur-schirin-im-zaubergarten-i-230x300.webp 230w, https:\/\/von-koerber.de\/wp-content\/uploads\/2020\/07\/m001-persische-miniatur-schirin-im-zaubergarten-i-115x150.webp 115w\" sizes=\"auto, (max-width: 720px) 100vw, 720px\" \/><\/figure><div class=\"wp-block-media-text__content\">\n<h2 class=\"wp-block-heading\"><a href=\"https:\/\/von-koerber.de\/fr\/contes-de-fees-persans\/schirin-dans-le-jardin-magique\/\">Schirin dans le jardin magique<\/a><\/h2>\n\n\n\n<p class=\"has-medium-font-size wp-block-paragraph\">Parfois, dans la vie, il y a une seconde chance.<\/p>\n<\/div><\/div>\n","protected":false},"excerpt":{"rendered":"<p>Akefeh Monchi-Zadeh (Akefeh de Koerber) n&#8217;a pas seulement apport\u00e9 une contribution exceptionnelle au renouvellement de la peinture miniature persane. Les histoires qu&#8217;elle a cr\u00e9\u00e9es et illustr\u00e9es contiennent \u00e9galement des id\u00e9es \u00e9clair\u00e9es. La tentation d\u2019Ali L&#8217;histoire d&#8217;Ali, que la vie lib\u00e8re <span class=\"excerpt-dots\">&hellip;<\/span> <a class=\"more-link\" href=\"https:\/\/von-koerber.de\/fr\/contes-de-fees-persans\/\"><span class=\"more-msg\">Lire la suite &rarr;<\/span><\/a><\/p>\n","protected":false},"author":1,"featured_media":581,"parent":0,"menu_order":1,"comment_status":"closed","ping_status":"closed","template":"","meta":{"_crdt_document":"","footnotes":""},"folder":[],"class_list":["post-357","page","type-page","status-publish","has-post-thumbnail","hentry"],"translation":{"provider":"WPGlobus","version":"3.0.2","language":"fr","enabled_languages":["de","es","en","fr"],"languages":{"de":{"title":true,"content":true,"excerpt":false},"es":{"title":true,"content":true,"excerpt":false},"en":{"title":true,"content":true,"excerpt":false},"fr":{"title":true,"content":true,"excerpt":false}}},"_links":{"self":[{"href":"https:\/\/von-koerber.de\/fr\/wp-json\/wp\/v2\/pages\/357","targetHints":{"allow":["GET"]}}],"collection":[{"href":"https:\/\/von-koerber.de\/fr\/wp-json\/wp\/v2\/pages"}],"about":[{"href":"https:\/\/von-koerber.de\/fr\/wp-json\/wp\/v2\/types\/page"}],"author":[{"embeddable":true,"href":"https:\/\/von-koerber.de\/fr\/wp-json\/wp\/v2\/users\/1"}],"replies":[{"embeddable":true,"href":"https:\/\/von-koerber.de\/fr\/wp-json\/wp\/v2\/comments?post=357"}],"version-history":[{"count":0,"href":"https:\/\/von-koerber.de\/fr\/wp-json\/wp\/v2\/pages\/357\/revisions"}],"wp:featuredmedia":[{"embeddable":true,"href":"https:\/\/von-koerber.de\/fr\/wp-json\/wp\/v2\/media\/581"}],"wp:attachment":[{"href":"https:\/\/von-koerber.de\/fr\/wp-json\/wp\/v2\/media?parent=357"}],"wp:term":[{"taxonomy":"folder","embeddable":true,"href":"https:\/\/von-koerber.de\/fr\/wp-json\/wp\/v2\/folder?post=357"}],"curies":[{"name":"wp","href":"https:\/\/api.w.org\/{rel}","templated":true}]}}