{"id":360,"date":"2012-07-14T16:38:47","date_gmt":"2012-07-14T14:38:47","guid":{"rendered":"http:\/\/273013.webhosting78.1blu.de\/akefeh\/?page_id=78"},"modified":"2022-10-14T05:48:01","modified_gmt":"2022-10-14T03:48:01","slug":"die-versuchung-des-ali","status":"publish","type":"page","link":"https:\/\/von-koerber.de\/fr\/contes-de-fees-persans\/la-tentacion-de-ali\/","title":{"rendered":"La tentation d&#8217;Ali"},"content":{"rendered":"\n<div class=\"wp-block-media-text alignwide is-stacked-on-mobile\" style=\"grid-template-columns:16% auto\"><figure class=\"wp-block-media-text__media\"><img loading=\"lazy\" decoding=\"async\" width=\"231\" height=\"376\" src=\"https:\/\/von-koerber.de\/wp-content\/uploads\/2012\/07\/ali.webp\" alt=\"\" class=\"wp-image-87 size-full\" srcset=\"https:\/\/von-koerber.de\/wp-content\/uploads\/2012\/07\/ali.webp 231w, https:\/\/von-koerber.de\/wp-content\/uploads\/2012\/07\/ali-184x300.webp 184w, https:\/\/von-koerber.de\/wp-content\/uploads\/2012\/07\/ali-92x150.webp 92w\" sizes=\"auto, (max-width: 231px) 100vw, 231px\" \/><\/figure><div class=\"wp-block-media-text__content\">\n<p class=\"has-medium-font-size wp-block-paragraph\"><span class=\"has-inline-color has-black-color\">Ali \u00e9tait fier de sa grande barbe, laquelle lui donnait la digne apparence d&#8217;un musulman rigoureux. On ne le voyait jamais sans un chapelet dont il \u00e9tait \u00e0 faire glisser constamment les perles rondes d&#8217;un c\u00f4t\u00e9 \u00e0 l&#8217;autre entre ses doigts. Pendant le Ramadan, mois de je\u00fbne islamique, jamais il ne manquait d&#8217;observer strictement tous les rites traditionnels. Des femmes et filles il ne connaissait que celles toutes voil\u00e9es comme cela convient pour un musulman croyant.<\/span> Aussi, chaque fois qu&#8217;il rencontrait une de ces cr\u00e9atures d&#8217;Allah au teint de fleurs, il baissait les yeux.<\/p>\n\n\n\n<p class=\"has-medium-font-size wp-block-paragraph\"><span class=\"has-inline-color has-black-color\">Sa s\u0153ur Soghra au teint lunaire \u00e9tait la seule jeune fille qu&#8217;il avait le droit de voir sans voile. Ses cheveux noir-bleu entouraient la silhouette d\u00e9licate, et ses l\u00e8vres naissantes \u00e9taient les plus belles du monde pour Ali.<\/span><\/p>\n\n\n\n<p class=\"has-medium-font-size wp-block-paragraph\"><span class=\"has-inline-color has-black-color\">Sa s\u0153ur qui \u00e9tait belle comme la lune, n&#8217;avait qu&#8217;un seul d\u00e9faut, elle \u00e9tait impie, tout comme le p\u00e9ch\u00e9, \u00e0 en croire son pieux fr\u00e8re Ali. &#8220;Vous je\u00fbnerez et prierez \u00e0 en mourir&#8221;, a-t-elle dit, &#8220;si vous ne mangez pas en secret&#8221;. Mais la foi d&#8217;Ali ne pouvait \u00eatre \u00e9branl\u00e9e par rien. Ni par sa charmante s\u0153ur, qui se moquait de lui<\/span>.<\/p>\n\n\n\n<p class=\"has-medium-font-size wp-block-paragraph\"><span class=\"has-inline-color has-black-color\">A la fin du car\u00eame, la grand-m\u00e8re a r\u00e9compens\u00e9 le pieux Ali d&#8217;avoir toujours pri\u00e9 pour elle, par un s\u00e9jour de vacances au village montagneux de Schemiran. Sa soeur, qui aimait go\u00fbter la vie et ses cousins qui selon Ali auraient m\u00e9rit\u00e9 une punition, furent \u00e9galement autoris\u00e9es \u00e0 se rendre dans les plus beaux endroits du plateau de T\u00e9h\u00e9ran.<\/span><\/p>\n\n\n\n<p class=\"has-medium-font-size wp-block-paragraph\"><span class=\"has-inline-color has-black-color\">Contrairement \u00e0 l&#8217;antique tradition familiale, fr\u00e8re, s\u0153ur et cousines montaient s\u00e9par\u00e9ment sur leur \u00e2ne aux sacoches color\u00e9es dans les montagnes. Le pieux Ali se tenait \u00e0 l&#8217;\u00e9cart des filles qui aimaient bien s&#8217;amuser. Leur compagnie aurait fait l&#8217;envie de tous les jeunes hommes ayant grandi en Perse.<\/span><\/p>\n<\/div><\/div>\n\n\n\n<div class=\"wp-block-media-text alignwide has-media-on-the-right is-stacked-on-mobile is-vertically-aligned-top\"><figure class=\"wp-block-media-text__media\"><a href=\"https:\/\/von-koerber.de\/wp-content\/uploads\/2020\/07\/m011-miniatur-badende-frauen.webp\" target=\"_blank\" rel=\"noopener noreferrer\"><img loading=\"lazy\" decoding=\"async\" width=\"713\" height=\"1024\" src=\"https:\/\/von-koerber.de\/wp-content\/uploads\/2020\/07\/m011-miniatur-badende-frauen-713x1024.webp\" alt=\"Miniature persane: Femmes qui se baignent\" class=\"wp-image-568 size-full\" srcset=\"https:\/\/von-koerber.de\/wp-content\/uploads\/2020\/07\/m011-miniatur-badende-frauen-713x1024.webp 713w, https:\/\/von-koerber.de\/wp-content\/uploads\/2020\/07\/m011-miniatur-badende-frauen-209x300.webp 209w, https:\/\/von-koerber.de\/wp-content\/uploads\/2020\/07\/m011-miniatur-badende-frauen-768x1103.webp 768w, https:\/\/von-koerber.de\/wp-content\/uploads\/2020\/07\/m011-miniatur-badende-frauen.webp 1029w\" sizes=\"auto, (max-width: 713px) 100vw, 713px\" \/><\/a><\/figure><div class=\"wp-block-media-text__content\">\n<p class=\"has-medium-font-size wp-block-paragraph\">Cependant que les filles toutes en joie \u00e0 dos d&#8217;\u00e2ne descendaient \u00e0 la source de la rivi\u00e8re, Ali montait plong\u00e9 dans ses pri\u00e8res jusqu&#8217;au sommet de la montagne pour \u00eatre encore plus pr\u00e8s d&#8217;Allah. En secret, il ne cessait de chasser de son c\u0153ur le d\u00e9sir de voir les filles un peu plus d\u00e9nud\u00e9es. Peut-\u00eatre rien qu&#8217;un bras ou du moins le cou de la cousine Anusha, blanc comme un cygne. Pourquoi n&#8217;\u00e9tait-il pas aussi jeune que son fr\u00e8re Ahmad, \u00e2g\u00e9 de six ans, qui, lui, avait m\u00eame le droit de regarder les filles se baigner nues? Il \u00e9tait autoris\u00e9 \u00e0 leur remettre les fruits et \u00e0 les regarder de pr\u00e8s, bien qu&#8217;il n&#8217;e\u00fbt aucun int\u00e9r\u00eat \u00e0 en profiter.<\/p>\n\n\n\n<p class=\"has-medium-font-size wp-block-paragraph\">Pendant que Ali par ses pri\u00e8res ne cessait de chasser de sa t\u00eate les d\u00e9sirs interdits, les demoiselles pr\u00e9paraient \u00e0 la cascade la c\u00e9r\u00e9monie de la baignade, c\u00e9r\u00e9monie qui depuis des si\u00e8cles est rest\u00e9e semblable jusqu&#8217;\u00e0 aujourd&#8217;hui, m\u00eame si tout est europ\u00e9anis\u00e9.<\/p>\n\n\n\n<p class=\"has-medium-font-size wp-block-paragraph\">Comment se fait-il que le pieux Ali, qui priait avec ferveur, marchant sur le chemin de montagne solitaire, ait soudain vu les filles d\u00e9shabill\u00e9es au-dessus des draps de bain tendus &#8211; cela ne sera probablement jamais enti\u00e8rement expliqu\u00e9. Est-ce le serviteur noir qui a fait se sentir bien \u00e0 Ali et a rapproch\u00e9 les chemins? Ou m\u00eame les dr\u00f4les de filles qui essayaient de rapprocher les plaisirs du monde du pieux et timide Ali?<\/p>\n\n\n\n<p class=\"has-medium-font-size wp-block-paragraph\"><span class=\"has-inline-color has-black-color\">Cependant, afin de ne pas commettre le pire des p\u00e9ch\u00e9s devant Allah, le mensonge, il faut ajouter qu&#8217;\u00e0 partir de ce jour, Ali n&#8217;a plus jamais essay\u00e9 de chasser le diable Cheikh par des pri\u00e8res. Le jour m\u00eame de la rencontre, il choisit la belle cousine Anusha comme \u00e9pouse, et avant que le soleil ne s&#8217;enfonce derri\u00e8re les montagnes, la soeur &#8220;p\u00e9cheresse&#8221; Soghra se rendit \u00e0 T\u00e9h\u00e9ran pour le bien de son fr\u00e8re, afin d&#8217;entamer les pr\u00e9paratifs du mariage le plus rapidement possible. Ses efforts sont tomb\u00e9s sur un terrain \u00e0 ce point fertile qu&#8217;Ali et Anusha sont devenus un couple heureux avant m\u00eame que la lune ne commence \u00e0 changer.<\/span><\/p>\n\n\n\n<p class=\"wp-block-paragraph\">Texte et image : Akefeh Monchi-Zadeh<\/p>\n\n\n\n<p class=\"wp-block-paragraph\">Ce conte de f\u00e9es est paru en 1956 dans le magazine culturel de la RDA &#8220;Das Magazin&#8221;.<\/p>\n<\/div><\/div>\n\n\n\n<figure class=\"wp-block-video\"><video height=\"720\" style=\"aspect-ratio: 1280 \/ 720;\" width=\"1280\" controls src=\"https:\/\/von-koerber.de\/wp-content\/uploads\/2020\/08\/Badende-Frauen-1.webm\"><\/video><figcaption>Details zu dem Bilde &#8220;Badende Frauen&#8221; von Akefeh von Koerber<\/figcaption><\/figure>\n","protected":false},"excerpt":{"rendered":"<p>Ali \u00e9tait fier de sa grande barbe, laquelle lui donnait la digne apparence d&#8217;un musulman rigoureux. On ne le voyait jamais sans un chapelet dont il \u00e9tait \u00e0 faire glisser constamment les perles rondes d&#8217;un c\u00f4t\u00e9 \u00e0 l&#8217;autre entre ses <span class=\"excerpt-dots\">&hellip;<\/span> <a class=\"more-link\" href=\"https:\/\/von-koerber.de\/fr\/contes-de-fees-persans\/la-tentacion-de-ali\/\"><span class=\"more-msg\">Lire la suite &rarr;<\/span><\/a><\/p>\n","protected":false},"author":1,"featured_media":87,"parent":357,"menu_order":0,"comment_status":"closed","ping_status":"open","template":"","meta":{"_crdt_document":"","footnotes":""},"folder":[],"class_list":["post-360","page","type-page","status-publish","has-post-thumbnail","hentry"],"translation":{"provider":"WPGlobus","version":"3.0.2","language":"fr","enabled_languages":["de","es","en","fr"],"languages":{"de":{"title":true,"content":true,"excerpt":false},"es":{"title":true,"content":true,"excerpt":false},"en":{"title":true,"content":true,"excerpt":false},"fr":{"title":true,"content":true,"excerpt":false}}},"_links":{"self":[{"href":"https:\/\/von-koerber.de\/fr\/wp-json\/wp\/v2\/pages\/360","targetHints":{"allow":["GET"]}}],"collection":[{"href":"https:\/\/von-koerber.de\/fr\/wp-json\/wp\/v2\/pages"}],"about":[{"href":"https:\/\/von-koerber.de\/fr\/wp-json\/wp\/v2\/types\/page"}],"author":[{"embeddable":true,"href":"https:\/\/von-koerber.de\/fr\/wp-json\/wp\/v2\/users\/1"}],"replies":[{"embeddable":true,"href":"https:\/\/von-koerber.de\/fr\/wp-json\/wp\/v2\/comments?post=360"}],"version-history":[{"count":0,"href":"https:\/\/von-koerber.de\/fr\/wp-json\/wp\/v2\/pages\/360\/revisions"}],"up":[{"embeddable":true,"href":"https:\/\/von-koerber.de\/fr\/wp-json\/wp\/v2\/pages\/357"}],"wp:featuredmedia":[{"embeddable":true,"href":"https:\/\/von-koerber.de\/fr\/wp-json\/wp\/v2\/media\/87"}],"wp:attachment":[{"href":"https:\/\/von-koerber.de\/fr\/wp-json\/wp\/v2\/media?parent=360"}],"wp:term":[{"taxonomy":"folder","embeddable":true,"href":"https:\/\/von-koerber.de\/fr\/wp-json\/wp\/v2\/folder?post=360"}],"curies":[{"name":"wp","href":"https:\/\/api.w.org\/{rel}","templated":true}]}}