{"id":485,"date":"2020-07-16T11:26:59","date_gmt":"2020-07-16T11:26:59","guid":{"rendered":"https:\/\/von-koerber.de\/?page_id=485"},"modified":"2021-08-10T14:48:53","modified_gmt":"2021-08-10T12:48:53","slug":"presse-und-dokumentation","status":"publish","type":"page","link":"https:\/\/von-koerber.de\/fr\/documentacion\/","title":{"rendered":"Documentacion"},"content":{"rendered":"\n<div class=\"wp-block-columns is-layout-flex wp-container-core-columns-is-layout-8f761849 wp-block-columns-is-layout-flex\">\n<div class=\"wp-block-column is-layout-flow wp-block-column-is-layout-flow\" style=\"flex-basis:100%\">\n<div class=\"wp-block-media-text alignwide is-stacked-on-mobile\" style=\"grid-template-columns:15% auto\"><figure class=\"wp-block-media-text__media\"><a href=\"https:\/\/von-koerber.de\/wp-content\/uploads\/2020\/07\/1947-akefeh-von-koerber-ausstellung-in-schwetzingen.webp\" target=\"_blank\" rel=\"noopener noreferrer\"><img loading=\"lazy\" decoding=\"async\" width=\"128\" height=\"150\" src=\"https:\/\/von-koerber.de\/wp-content\/uploads\/2020\/07\/1947-akefeh-von-koerber-ausstellung-in-schwetzingen-128x150.webp\" alt=\"\" class=\"wp-image-478 size-full\" srcset=\"https:\/\/von-koerber.de\/wp-content\/uploads\/2020\/07\/1947-akefeh-von-koerber-ausstellung-in-schwetzingen-128x150.webp 128w, https:\/\/von-koerber.de\/wp-content\/uploads\/2020\/07\/1947-akefeh-von-koerber-ausstellung-in-schwetzingen-256x300.webp 256w, https:\/\/von-koerber.de\/wp-content\/uploads\/2020\/07\/1947-akefeh-von-koerber-ausstellung-in-schwetzingen.webp 674w\" sizes=\"auto, (max-width: 128px) 100vw, 128px\" \/><\/a><\/figure><div class=\"wp-block-media-text__content\">\n<p class=\"has-medium-font-size wp-block-paragraph\">Premi\u00e8re exposition en 1947. Un \u00e9chantillon de miniatures au Ch\u00e2teau de Schwetzingen.<\/p>\n<\/div><\/div>\n<\/div>\n<\/div>\n\n\n\n<div class=\"wp-block-columns is-layout-flex wp-container-core-columns-is-layout-8f761849 wp-block-columns-is-layout-flex\">\n<div class=\"wp-block-column is-layout-flow wp-block-column-is-layout-flow\" style=\"flex-basis:100%\">\n<div class=\"wp-block-media-text alignwide is-stacked-on-mobile\" style=\"grid-template-columns:15% auto\"><figure class=\"wp-block-media-text__media\"><a href=\"https:\/\/von-koerber.de\/wp-content\/uploads\/2020\/07\/1952-akefeh-von-koerber-wahlheimat-deutschland.webp\" target=\"_blank\" rel=\"noopener noreferrer\"><img loading=\"lazy\" decoding=\"async\" width=\"109\" height=\"150\" src=\"https:\/\/von-koerber.de\/wp-content\/uploads\/2020\/07\/1952-akefeh-von-koerber-wahlheimat-deutschland-109x150.webp\" alt=\"\" class=\"wp-image-480 size-full\" srcset=\"https:\/\/von-koerber.de\/wp-content\/uploads\/2020\/07\/1952-akefeh-von-koerber-wahlheimat-deutschland-109x150.webp 109w, https:\/\/von-koerber.de\/wp-content\/uploads\/2020\/07\/1952-akefeh-von-koerber-wahlheimat-deutschland-217x300.webp 217w, https:\/\/von-koerber.de\/wp-content\/uploads\/2020\/07\/1952-akefeh-von-koerber-wahlheimat-deutschland.webp 720w\" sizes=\"auto, (max-width: 109px) 100vw, 109px\" \/><\/a><\/figure><div class=\"wp-block-media-text__content\">\n<p class=\"has-medium-font-size wp-block-paragraph\">&#8220;L&#8217;Allemagne, pays d&#8217;accueil \u00e9lectif&#8221;. Tel un fut le descriptif dans un article de journal du d\u00e9but des ann\u00e9es cinquante \u00e9manant de son mari Heribert von Koerber. Une partie n&#8217;est pas sans se plier aux us journalistiques. Ainsi, la destination finale du voyage en Europe \u00e9tait \u00e0 l&#8217;origine Paris. Berlin n&#8217;\u00e9tait qu&#8217;une escale. D&#8217;autres d\u00e9tails d\u00e9crits dans l&#8217;article ne correspondent pas tout \u00e0 fait non plus aux faits.<\/p>\n<\/div><\/div>\n<\/div>\n<\/div>\n\n\n\n<div class=\"wp-block-columns is-layout-flex wp-container-core-columns-is-layout-8f761849 wp-block-columns-is-layout-flex\">\n<div class=\"wp-block-column is-layout-flow wp-block-column-is-layout-flow\" style=\"flex-basis:100%\">\n<div class=\"wp-block-media-text alignwide is-stacked-on-mobile\" style=\"grid-template-columns:15% auto\"><figure class=\"wp-block-media-text__media\"><a href=\"https:\/\/von-koerber.de\/wp-content\/uploads\/2020\/07\/1956-das-magazin-die-sieger-im-wettrennen.webp\" target=\"_blank\" rel=\"noopener noreferrer\"><img loading=\"lazy\" decoding=\"async\" width=\"150\" height=\"109\" src=\"https:\/\/von-koerber.de\/wp-content\/uploads\/2020\/07\/1956-das-magazin-die-sieger-im-wettrennen-150x109.webp\" alt=\"\" class=\"wp-image-472 size-full\" srcset=\"https:\/\/von-koerber.de\/wp-content\/uploads\/2020\/07\/1956-das-magazin-die-sieger-im-wettrennen-150x109.webp 150w, https:\/\/von-koerber.de\/wp-content\/uploads\/2020\/07\/1956-das-magazin-die-sieger-im-wettrennen-300x218.webp 300w, https:\/\/von-koerber.de\/wp-content\/uploads\/2020\/07\/1956-das-magazin-die-sieger-im-wettrennen-768x559.webp 768w, https:\/\/von-koerber.de\/wp-content\/uploads\/2020\/07\/1956-das-magazin-die-sieger-im-wettrennen.webp 990w\" sizes=\"auto, (max-width: 150px) 100vw, 150px\" \/><\/a><\/figure><div class=\"wp-block-media-text__content\">\n<p class=\"has-medium-font-size wp-block-paragraph\">En 1956, trois contes de f\u00e9es persans sont publi\u00e9s dans le magazine culturel renomm\u00e9 de la RDA &#8220;Das Magazin&#8221;. Ils ont \u00e9t\u00e9 \u00e9crits par Akefeh. Et ils sont ilustr\u00e9s de ses propres miniatures.<\/p>\n\n\n\n<p class=\"has-medium-font-size wp-block-paragraph\">Ici : Les gagnants de la course \u00e0 cheval, que vous trouverez sur ce site web sous <a href=\"https:\/\/von-koerber.de\/fr\/persische-marchen\/siawosch-und-homa\/\" data-type=\"URL\" data-id=\"https:\/\/von-koerber.de\/fr\/persische-marchen\/siawosch-und-homa\/\">&#8220;Siawosch et Homa&#8221;<\/a>.<\/p>\n<\/div><\/div>\n<\/div>\n<\/div>\n\n\n\n<div class=\"wp-block-columns is-layout-flex wp-container-core-columns-is-layout-8f761849 wp-block-columns-is-layout-flex\">\n<div class=\"wp-block-column is-layout-flow wp-block-column-is-layout-flow\" style=\"flex-basis:100%\">\n<div class=\"wp-block-media-text alignwide is-stacked-on-mobile\" style=\"grid-template-columns:15% auto\"><figure class=\"wp-block-media-text__media\"><a href=\"https:\/\/von-koerber.de\/wp-content\/uploads\/2020\/07\/1956-das-magazin-die-abenteuer-des-frommen-ali.webp\" target=\"_blank\" rel=\"noopener noreferrer\"><img loading=\"lazy\" decoding=\"async\" width=\"150\" height=\"109\" src=\"https:\/\/von-koerber.de\/wp-content\/uploads\/2020\/07\/1956-das-magazin-die-abenteuer-des-frommen-ali-150x109.webp\" alt=\"\" class=\"wp-image-471 size-full\" srcset=\"https:\/\/von-koerber.de\/wp-content\/uploads\/2020\/07\/1956-das-magazin-die-abenteuer-des-frommen-ali-150x109.webp 150w, https:\/\/von-koerber.de\/wp-content\/uploads\/2020\/07\/1956-das-magazin-die-abenteuer-des-frommen-ali-300x218.webp 300w, https:\/\/von-koerber.de\/wp-content\/uploads\/2020\/07\/1956-das-magazin-die-abenteuer-des-frommen-ali-768x559.webp 768w, https:\/\/von-koerber.de\/wp-content\/uploads\/2020\/07\/1956-das-magazin-die-abenteuer-des-frommen-ali.webp 990w\" sizes=\"auto, (max-width: 150px) 100vw, 150px\" \/><\/a><\/figure><div class=\"wp-block-media-text__content\">\n<p class=\"has-medium-font-size wp-block-paragraph\">&#8220;Les aventures du Pieux Ali&#8221; (Das Magazin, 1956).<\/p>\n<\/div><\/div>\n<\/div>\n<\/div>\n\n\n\n<div class=\"wp-block-columns is-layout-flex wp-container-core-columns-is-layout-8f761849 wp-block-columns-is-layout-flex\">\n<div class=\"wp-block-column is-layout-flow wp-block-column-is-layout-flow\" style=\"flex-basis:100%\">\n<div class=\"wp-block-media-text alignwide is-stacked-on-mobile\" style=\"grid-template-columns:15% auto\"><figure class=\"wp-block-media-text__media\"><a href=\"https:\/\/von-koerber.de\/wp-content\/uploads\/2020\/07\/1956-das-magazin-schirin-im-zaubergarten.webp\" target=\"_blank\" rel=\"noopener noreferrer\"><img loading=\"lazy\" decoding=\"async\" width=\"150\" height=\"109\" src=\"https:\/\/von-koerber.de\/wp-content\/uploads\/2020\/07\/1956-das-magazin-schirin-im-zaubergarten-150x109.webp\" alt=\"\" class=\"wp-image-470 size-full\" srcset=\"https:\/\/von-koerber.de\/wp-content\/uploads\/2020\/07\/1956-das-magazin-schirin-im-zaubergarten-150x109.webp 150w, https:\/\/von-koerber.de\/wp-content\/uploads\/2020\/07\/1956-das-magazin-schirin-im-zaubergarten-300x218.webp 300w, https:\/\/von-koerber.de\/wp-content\/uploads\/2020\/07\/1956-das-magazin-schirin-im-zaubergarten-768x559.webp 768w, https:\/\/von-koerber.de\/wp-content\/uploads\/2020\/07\/1956-das-magazin-schirin-im-zaubergarten.webp 990w\" sizes=\"auto, (max-width: 150px) 100vw, 150px\" \/><\/a><\/figure><div class=\"wp-block-media-text__content\">\n<p class=\"has-medium-font-size wp-block-paragraph\">&#8220;Schirin dans le jardin magique&#8221; (Das Magazin, 1956).<\/p>\n<\/div><\/div>\n<\/div>\n<\/div>\n\n\n\n<div class=\"wp-block-columns is-layout-flex wp-container-core-columns-is-layout-8f761849 wp-block-columns-is-layout-flex\">\n<div class=\"wp-block-column is-layout-flow wp-block-column-is-layout-flow\" style=\"flex-basis:100%\">\n<div class=\"wp-block-media-text alignwide is-stacked-on-mobile\" style=\"grid-template-columns:15% auto\"><figure class=\"wp-block-media-text__media\"><a href=\"https:\/\/von-koerber.de\/wp-content\/uploads\/2020\/07\/1957-akefeh-von-koerber-katholische-zeitung.webp\" target=\"_blank\" rel=\"noopener noreferrer\"><img loading=\"lazy\" decoding=\"async\" width=\"117\" height=\"150\" src=\"https:\/\/von-koerber.de\/wp-content\/uploads\/2020\/07\/1957-akefeh-von-koerber-katholische-zeitung-117x150.webp\" alt=\"\" class=\"wp-image-475 size-full\" srcset=\"https:\/\/von-koerber.de\/wp-content\/uploads\/2020\/07\/1957-akefeh-von-koerber-katholische-zeitung-117x150.webp 117w, https:\/\/von-koerber.de\/wp-content\/uploads\/2020\/07\/1957-akefeh-von-koerber-katholische-zeitung-234x300.webp 234w, https:\/\/von-koerber.de\/wp-content\/uploads\/2020\/07\/1957-akefeh-von-koerber-katholische-zeitung.webp 717w\" sizes=\"auto, (max-width: 117px) 100vw, 117px\" \/><\/a><\/figure><div class=\"wp-block-media-text__content\">\n<p class=\"has-medium-font-size wp-block-paragraph\">&#8220;L&#8217;art traditionnel persan en Europe&#8221;. Dans le &#8220;Katholische Zeitung&#8221; du 2 juin 1957, le journaliste Bachmann parle de l&#8217;\u0153uvre d&#8217;Akefeh von Koerber. Lorsque ce journaliste se r\u00e9f\u00e8re au clich\u00e9 \u00e0 c\u00f4t\u00e9 du texte, il invente le titre nouveau &#8220;Deux s\u0153urs&#8221;, en affirmant qu&#8217;il s&#8217;agit de deux s\u0153urs iraniennes aveugles. Par contre, le clich\u00e9 montre de toute \u00e9vidence deux s\u0153urs religieuses. Il s&#8217;agit d&#8217;une  adaptation journalistique due \u00e0 l&#8217;esprit du temps. En 1957 c&#8217;\u00e9tait quasiment un tabou de parler en public des horreurs de la Seconde Guerre mondiale. En r\u00e9alit\u00e9, A. v. K. avait dessin\u00e9 deux s\u0153urs religieuses d\u00e9sesp\u00e9r\u00e9es dans un abri  de d\u00e9fense passive \u00e0 Leipzig lors d&#8217;un raid de bombardement. Elle l&#8217;avait signal\u00e9 \u00e0 M. Bachmann.<\/p>\n<\/div><\/div>\n<\/div>\n<\/div>\n\n\n\n<div class=\"wp-block-columns is-layout-flex wp-container-core-columns-is-layout-8f761849 wp-block-columns-is-layout-flex\">\n<div class=\"wp-block-column is-layout-flow wp-block-column-is-layout-flow\" style=\"flex-basis:100%\">\n<div class=\"wp-block-media-text alignwide is-stacked-on-mobile\" style=\"grid-template-columns:15% auto\"><figure class=\"wp-block-media-text__media\"><a href=\"https:\/\/von-koerber.de\/wp-content\/uploads\/1963-01-13-koelnische-rundschau.webp\" target=\"_blank\" rel=\"noopener noreferrer\"><img loading=\"lazy\" decoding=\"async\" width=\"720\" height=\"1015\" src=\"https:\/\/von-koerber.de\/wp-content\/uploads\/1963-01-13-koelnische-rundschau.webp\" alt=\"\" class=\"wp-image-4019 size-full\" srcset=\"https:\/\/von-koerber.de\/wp-content\/uploads\/1963-01-13-koelnische-rundschau.webp 720w, https:\/\/von-koerber.de\/wp-content\/uploads\/1963-01-13-koelnische-rundschau-213x300.webp 213w, https:\/\/von-koerber.de\/wp-content\/uploads\/1963-01-13-koelnische-rundschau-106x150.webp 106w\" sizes=\"auto, (max-width: 720px) 100vw, 720px\" \/><\/a><\/figure><div class=\"wp-block-media-text__content\">\n<p class=\"has-medium-font-size wp-block-paragraph\">&#8220;Miniatures persanes peintes \u00e0 Cologne&#8221;. Cet article est paru dans la &#8220;K\u00f6lnische Rundschau&#8221; le 13 janvier 1963, lors d&#8217;une  exposition du GEDOK. Akefeh von Koerber y participait avec un \u00e9chantillon de ses \u0153uvres.<\/p>\n<\/div><\/div>\n<\/div>\n<\/div>\n\n\n\n<div class=\"wp-block-columns is-layout-flex wp-container-core-columns-is-layout-8f761849 wp-block-columns-is-layout-flex\">\n<div class=\"wp-block-column is-layout-flow wp-block-column-is-layout-flow\" style=\"flex-basis:100%\">\n<div class=\"wp-block-media-text alignwide is-stacked-on-mobile\" style=\"grid-template-columns:15% auto\"><figure class=\"wp-block-media-text__media\"><a href=\"https:\/\/von-koerber.de\/wp-content\/uploads\/2020\/07\/1981-akefeh-von-koerber-zeitungsartikel-koelner-stadtanzeiger.webp\" target=\"_blank\" rel=\"noopener noreferrer\"><img loading=\"lazy\" decoding=\"async\" width=\"590\" height=\"1024\" src=\"https:\/\/von-koerber.de\/wp-content\/uploads\/2020\/07\/1981-akefeh-von-koerber-zeitungsartikel-koelner-stadtanzeiger-590x1024.webp\" alt=\"\" class=\"wp-image-474 size-full\" srcset=\"https:\/\/von-koerber.de\/wp-content\/uploads\/2020\/07\/1981-akefeh-von-koerber-zeitungsartikel-koelner-stadtanzeiger-590x1024.webp 590w, https:\/\/von-koerber.de\/wp-content\/uploads\/2020\/07\/1981-akefeh-von-koerber-zeitungsartikel-koelner-stadtanzeiger-173x300.webp 173w, https:\/\/von-koerber.de\/wp-content\/uploads\/2020\/07\/1981-akefeh-von-koerber-zeitungsartikel-koelner-stadtanzeiger-86x150.webp 86w, https:\/\/von-koerber.de\/wp-content\/uploads\/2020\/07\/1981-akefeh-von-koerber-zeitungsartikel-koelner-stadtanzeiger.webp 715w\" sizes=\"auto, (max-width: 590px) 100vw, 590px\" \/><\/a><\/figure><div class=\"wp-block-media-text__content\">\n<p class=\"has-medium-font-size wp-block-paragraph\">&#8220;Le monde d\u00e9licat des aquarelles orientales&#8221;. Article du &#8220;K\u00f6lner Stadt-Anzeiger&#8221; du 12 mai 1981 \u00e0 l&#8217;occasion d&#8217;une exposition de miniatures d&#8217;Akefeh von Koerber au &#8220;City-Treff&#8221;, aujourd&#8217;hui &#8220;SK Stiftung Kultur&#8221;.<\/p>\n<\/div><\/div>\n<\/div>\n<\/div>\n\n\n\n<div class=\"wp-block-columns is-layout-flex wp-container-core-columns-is-layout-8f761849 wp-block-columns-is-layout-flex\">\n<div class=\"wp-block-column is-layout-flow wp-block-column-is-layout-flow\" style=\"flex-basis:100%\">\n<div class=\"wp-block-media-text alignwide is-stacked-on-mobile\" style=\"grid-template-columns:15% auto\"><figure class=\"wp-block-media-text__media\"><a href=\"https:\/\/von-koerber.de\/wp-content\/uploads\/2020\/07\/1981-akefeh-von-koerber-persische-kuenstlerin-stellt-iranische-maerchenwelt-vor.webp\" target=\"_blank\" rel=\"noopener noreferrer\"><img loading=\"lazy\" decoding=\"async\" width=\"121\" height=\"150\" src=\"https:\/\/von-koerber.de\/wp-content\/uploads\/2020\/07\/1981-akefeh-von-koerber-persische-kuenstlerin-stellt-iranische-maerchenwelt-vor-121x150.webp\" alt=\"\" class=\"wp-image-481 size-full\" srcset=\"https:\/\/von-koerber.de\/wp-content\/uploads\/2020\/07\/1981-akefeh-von-koerber-persische-kuenstlerin-stellt-iranische-maerchenwelt-vor-121x150.webp 121w, https:\/\/von-koerber.de\/wp-content\/uploads\/2020\/07\/1981-akefeh-von-koerber-persische-kuenstlerin-stellt-iranische-maerchenwelt-vor-242x300.webp 242w, https:\/\/von-koerber.de\/wp-content\/uploads\/2020\/07\/1981-akefeh-von-koerber-persische-kuenstlerin-stellt-iranische-maerchenwelt-vor.webp 720w\" sizes=\"auto, (max-width: 121px) 100vw, 121px\" \/><\/a><\/figure><div class=\"wp-block-media-text__content\">\n<p class=\"has-medium-font-size wp-block-paragraph\">&#8220;Une artiste persane pr\u00e9sente le monde des contes de f\u00e9es iraniens&#8221;. &#8220;K\u00f6lner Wochenspiegel&#8221; du 29 avril 1981 \u00e0 l&#8217;occasion de l&#8217;exposition au &#8220;City-Treff&#8221;.<\/p>\n<\/div><\/div>\n<\/div>\n<\/div>\n\n\n\n<div class=\"wp-block-columns is-layout-flex wp-container-core-columns-is-layout-8f761849 wp-block-columns-is-layout-flex\">\n<div class=\"wp-block-column is-layout-flow wp-block-column-is-layout-flow\" style=\"flex-basis:100%\">\n<div class=\"wp-block-media-text alignwide is-stacked-on-mobile\" style=\"grid-template-columns:15% auto\"><figure class=\"wp-block-media-text__media\"><a href=\"https:\/\/von-koerber.de\/wp-content\/uploads\/2020\/07\/1989-akefeh-von-koerber-ausstellung-kulturzentrum-rhiannon.webp\" target=\"_blank\" rel=\"noopener noreferrer\"><img loading=\"lazy\" decoding=\"async\" width=\"717\" height=\"1024\" src=\"https:\/\/von-koerber.de\/wp-content\/uploads\/2020\/07\/1989-akefeh-von-koerber-ausstellung-kulturzentrum-rhiannon-717x1024.webp\" alt=\"\" class=\"wp-image-476 size-full\" srcset=\"https:\/\/von-koerber.de\/wp-content\/uploads\/2020\/07\/1989-akefeh-von-koerber-ausstellung-kulturzentrum-rhiannon-717x1024.webp 717w, https:\/\/von-koerber.de\/wp-content\/uploads\/2020\/07\/1989-akefeh-von-koerber-ausstellung-kulturzentrum-rhiannon-210x300.webp 210w, https:\/\/von-koerber.de\/wp-content\/uploads\/2020\/07\/1989-akefeh-von-koerber-ausstellung-kulturzentrum-rhiannon-105x150.webp 105w, https:\/\/von-koerber.de\/wp-content\/uploads\/2020\/07\/1989-akefeh-von-koerber-ausstellung-kulturzentrum-rhiannon.webp 720w\" sizes=\"auto, (max-width: 717px) 100vw, 717px\" \/><\/a><\/figure><div class=\"wp-block-media-text__content\">\n<p class=\"has-medium-font-size wp-block-paragraph\">3 mars &#8211; 4 avril 1989 : Exposition de dessins au fusain \u00e0 la librairie f\u00e9minine Rhiannon et au centre culturel f\u00e9minin de Cologne. Le Rhiannon a \u00e9t\u00e9 l&#8217;une des premi\u00e8res librairies pour femmes en Allemagne et la premi\u00e8re \u00e0 Cologne. A cette \u00e9poque, les hommes n&#8217;\u00e9taient pas encore autoris\u00e9s \u00e0 y entrer.<\/p>\n<\/div><\/div>\n<\/div>\n<\/div>\n\n\n\n<div class=\"wp-block-columns is-layout-flex wp-container-core-columns-is-layout-8f761849 wp-block-columns-is-layout-flex\">\n<div class=\"wp-block-column is-layout-flow wp-block-column-is-layout-flow\" style=\"flex-basis:100%\">\n<div class=\"wp-block-media-text alignwide is-stacked-on-mobile\" style=\"grid-template-columns:15% auto\"><figure class=\"wp-block-media-text__media\"><a href=\"https:\/\/von-koerber.de\/wp-content\/uploads\/2020\/07\/1990-akefeh-von-koerber-ankuendigung-ausstellung-juventud-rebelde.webp\" target=\"_blank\" rel=\"noopener noreferrer\"><img loading=\"lazy\" decoding=\"async\" width=\"108\" height=\"150\" src=\"https:\/\/von-koerber.de\/wp-content\/uploads\/2020\/07\/1990-akefeh-von-koerber-ankuendigung-ausstellung-juventud-rebelde-108x150.webp\" alt=\"\" class=\"wp-image-473 size-full\" srcset=\"https:\/\/von-koerber.de\/wp-content\/uploads\/2020\/07\/1990-akefeh-von-koerber-ankuendigung-ausstellung-juventud-rebelde-108x150.webp 108w, https:\/\/von-koerber.de\/wp-content\/uploads\/2020\/07\/1990-akefeh-von-koerber-ankuendigung-ausstellung-juventud-rebelde-217x300.webp 217w, https:\/\/von-koerber.de\/wp-content\/uploads\/2020\/07\/1990-akefeh-von-koerber-ankuendigung-ausstellung-juventud-rebelde.webp 720w\" sizes=\"auto, (max-width: 108px) 100vw, 108px\" \/><\/a><\/figure><div class=\"wp-block-media-text__content\">\n<p class=\"has-medium-font-size wp-block-paragraph\">Au centre de la vieille ville coloniale de La Havane, \u00e0 Cuba, se trouve l&#8217;ancien Palais du Gouverneur de La Havane (aujourd&#8217;hui mus\u00e9e et bureau de l&#8217;historien de la ville). \u00c0 droite se trouve le palais de son repr\u00e9sentant (aujourd&#8217;hui si\u00e8ge de l&#8217;Institut cubain du livre avec ses salles d&#8217;exposition).<\/p>\n\n\n\n<p class=\"has-medium-font-size wp-block-paragraph\">En avril 1990, une exposition des \u0153uvres d&#8217;Akefeh von Koerber y a \u00e9t\u00e9 organis\u00e9e.<\/p>\n\n\n\n<p class=\"has-medium-font-size wp-block-paragraph\">&#8220;Juventud rebelde&#8221;, journal dans lequel l&#8217;exposition a \u00e9t\u00e9 annonc\u00e9e le 12 avril 1990, est le deuxi\u00e8me plus grand quotidien de Cuba.<\/p>\n<\/div><\/div>\n<\/div>\n<\/div>\n\n\n\n<div class=\"wp-block-columns is-layout-flex wp-container-core-columns-is-layout-8f761849 wp-block-columns-is-layout-flex\">\n<div class=\"wp-block-column is-layout-flow wp-block-column-is-layout-flow\" style=\"flex-basis:100%\">\n<div class=\"wp-block-media-text alignwide is-stacked-on-mobile\" style=\"grid-template-columns:15% auto\"><figure class=\"wp-block-media-text__media\"><a href=\"https:\/\/von-koerber.de\/wp-content\/uploads\/2020\/07\/1990-akefeh-von-koerber-ausstellung-in-havanna-kuba.webp\" target=\"_blank\" rel=\"noopener noreferrer\"><img loading=\"lazy\" decoding=\"async\" width=\"150\" height=\"123\" src=\"https:\/\/von-koerber.de\/wp-content\/uploads\/2020\/07\/1990-akefeh-von-koerber-ausstellung-in-havanna-kuba-150x123.webp\" alt=\"\" class=\"wp-image-479 size-full\" srcset=\"https:\/\/von-koerber.de\/wp-content\/uploads\/2020\/07\/1990-akefeh-von-koerber-ausstellung-in-havanna-kuba-150x123.webp 150w, https:\/\/von-koerber.de\/wp-content\/uploads\/2020\/07\/1990-akefeh-von-koerber-ausstellung-in-havanna-kuba-300x245.webp 300w, https:\/\/von-koerber.de\/wp-content\/uploads\/2020\/07\/1990-akefeh-von-koerber-ausstellung-in-havanna-kuba-768x628.webp 768w, https:\/\/von-koerber.de\/wp-content\/uploads\/2020\/07\/1990-akefeh-von-koerber-ausstellung-in-havanna-kuba.webp 880w\" sizes=\"auto, (max-width: 150px) 100vw, 150px\" \/><\/a><\/figure><div class=\"wp-block-media-text__content\">\n<p class=\"has-medium-font-size wp-block-paragraph\">Annonce de l&#8217;exposition \u00e0 La Havane dans le journal syndical cubain &#8220;Trabajadores&#8221; le 14 avril 1990.<\/p>\n<\/div><\/div>\n<\/div>\n<\/div>\n\n\n\n<div class=\"wp-block-columns is-layout-flex wp-container-core-columns-is-layout-8f761849 wp-block-columns-is-layout-flex\">\n<div class=\"wp-block-column is-layout-flow wp-block-column-is-layout-flow\" style=\"flex-basis:100%\">\n<div class=\"wp-block-media-text alignwide is-stacked-on-mobile\" style=\"grid-template-columns:15% auto\"><figure class=\"wp-block-media-text__media\"><a href=\"https:\/\/von-koerber.de\/wp-content\/uploads\/2020\/07\/1990-cartelera-ausstellung-ankuendigung-akefeh-von-koerber.webp\" target=\"_blank\" rel=\"noopener noreferrer\"><img loading=\"lazy\" decoding=\"async\" width=\"1024\" height=\"467\" src=\"https:\/\/von-koerber.de\/wp-content\/uploads\/2020\/07\/1990-cartelera-ausstellung-ankuendigung-akefeh-von-koerber-1024x467.webp\" alt=\"\" class=\"wp-image-468 size-full\" srcset=\"https:\/\/von-koerber.de\/wp-content\/uploads\/2020\/07\/1990-cartelera-ausstellung-ankuendigung-akefeh-von-koerber-1024x467.webp 1024w, https:\/\/von-koerber.de\/wp-content\/uploads\/2020\/07\/1990-cartelera-ausstellung-ankuendigung-akefeh-von-koerber-300x137.webp 300w, https:\/\/von-koerber.de\/wp-content\/uploads\/2020\/07\/1990-cartelera-ausstellung-ankuendigung-akefeh-von-koerber-150x68.webp 150w, https:\/\/von-koerber.de\/wp-content\/uploads\/2020\/07\/1990-cartelera-ausstellung-ankuendigung-akefeh-von-koerber-768x351.webp 768w, https:\/\/von-koerber.de\/wp-content\/uploads\/2020\/07\/1990-cartelera-ausstellung-ankuendigung-akefeh-von-koerber.webp 1080w\" sizes=\"auto, (max-width: 1024px) 100vw, 1024px\" \/><\/a><\/figure><div class=\"wp-block-media-text__content\">\n<p class=\"has-medium-font-size wp-block-paragraph\">Dans la &#8220;Cartelera&#8221;, journal du programme culturel de la Havane, l&#8217;exposition est mentionn\u00e9e du 12 au 18 avril 1990.<\/p>\n<\/div><\/div>\n<\/div>\n<\/div>\n\n\n\n<div class=\"wp-block-columns is-layout-flex wp-container-core-columns-is-layout-8f761849 wp-block-columns-is-layout-flex\">\n<div class=\"wp-block-column is-layout-flow wp-block-column-is-layout-flow\" style=\"flex-basis:100%\">\n<div class=\"wp-block-media-text alignwide is-stacked-on-mobile\" style=\"grid-template-columns:15% auto\"><figure class=\"wp-block-media-text__media\"><a href=\"https:\/\/von-koerber.de\/wp-content\/uploads\/2020\/07\/1990-havanna-ausstellung-akefeh-von-koerber.webp\" target=\"_blank\" rel=\"noopener noreferrer\"><img loading=\"lazy\" decoding=\"async\" width=\"1024\" height=\"668\" src=\"https:\/\/von-koerber.de\/wp-content\/uploads\/2020\/07\/1990-havanna-ausstellung-akefeh-von-koerber-1024x668.webp\" alt=\"\" class=\"wp-image-1297 size-full\" srcset=\"https:\/\/von-koerber.de\/wp-content\/uploads\/2020\/07\/1990-havanna-ausstellung-akefeh-von-koerber-1024x668.webp 1024w, https:\/\/von-koerber.de\/wp-content\/uploads\/2020\/07\/1990-havanna-ausstellung-akefeh-von-koerber-300x196.webp 300w, https:\/\/von-koerber.de\/wp-content\/uploads\/2020\/07\/1990-havanna-ausstellung-akefeh-von-koerber-150x98.webp 150w, https:\/\/von-koerber.de\/wp-content\/uploads\/2020\/07\/1990-havanna-ausstellung-akefeh-von-koerber-768x501.webp 768w, https:\/\/von-koerber.de\/wp-content\/uploads\/2020\/07\/1990-havanna-ausstellung-akefeh-von-koerber.webp 1104w\" sizes=\"auto, (max-width: 1024px) 100vw, 1024px\" \/><\/a><\/figure><div class=\"wp-block-media-text__content\">\n<p class=\"has-medium-font-size wp-block-paragraph\">Photo de la mise en place de l&#8217;exposition de 1990 \u00e0 La Havane.<\/p>\n<\/div><\/div>\n<\/div>\n<\/div>\n","protected":false},"excerpt":{"rendered":"<p>Premi\u00e8re exposition en 1947. Un \u00e9chantillon de miniatures au Ch\u00e2teau de Schwetzingen. &#8220;L&#8217;Allemagne, pays d&#8217;accueil \u00e9lectif&#8221;. Tel un fut le descriptif dans un article de journal du d\u00e9but des ann\u00e9es cinquante \u00e9manant de son mari Heribert von Koerber. Une partie <span class=\"excerpt-dots\">&hellip;<\/span> <a class=\"more-link\" href=\"https:\/\/von-koerber.de\/fr\/documentacion\/\"><span class=\"more-msg\">Lire la suite &rarr;<\/span><\/a><\/p>\n","protected":false},"author":1,"featured_media":470,"parent":0,"menu_order":0,"comment_status":"closed","ping_status":"closed","template":"","meta":{"_crdt_document":"","footnotes":""},"folder":[],"class_list":["post-485","page","type-page","status-publish","has-post-thumbnail","hentry"],"translation":{"provider":"WPGlobus","version":"3.0.2","language":"fr","enabled_languages":["de","es","en","fr"],"languages":{"de":{"title":true,"content":true,"excerpt":false},"es":{"title":true,"content":true,"excerpt":false},"en":{"title":true,"content":true,"excerpt":false},"fr":{"title":true,"content":true,"excerpt":false}}},"_links":{"self":[{"href":"https:\/\/von-koerber.de\/fr\/wp-json\/wp\/v2\/pages\/485","targetHints":{"allow":["GET"]}}],"collection":[{"href":"https:\/\/von-koerber.de\/fr\/wp-json\/wp\/v2\/pages"}],"about":[{"href":"https:\/\/von-koerber.de\/fr\/wp-json\/wp\/v2\/types\/page"}],"author":[{"embeddable":true,"href":"https:\/\/von-koerber.de\/fr\/wp-json\/wp\/v2\/users\/1"}],"replies":[{"embeddable":true,"href":"https:\/\/von-koerber.de\/fr\/wp-json\/wp\/v2\/comments?post=485"}],"version-history":[{"count":0,"href":"https:\/\/von-koerber.de\/fr\/wp-json\/wp\/v2\/pages\/485\/revisions"}],"wp:featuredmedia":[{"embeddable":true,"href":"https:\/\/von-koerber.de\/fr\/wp-json\/wp\/v2\/media\/470"}],"wp:attachment":[{"href":"https:\/\/von-koerber.de\/fr\/wp-json\/wp\/v2\/media?parent=485"}],"wp:term":[{"taxonomy":"folder","embeddable":true,"href":"https:\/\/von-koerber.de\/fr\/wp-json\/wp\/v2\/folder?post=485"}],"curies":[{"name":"wp","href":"https:\/\/api.w.org\/{rel}","templated":true}]}}