{"id":81,"date":"2012-07-14T16:41:01","date_gmt":"2012-07-14T14:41:01","guid":{"rendered":"http:\/\/273013.webhosting78.1blu.de\/akefeh\/?page_id=81"},"modified":"2021-07-17T20:31:12","modified_gmt":"2021-07-17T18:31:12","slug":"schirin-im-zaubergarten","status":"publish","type":"page","link":"https:\/\/von-koerber.de\/fr\/contes-de-fees-persans\/schirin-dans-le-jardin-magique\/","title":{"rendered":"Schirin dans le jardin magique"},"content":{"rendered":"\n<div class=\"wp-block-media-text alignwide is-stacked-on-mobile is-vertically-aligned-top\" style=\"grid-template-columns:39% auto\"><figure class=\"wp-block-media-text__media\"><a href=\"https:\/\/von-koerber.de\/wp-content\/uploads\/2020\/07\/m001-persische-miniatur-schirin-im-zaubergarten-i.webp\" target=\"_blank\" rel=\"noopener noreferrer\"><img loading=\"lazy\" decoding=\"async\" width=\"720\" height=\"940\" src=\"https:\/\/von-koerber.de\/wp-content\/uploads\/2020\/07\/m001-persische-miniatur-schirin-im-zaubergarten-i.webp\" alt=\"Schirin dans le jardin magique I\" class=\"wp-image-575 size-full\" srcset=\"https:\/\/von-koerber.de\/wp-content\/uploads\/2020\/07\/m001-persische-miniatur-schirin-im-zaubergarten-i.webp 720w, https:\/\/von-koerber.de\/wp-content\/uploads\/2020\/07\/m001-persische-miniatur-schirin-im-zaubergarten-i-230x300.webp 230w, https:\/\/von-koerber.de\/wp-content\/uploads\/2020\/07\/m001-persische-miniatur-schirin-im-zaubergarten-i-115x150.webp 115w\" sizes=\"auto, (max-width: 720px) 100vw, 720px\" \/><\/a><\/figure><div class=\"wp-block-media-text__content\">\n<p class=\"has-medium-font-size wp-block-paragraph\">Au bord d&#8217;un ruisseau aux eaux limpides et plus transparentes encore que les larmes d&#8217;une jeune fille amoureuse \u00e0 l&#8217;instant de sa supr\u00eame joie, sur une pierre \u00e0 se lamenter, se tenait Schirin. Le cypr\u00e8s vert fonc\u00e9 tendait la t\u00eate vers le ciel. &#8220;Oh, toi, pierre r\u00e9demptrice&#8221;, dit-elle en sanglotant, &#8220;toi qui as lib\u00e9r\u00e9 tant de pauvres filles de la maladie d&#8217;amour et de la mis\u00e8re, \u00e9coute mon histoire aujourd&#8217;hui. Personne ne nous \u00e9coute, et le ruisseau est le t\u00e9moin le plus fid\u00e8le de ma souffrance : C&#8217;\u00e9tait une fois, au 13\u00e8me jour du printemps, tous les habitants du pays quittaient leur maison pour passer la journ\u00e9e dehors, comme le veut la vieille coutume, \u00e0 cueillir des herbes parfum\u00e9es. J&#8217;ai cherch\u00e9 toute seule l&#8217;herbe de l&#8217;amour Krakuti. Nulle part je ne l&#8217;ai trouv\u00e9e.<\/p>\n\n\n\n<p class=\"has-medium-font-size wp-block-paragraph\">Epuis\u00e9e presque \u00e0 en mourir,  j&#8217;ai alors entendu au loin une chanson magique qui se m\u00ealait au murmure du ruisseau. Enfin, j&#8217;ai pouvais humecter mes mains chaudes avec cette eau cristalline. Quand je me suis lav\u00e9e, j&#8217;ai per\u00e7u \u00e0 c\u00f4t\u00e9 de mon propre reflet le visage d&#8217;un beau jeune homme. Ses yeux avaient l&#8217;air infiniment tristes. Comme j&#8217;\u00e9tais seule, je n&#8217;ai pas os\u00e9 me retourner. Ah, si seulement je l&#8217;avais fait \u00e0 cet instant, peut-\u00eatre l&#8217;aurais-je aper\u00e7u avant qu&#8217;il ne disparaisse derri\u00e8re le cypr\u00e8s.<\/p>\n\n\n\n<p class=\"has-medium-font-size wp-block-paragraph\">Ainsi je n&#8217;ai jou\u00e9 que de son reflet. D&#8217;innombrables fois le mouvement de l&#8217;eau a chang\u00e9 d&#8217;expression. Ses yeux aimants me regardaient \u00e0 travers l&#8217;eau, avec et constance et tristesse. Si seulement j&#8217;avais os\u00e9 regarder autour de moi, je me serais \u00e9pargn\u00e9e cette souffrance. Il est maintenant trop tard pour regretter mon h\u00e9sitation&#8221;.<\/p>\n\n\n\n<p class=\"has-medium-font-size wp-block-paragraph\">Schirin a pleur\u00e9 et a attendu la r\u00e9ponse de la pierre.<\/p>\n<\/div><\/div>\n\n\n\n<div class=\"wp-block-media-text alignwide has-media-on-the-right is-stacked-on-mobile\"><figure class=\"wp-block-media-text__media\"><a href=\"https:\/\/von-koerber.de\/wp-content\/uploads\/2020\/07\/m013-schirin-u-khossrow.webp\" target=\"_blank\" rel=\"noopener noreferrer\"><img loading=\"lazy\" decoding=\"async\" width=\"1024\" height=\"666\" src=\"https:\/\/von-koerber.de\/wp-content\/uploads\/2020\/07\/m013-schirin-u-khossrow-1024x666.webp\" alt=\"Shirin et Khossrov, miniature persane et illustration d'un conte de f\u00e9es persan\" class=\"wp-image-581 size-full\" srcset=\"https:\/\/von-koerber.de\/wp-content\/uploads\/2020\/07\/m013-schirin-u-khossrow-1024x666.webp 1024w, https:\/\/von-koerber.de\/wp-content\/uploads\/2020\/07\/m013-schirin-u-khossrow-300x195.webp 300w, https:\/\/von-koerber.de\/wp-content\/uploads\/2020\/07\/m013-schirin-u-khossrow-768x500.webp 768w, https:\/\/von-koerber.de\/wp-content\/uploads\/2020\/07\/m013-schirin-u-khossrow.webp 1107w\" sizes=\"auto, (max-width: 1024px) 100vw, 1024px\" \/><\/a><\/figure><div class=\"wp-block-media-text__content\">\n<p class=\"has-medium-font-size wp-block-paragraph\">Soudain, tout est devenu tr\u00e8s calme, l&#8217;eau du ruisseau s&#8217;est arr\u00eat\u00e9e. Une voix profonde a cri\u00e9 sur la pierre : &#8220;Shirin, tu seras lib\u00e9r\u00e9e de ton chagrin. L&#8217;homme que tu as vu dans l&#8217;eau \u00e0 ce moment est le prince Khossrow, qui part \u00e0 la chasse chaque ann\u00e9e le 15\u00e8me jour du printemps et attend ici, pr\u00e8s de ce ruisseau, une fille qui porte ton nom et dont il a vu le visage dans le ruisseau. Viens demain, au 13\u00e8me jour du printemps, ainsi ton destin sera accompli&#8221;.<\/p>\n\n\n\n<p class=\"wp-block-paragraph\">Akefeh Monchi-Zadeh<\/p>\n\n\n\n<p class=\"wp-block-paragraph\">Le conte de f\u00e9es &#8220;Schirin dans le jardin magique&#8221; est paru en 1956 dans le magazine culturel de la RDA \u201cDas Magazin\u201d.<\/p>\n<\/div><\/div>\n","protected":false},"excerpt":{"rendered":"<p>Au bord d&#8217;un ruisseau aux eaux limpides et plus transparentes encore que les larmes d&#8217;une jeune fille amoureuse \u00e0 l&#8217;instant de sa supr\u00eame joie, sur une pierre \u00e0 se lamenter, se tenait Schirin. Le cypr\u00e8s vert fonc\u00e9 tendait la t\u00eate <span class=\"excerpt-dots\">&hellip;<\/span> <a class=\"more-link\" href=\"https:\/\/von-koerber.de\/fr\/contes-de-fees-persans\/schirin-dans-le-jardin-magique\/\"><span class=\"more-msg\">Lire la suite &rarr;<\/span><\/a><\/p>\n","protected":false},"author":1,"featured_media":575,"parent":357,"menu_order":0,"comment_status":"closed","ping_status":"open","template":"","meta":{"_crdt_document":"","footnotes":""},"folder":[],"class_list":["post-81","page","type-page","status-publish","has-post-thumbnail","hentry"],"translation":{"provider":"WPGlobus","version":"3.0.2","language":"fr","enabled_languages":["de","es","en","fr"],"languages":{"de":{"title":true,"content":true,"excerpt":false},"es":{"title":true,"content":true,"excerpt":false},"en":{"title":true,"content":true,"excerpt":false},"fr":{"title":true,"content":true,"excerpt":false}}},"_links":{"self":[{"href":"https:\/\/von-koerber.de\/fr\/wp-json\/wp\/v2\/pages\/81","targetHints":{"allow":["GET"]}}],"collection":[{"href":"https:\/\/von-koerber.de\/fr\/wp-json\/wp\/v2\/pages"}],"about":[{"href":"https:\/\/von-koerber.de\/fr\/wp-json\/wp\/v2\/types\/page"}],"author":[{"embeddable":true,"href":"https:\/\/von-koerber.de\/fr\/wp-json\/wp\/v2\/users\/1"}],"replies":[{"embeddable":true,"href":"https:\/\/von-koerber.de\/fr\/wp-json\/wp\/v2\/comments?post=81"}],"version-history":[{"count":0,"href":"https:\/\/von-koerber.de\/fr\/wp-json\/wp\/v2\/pages\/81\/revisions"}],"up":[{"embeddable":true,"href":"https:\/\/von-koerber.de\/fr\/wp-json\/wp\/v2\/pages\/357"}],"wp:featuredmedia":[{"embeddable":true,"href":"https:\/\/von-koerber.de\/fr\/wp-json\/wp\/v2\/media\/575"}],"wp:attachment":[{"href":"https:\/\/von-koerber.de\/fr\/wp-json\/wp\/v2\/media?parent=81"}],"wp:term":[{"taxonomy":"folder","embeddable":true,"href":"https:\/\/von-koerber.de\/fr\/wp-json\/wp\/v2\/folder?post=81"}],"curies":[{"name":"wp","href":"https:\/\/api.w.org\/{rel}","templated":true}]}}